{"id":2999,"date":"2020-10-17T12:56:42","date_gmt":"2020-10-17T10:56:42","guid":{"rendered":"https:\/\/bavarian-bondage.tivendo.com\/produkt\/import-placeholder-for-570\/"},"modified":"2025-08-05T22:52:35","modified_gmt":"2025-08-05T20:52:35","slug":"laederpaddel","status":"publish","type":"product","link":"https:\/\/bavarian-bondage.de\/sv\/produkt\/lederpaddel\/","title":{"rendered":"L\u00e4derpaddel"},"content":{"rendered":"<h3 style=\"text-align: center\">L\u00e4derpaddel<\/h3>\n<p style=\"text-align: center\">En mycket klassisk l\u00e4derpaddel med svart tr\u00e4handtag som ligger bekv\u00e4mt i handen och en b\u00e4rrem. L\u00e4dret i sig \u00e4r inte f\u00f6r tjockt, behagligt mjukt och smidigt.  Med en total l\u00e4ngd p\u00e5 46cm och en bredd p\u00e5 9cm \u00e4r den stor nog f\u00f6r b\u00e4sta m\u00f6jliga resultat.<\/p>\n<p>&nbsp;<\/p>\n<p><strong>Detaljer:<\/strong><\/p>\n<p>Material: \u00e4kta l\u00e4der, tr\u00e4<br \/>\nF\u00e4rg: Svart<br \/>\nTotal l\u00e4ngd: 46 cm<br \/>\nHandtagsl\u00e4ngd: 24cm<br \/>\nBredd: 9 cm<\/p>\n<p>&nbsp;<\/p>\n<p><strong>Leveransens omfattning:<\/strong> 1 l\u00e4derpaddel<\/p>\n<p>&nbsp;<\/p>\n<hr \/>\n<blockquote>\n<p style=\"text-align: center\"><span style=\"color: #333399\">\u00a0Informationen om produkterna tillhandah\u00e5lls efter b\u00e4sta kunskap och \u00f6vertygelse. Alla m\u00e5tt \u00e4r ungef\u00e4rliga. Anv\u00e4ndningen av produkterna som erbjuds h\u00e4r i butiken sker p\u00e5 egen risk. Varje person reagerar olika p\u00e5 yttre p\u00e5verkan, p\u00e5 njutning eller sm\u00e4rta, etc. D\u00e4rf\u00f6r kan inget ansvar accepteras f\u00f6r felaktig anv\u00e4ndning.  Varje anv\u00e4ndare b\u00e4r det fulla ansvaret f\u00f6r anv\u00e4ndning eller korrekt anv\u00e4ndning av produkterna och dess of\u00f6rutsebara konsekvenser.<\/span><\/p>\n<\/blockquote>","protected":false},"excerpt":{"rendered":"<p>Leveranstid: 5-7 dagar*<\/p>","protected":false},"featured_media":8636,"template":"","meta":[],"product_brand":[],"product_cat":[224,252],"product_tag":[254,314,315],"class_list":{"0":"post-2999","1":"product","2":"type-product","3":"status-publish","4":"has-post-thumbnail","6":"product_cat-lustschmerz","7":"product_cat-peitschen-gerten","8":"product_tag-echtleder","9":"product_tag-holzgriff","10":"product_tag-lederpaddel","12":"first","13":"instock","14":"taxable","15":"shipping-taxable","16":"purchasable","17":"product-type-simple"},"_links":{"self":[{"href":"https:\/\/bavarian-bondage.de\/sv\/wp-json\/wp\/v2\/product\/2999","targetHints":{"allow":["GET"]}}],"collection":[{"href":"https:\/\/bavarian-bondage.de\/sv\/wp-json\/wp\/v2\/product"}],"about":[{"href":"https:\/\/bavarian-bondage.de\/sv\/wp-json\/wp\/v2\/types\/product"}],"version-history":[{"count":3,"href":"https:\/\/bavarian-bondage.de\/sv\/wp-json\/wp\/v2\/product\/2999\/revisions"}],"predecessor-version":[{"id":13975,"href":"https:\/\/bavarian-bondage.de\/sv\/wp-json\/wp\/v2\/product\/2999\/revisions\/13975"}],"wp:featuredmedia":[{"embeddable":true,"href":"https:\/\/bavarian-bondage.de\/sv\/wp-json\/wp\/v2\/media\/8636"}],"wp:attachment":[{"href":"https:\/\/bavarian-bondage.de\/sv\/wp-json\/wp\/v2\/media?parent=2999"}],"wp:term":[{"taxonomy":"product_brand","embeddable":true,"href":"https:\/\/bavarian-bondage.de\/sv\/wp-json\/wp\/v2\/product_brand?post=2999"},{"taxonomy":"product_cat","embeddable":true,"href":"https:\/\/bavarian-bondage.de\/sv\/wp-json\/wp\/v2\/product_cat?post=2999"},{"taxonomy":"product_tag","embeddable":true,"href":"https:\/\/bavarian-bondage.de\/sv\/wp-json\/wp\/v2\/product_tag?post=2999"}],"curies":[{"name":"wp","href":"https:\/\/api.w.org\/{rel}","templated":true}]}}