{"id":3000,"date":"2020-10-17T12:58:42","date_gmt":"2020-10-17T10:58:42","guid":{"rendered":"https:\/\/bavarian-bondage.tivendo.com\/produkt\/import-placeholder-for-575\/"},"modified":"2025-11-16T02:03:50","modified_gmt":"2025-11-16T01:03:50","slug":"laederpiska-lila","status":"publish","type":"product","link":"https:\/\/bavarian-bondage.de\/sv\/produkt\/lederpeitsche-lila\/","title":{"rendered":"L\u00e4derpiska lila"},"content":{"rendered":"<h3 style=\"text-align: center\">L\u00e4derpiska lila<\/h3>\n<p style=\"text-align: center\">Denna lilla och mycket eleganta piska best\u00e5r av ett l\u00e4derkl\u00e4dd tr\u00e4handtag, en b\u00e4rrem och 40 mycket mjuka l\u00e4derremsor. Den lilla piskan \u00e4r idealisk f\u00f6r allt fr\u00e5n milda smekningar till starka bestraffningar.<\/p>\n<p style=\"text-align: center\">Liten, vackert utformad mockapiska.<\/p>\n<p><strong>Detaljer:<\/strong><\/p>\n<p>Material: l\u00e4der, tr\u00e4handtag<br \/>\nF\u00e4rg: Lila\/svart<br \/>\nL\u00e4ngd: 44 cm<br \/>\nHandtagsl\u00e4ngd: 16cm<br \/>\nBredd: 35 mm<\/p>\n<p>&nbsp;<\/p>\n<p><strong>Leveransens omfattning:<\/strong> 1 l\u00e4derpiska lila<\/p>\n<p>&nbsp;<\/p>\n<hr \/>\n<blockquote>\n<p style=\"text-align: center\"><span style=\"color: #333399\">Informationen om produkterna tillhandah\u00e5lls efter b\u00e4sta kunskap och \u00f6vertygelse. Alla m\u00e5tt \u00e4r ungef\u00e4rliga. Anv\u00e4ndningen av produkterna som erbjuds h\u00e4r i butiken sker p\u00e5 egen risk. Varje person reagerar olika p\u00e5 yttre p\u00e5verkan, p\u00e5 njutning eller sm\u00e4rta, etc. D\u00e4rf\u00f6r kan inget ansvar accepteras f\u00f6r felaktig anv\u00e4ndning.  Varje anv\u00e4ndare b\u00e4r det fulla ansvaret f\u00f6r anv\u00e4ndning eller korrekt anv\u00e4ndning av produkterna och dess of\u00f6rutsebara konsekvenser.<\/span><\/p>\n<\/blockquote>","protected":false},"excerpt":{"rendered":"<p>Leveranstid: 5-7 dagar*<\/p>","protected":false},"featured_media":8653,"template":"","meta":[],"product_brand":[],"product_cat":[224,252],"product_tag":[307,316],"class_list":{"0":"post-3000","1":"product","2":"type-product","3":"status-publish","4":"has-post-thumbnail","6":"product_cat-lustschmerz","7":"product_cat-peitschen-gerten","8":"product_tag-peitsche","9":"product_tag-wildleder","11":"first","12":"instock","13":"taxable","14":"shipping-taxable","15":"purchasable","16":"product-type-simple"},"_links":{"self":[{"href":"https:\/\/bavarian-bondage.de\/sv\/wp-json\/wp\/v2\/product\/3000","targetHints":{"allow":["GET"]}}],"collection":[{"href":"https:\/\/bavarian-bondage.de\/sv\/wp-json\/wp\/v2\/product"}],"about":[{"href":"https:\/\/bavarian-bondage.de\/sv\/wp-json\/wp\/v2\/types\/product"}],"version-history":[{"count":4,"href":"https:\/\/bavarian-bondage.de\/sv\/wp-json\/wp\/v2\/product\/3000\/revisions"}],"predecessor-version":[{"id":13970,"href":"https:\/\/bavarian-bondage.de\/sv\/wp-json\/wp\/v2\/product\/3000\/revisions\/13970"}],"wp:featuredmedia":[{"embeddable":true,"href":"https:\/\/bavarian-bondage.de\/sv\/wp-json\/wp\/v2\/media\/8653"}],"wp:attachment":[{"href":"https:\/\/bavarian-bondage.de\/sv\/wp-json\/wp\/v2\/media?parent=3000"}],"wp:term":[{"taxonomy":"product_brand","embeddable":true,"href":"https:\/\/bavarian-bondage.de\/sv\/wp-json\/wp\/v2\/product_brand?post=3000"},{"taxonomy":"product_cat","embeddable":true,"href":"https:\/\/bavarian-bondage.de\/sv\/wp-json\/wp\/v2\/product_cat?post=3000"},{"taxonomy":"product_tag","embeddable":true,"href":"https:\/\/bavarian-bondage.de\/sv\/wp-json\/wp\/v2\/product_tag?post=3000"}],"curies":[{"name":"wp","href":"https:\/\/api.w.org\/{rel}","templated":true}]}}