{"id":3005,"date":"2020-10-17T12:56:54","date_gmt":"2020-10-17T10:56:54","guid":{"rendered":"https:\/\/bavarian-bondage.tivendo.com\/produkt\/import-placeholder-for-605\/"},"modified":"2026-04-23T19:18:23","modified_gmt":"2026-04-23T17:18:23","slug":"repvardskraem-100ml","status":"publish","type":"product","link":"https:\/\/bavarian-bondage.de\/sv\/produkt\/rope-care-cream-100ml\/","title":{"rendered":"Rope Care Cream 100ml"},"content":{"rendered":"<h3 style=\"text-align: center\">Rope Care Cream<\/h3>\n<p style=\"text-align: center\">(egen produktion)<\/p>\n<p style=\"text-align: center\">Som namnet antyder har Rope Care Cream en relativt rej\u00e4l konsistens och masseras in i repet j\u00e4mf\u00f6rt med olja. En m\u00e4ngd i hasseln\u00f6tsstorlek brukar r\u00e4cka till ett \u00e5tta meter l\u00e5ngt rep.<\/p>\n<p style=\"text-align: center\">Den naturliga repv\u00e5rden 100% \u00e4r l\u00e4mplig f\u00f6r b\u00e5de hampa och jute.<\/p>\n<p style=\"text-align: center\">Efter anv\u00e4ndning ska repen torka i n\u00e5gra dagar.<\/p>\n<p style=\"text-align: center\">Du kan f\u00e5 tips om repv\u00e5rd och anv\u00e4ndning <a href=\"https:\/\/bavarian-bondage.de\/sv\/skoetseltips-foer-repen\/\">h\u00e4r.<\/a><\/p>\n<p style=\"text-align: center\"><span style=\"color: #ff0000\">Inte en kosmetisk sak<\/span><\/p>\n<p style=\"text-align: center\"><span style=\"color: #ff0000\">Ej l\u00e4mplig f\u00f6r konsumtion<\/span><\/p>\n<p><strong>Sammans\u00e4ttning:<\/strong><\/p>\n<p>Bivax<br \/>\nJojobaolja<\/p>\n<p>&nbsp;<\/p>\n<p><strong>Leveransens omfattning:<\/strong> 100 ml Rope Care Cream<\/p>\n<p>&nbsp;<\/p>\n<hr \/>\n<blockquote>\n<p style=\"text-align: center\"><span style=\"color: #333399\">Informationen om produkterna tillhandah\u00e5lls efter b\u00e4sta kunskap och \u00f6vertygelse. Alla m\u00e5tt \u00e4r ungef\u00e4rliga. Anv\u00e4ndningen av produkterna som erbjuds h\u00e4r i butiken sker p\u00e5 egen risk. Varje person reagerar olika p\u00e5 yttre p\u00e5verkan, p\u00e5 njutning eller sm\u00e4rta, etc. D\u00e4rf\u00f6r kan inget ansvar accepteras f\u00f6r felaktig anv\u00e4ndning.  Varje anv\u00e4ndare b\u00e4r det fulla ansvaret f\u00f6r anv\u00e4ndning eller korrekt anv\u00e4ndning av produkterna och dess of\u00f6rutsebara konsekvenser.<\/span><\/p>\n<\/blockquote>\n<p>&nbsp;<\/p>","protected":false},"excerpt":{"rendered":"<p>Grundpreis: 139,00 \u20ac\/l<\/p>\n<p>Leveranstid: 5-7 dagar*<\/p>","protected":false},"featured_media":8548,"template":"","meta":[],"product_brand":[],"product_cat":[322],"product_tag":[323,324],"class_list":{"0":"post-3005","1":"product","2":"type-product","3":"status-publish","4":"has-post-thumbnail","6":"product_cat-seilpflege","7":"product_tag-rope-wachs","8":"product_tag-seilpflege","10":"first","11":"instock","12":"taxable","13":"shipping-taxable","14":"purchasable","15":"product-type-simple"},"_links":{"self":[{"href":"https:\/\/bavarian-bondage.de\/sv\/wp-json\/wp\/v2\/product\/3005","targetHints":{"allow":["GET"]}}],"collection":[{"href":"https:\/\/bavarian-bondage.de\/sv\/wp-json\/wp\/v2\/product"}],"about":[{"href":"https:\/\/bavarian-bondage.de\/sv\/wp-json\/wp\/v2\/types\/product"}],"version-history":[{"count":5,"href":"https:\/\/bavarian-bondage.de\/sv\/wp-json\/wp\/v2\/product\/3005\/revisions"}],"predecessor-version":[{"id":17151,"href":"https:\/\/bavarian-bondage.de\/sv\/wp-json\/wp\/v2\/product\/3005\/revisions\/17151"}],"wp:featuredmedia":[{"embeddable":true,"href":"https:\/\/bavarian-bondage.de\/sv\/wp-json\/wp\/v2\/media\/8548"}],"wp:attachment":[{"href":"https:\/\/bavarian-bondage.de\/sv\/wp-json\/wp\/v2\/media?parent=3005"}],"wp:term":[{"taxonomy":"product_brand","embeddable":true,"href":"https:\/\/bavarian-bondage.de\/sv\/wp-json\/wp\/v2\/product_brand?post=3005"},{"taxonomy":"product_cat","embeddable":true,"href":"https:\/\/bavarian-bondage.de\/sv\/wp-json\/wp\/v2\/product_cat?post=3005"},{"taxonomy":"product_tag","embeddable":true,"href":"https:\/\/bavarian-bondage.de\/sv\/wp-json\/wp\/v2\/product_tag?post=3005"}],"curies":[{"name":"wp","href":"https:\/\/api.w.org\/{rel}","templated":true}]}}