{"id":3012,"date":"2020-10-17T12:56:54","date_gmt":"2020-10-17T10:56:54","guid":{"rendered":"https:\/\/bavarian-bondage.tivendo.com\/produkt\/import-placeholder-for-619\/"},"modified":"2026-04-11T14:27:10","modified_gmt":"2026-04-11T12:27:10","slug":"rep-gag","status":"publish","type":"product","link":"https:\/\/bavarian-bondage.de\/sv\/produkt\/seilknebel\/","title":{"rendered":"Rep gag"},"content":{"rendered":"<h3 style=\"text-align: center\">Rep gag<\/h3>\n<p style=\"text-align: center\">Repgaggen \u00e4r ett sp\u00e4nnande alternativ till traditionella gags och kompletterar perfekt det \u00f6vergripande utseendet p\u00e5 elegant bondage. Huvudkroppen \u00e4r tillverkad av bj\u00f6rktr\u00e4 och h\u00f6ljet \u00e4r tillverkat av 4 mm hamparep. Repgaggen inkluderar ocks\u00e5 ett cirka 3 meter l\u00e5ngt naturf\u00e4rgat reservrep. Tack vare huvudkroppens design kan repet enkelt tas bort f\u00f6r tv\u00e4tt eller byte, vilket s\u00e4kerst\u00e4ller varaktig hygien. Repgaggen finns i tre f\u00e4rger.<\/p>\n<p>&nbsp;<\/p>\n<p style=\"text-align: left\"><strong>Detalj:<\/strong><\/p>\n<p>Material: bj\u00f6rktr\u00e4, hamparep<br \/>\nM\u00e5tt: L 150mm, B 25mm<br \/>\nTotal l\u00e4ngd: ca 750 mm<br \/>\nReservrep: 4 mm naturligt hamparep, ca 3 m<\/p>\n<p>&nbsp;<\/p>\n<p><strong>Valfri leveransomfattning:\u00a0 <\/strong>1 repbygel plus reservrep eller reservrep individuellt<\/p>\n<p>&nbsp;<\/p>\n<hr \/>\n<blockquote>\n<p style=\"text-align: center\"><span style=\"color: #333399\">Informationen om produkterna tillhandah\u00e5lls efter b\u00e4sta kunskap och \u00f6vertygelse. Alla m\u00e5tt \u00e4r ungef\u00e4rliga. Anv\u00e4ndningen av produkterna som erbjuds h\u00e4r i butiken sker p\u00e5 egen risk. Varje person reagerar olika p\u00e5 yttre p\u00e5verkan, p\u00e5 njutning eller sm\u00e4rta, etc. D\u00e4rf\u00f6r kan inget ansvar accepteras f\u00f6r felaktig anv\u00e4ndning.  Varje anv\u00e4ndare b\u00e4r det fulla ansvaret f\u00f6r anv\u00e4ndning eller korrekt anv\u00e4ndning av produkterna och dess of\u00f6rutsebara konsekvenser.<\/span><\/p>\n<\/blockquote>","protected":false},"excerpt":{"rendered":"<p>Leveranstid: 5-7 dagar*<\/p>","protected":false},"featured_media":8883,"template":"","meta":[],"product_brand":[],"product_cat":[229],"product_tag":[227,260,325,326],"class_list":{"0":"post-3012","1":"product","2":"type-product","3":"status-publish","4":"has-post-thumbnail","6":"product_cat-knebel","7":"product_tag-bondage","8":"product_tag-hanfseil","9":"product_tag-ropegag","10":"product_tag-seilknebel","12":"first","13":"instock","14":"taxable","15":"shipping-taxable","16":"purchasable","17":"product-type-variable"},"_links":{"self":[{"href":"https:\/\/bavarian-bondage.de\/sv\/wp-json\/wp\/v2\/product\/3012","targetHints":{"allow":["GET"]}}],"collection":[{"href":"https:\/\/bavarian-bondage.de\/sv\/wp-json\/wp\/v2\/product"}],"about":[{"href":"https:\/\/bavarian-bondage.de\/sv\/wp-json\/wp\/v2\/types\/product"}],"version-history":[{"count":4,"href":"https:\/\/bavarian-bondage.de\/sv\/wp-json\/wp\/v2\/product\/3012\/revisions"}],"predecessor-version":[{"id":16510,"href":"https:\/\/bavarian-bondage.de\/sv\/wp-json\/wp\/v2\/product\/3012\/revisions\/16510"}],"wp:featuredmedia":[{"embeddable":true,"href":"https:\/\/bavarian-bondage.de\/sv\/wp-json\/wp\/v2\/media\/8883"}],"wp:attachment":[{"href":"https:\/\/bavarian-bondage.de\/sv\/wp-json\/wp\/v2\/media?parent=3012"}],"wp:term":[{"taxonomy":"product_brand","embeddable":true,"href":"https:\/\/bavarian-bondage.de\/sv\/wp-json\/wp\/v2\/product_brand?post=3012"},{"taxonomy":"product_cat","embeddable":true,"href":"https:\/\/bavarian-bondage.de\/sv\/wp-json\/wp\/v2\/product_cat?post=3012"},{"taxonomy":"product_tag","embeddable":true,"href":"https:\/\/bavarian-bondage.de\/sv\/wp-json\/wp\/v2\/product_tag?post=3012"}],"curies":[{"name":"wp","href":"https:\/\/api.w.org\/{rel}","templated":true}]}}