{"id":3017,"date":"2020-10-17T12:56:55","date_gmt":"2020-10-17T10:56:55","guid":{"rendered":"https:\/\/bavarian-bondage.tivendo.com\/produkt\/import-placeholder-for-630\/"},"modified":"2026-03-09T23:42:55","modified_gmt":"2026-03-09T22:42:55","slug":"repvardsolja-apelsin-100ml","status":"publish","type":"product","link":"https:\/\/bavarian-bondage.de\/sv\/produkt\/seilpflegeoel-orange-100ml\/","title":{"rendered":"Repv\u00e5rdsolja apelsin 100ml"},"content":{"rendered":"<h3 style=\"text-align: center\">Repv\u00e5rdsolja orange<\/h3>\n<p style=\"text-align: center\">(Egen produktion)<\/p>\n<p style=\"text-align: center\">En samordnad oljeblandning f\u00f6r efterbehandling av bondage-rep! Med fruktig doft av apelsiner!<\/p>\n<p style=\"text-align: center\">Du kan f\u00e5 tips om repv\u00e5rd och anv\u00e4ndning <a href=\"https:\/\/bavarian-bondage.de\/sv\/skoetseltips-foer-repen\/\">h\u00e4r.<\/a><\/p>\n<p>&nbsp;<\/p>\n<p style=\"text-align: center\"><span style=\"color: #ff0000\">Inte en kosmetisk sak.<\/span><\/p>\n<p style=\"text-align: center\"><span style=\"color: #ff0000\">Ej l\u00e4mplig f\u00f6r konsumtion.<\/span><\/p>\n<p><strong>Sammans\u00e4ttning:<\/strong><\/p>\n<p>Jojobaolja<br \/>\nKameliaolja<br \/>\nBivax<br \/>\n100% naturlig eterisk apelsinolja<\/p>\n<p>&nbsp;<\/p>\n<p><strong>Leveransens omfattning:<\/strong> 100ml repv\u00e5rdsolja orange<\/p>\n<p>&nbsp;<\/p>\n<hr \/>\n<p style=\"text-align: center\"><span style=\"color: #333399\">Informationen om produkterna tillhandah\u00e5lls efter b\u00e4sta kunskap och \u00f6vertygelse. Alla m\u00e5tt \u00e4r ungef\u00e4rliga. Anv\u00e4ndningen av produkterna som erbjuds h\u00e4r i butiken sker p\u00e5 egen risk. Varje person reagerar olika p\u00e5 yttre p\u00e5verkan, p\u00e5 njutning eller sm\u00e4rta, etc. D\u00e4rf\u00f6r kan inget ansvar accepteras f\u00f6r felaktig anv\u00e4ndning.  Varje anv\u00e4ndare b\u00e4r det fulla ansvaret f\u00f6r anv\u00e4ndning eller korrekt anv\u00e4ndning av produkterna och dess of\u00f6rutsebara konsekvenser.<\/span><\/p>","protected":false},"excerpt":{"rendered":"<p>Grundpris: 95,00 \u20ac\/l<\/p>\n<p>Leveranstid: 5-7 dagar*<\/p>","protected":false},"featured_media":8546,"template":"","meta":[],"product_brand":[],"product_cat":[322],"product_tag":[],"class_list":{"0":"post-3017","1":"product","2":"type-product","3":"status-publish","4":"has-post-thumbnail","6":"product_cat-seilpflege","8":"first","9":"instock","10":"taxable","11":"shipping-taxable","12":"purchasable","13":"product-type-simple"},"_links":{"self":[{"href":"https:\/\/bavarian-bondage.de\/sv\/wp-json\/wp\/v2\/product\/3017","targetHints":{"allow":["GET"]}}],"collection":[{"href":"https:\/\/bavarian-bondage.de\/sv\/wp-json\/wp\/v2\/product"}],"about":[{"href":"https:\/\/bavarian-bondage.de\/sv\/wp-json\/wp\/v2\/types\/product"}],"version-history":[{"count":5,"href":"https:\/\/bavarian-bondage.de\/sv\/wp-json\/wp\/v2\/product\/3017\/revisions"}],"predecessor-version":[{"id":13913,"href":"https:\/\/bavarian-bondage.de\/sv\/wp-json\/wp\/v2\/product\/3017\/revisions\/13913"}],"wp:featuredmedia":[{"embeddable":true,"href":"https:\/\/bavarian-bondage.de\/sv\/wp-json\/wp\/v2\/media\/8546"}],"wp:attachment":[{"href":"https:\/\/bavarian-bondage.de\/sv\/wp-json\/wp\/v2\/media?parent=3017"}],"wp:term":[{"taxonomy":"product_brand","embeddable":true,"href":"https:\/\/bavarian-bondage.de\/sv\/wp-json\/wp\/v2\/product_brand?post=3017"},{"taxonomy":"product_cat","embeddable":true,"href":"https:\/\/bavarian-bondage.de\/sv\/wp-json\/wp\/v2\/product_cat?post=3017"},{"taxonomy":"product_tag","embeddable":true,"href":"https:\/\/bavarian-bondage.de\/sv\/wp-json\/wp\/v2\/product_tag?post=3017"}],"curies":[{"name":"wp","href":"https:\/\/api.w.org\/{rel}","templated":true}]}}