{"id":3020,"date":"2020-10-17T13:00:55","date_gmt":"2020-10-17T11:00:55","guid":{"rendered":"https:\/\/bavarian-bondage.tivendo.com\/produkt\/import-placeholder-for-640\/"},"modified":"2026-03-27T09:26:56","modified_gmt":"2026-03-27T08:26:56","slug":"linhampa-rep-naturlig-6mm-klassisk-set-10x8m-och-2x4m","status":"publish","type":"product","link":"https:\/\/bavarian-bondage.de\/sv\/produkt\/leinenhanfseil-natur-6mm-klassik-set-10x8m-und-2x4m\/","title":{"rendered":"Linne hampa rep naturlig 6mm klassisk; Set 10x8m och 2x4m"},"content":{"rendered":"<h3 style=\"text-align: center\">Linhampa rep 6mm CLASSIC!<\/h3>\n<p style=\"text-align: center\">Det stora setet med mycket rep! L\u00e4mplig f\u00f6r omfattande bondage av alla slag!<\/p>\n<p style=\"text-align: center\">Linnehamprepet 6mm classic \u00e4r behagligt mjukt, mycket smidigt och imponerar med sin j\u00e4mna struktur. Den \u00e4r kvistfri, luktfri och f\u00e4ller v\u00e4ldigt lite. Hamprepet tv\u00e4ttades, br\u00f6ts, flammades och sedan oljades in. F\u00e4rgen p\u00e5 repet \u00e4r en naturlig ljusgr\u00e5 ton. \u00c4ndarna avslutades med en enkel \u00f6verhandsknut!<\/p>\n<p style=\"text-align: left\"><strong>Detaljer:<\/strong><\/p>\n<p>Linhampa rep 6mm klassisk<br \/>\n3-axelsvarv<br \/>\nF\u00e4rg: ljusgr\u00e5<br \/>\n\u00d6verhandsknut<br \/>\nL\u00e4ngd: 10x8m \/ 2x4m<br \/>\n(Repl\u00e4ngden kan avvika fr\u00e5n den l\u00e4ngd som anges med upp till 3%)<\/p>\n<p>&nbsp;<\/p>\n<p><span style=\"color: #ff0000\"><strong>Ett meddelande:<\/strong><\/span><\/p>\n<p>Kontrollera linorna regelbundet f\u00f6r slitage och skador!<br \/>\nOm rep sl\u00e5s eller vrids kan de lossna under anv\u00e4ndning!<\/p>\n<p><strong>Leveransens omfattning:\u00a0<\/strong>10x8m \/ 2x4m linnehamprep 6mm CLASSIC<\/p>\n<p>&nbsp;<\/p>\n<blockquote>\n<hr \/>\n<p style=\"text-align: center\"><span style=\"color: #333399\">Informationen om produkterna tillhandah\u00e5lls efter b\u00e4sta kunskap och \u00f6vertygelse. Alla m\u00e5tt \u00e4r ungef\u00e4rliga. Anv\u00e4ndningen av produkterna som erbjuds h\u00e4r i butiken sker p\u00e5 egen risk. Varje person reagerar olika p\u00e5 yttre p\u00e5verkan, p\u00e5 njutning eller sm\u00e4rta, etc. D\u00e4rf\u00f6r kan inget ansvar accepteras f\u00f6r felaktig anv\u00e4ndning.  Varje anv\u00e4ndare b\u00e4r det fulla ansvaret f\u00f6r anv\u00e4ndning eller korrekt anv\u00e4ndning av produkterna och dess of\u00f6rutsebara konsekvenser.<\/span><\/p>\n<\/blockquote>","protected":false},"excerpt":{"rendered":"<p>Grundpris: 1,93 \u20ac\/m\u00b2<\/p>\n<p>Leveranstid: 5-7 dagar*<\/p>","protected":false},"featured_media":9401,"template":"","meta":[],"product_brand":[],"product_cat":[216,217,218],"product_tag":[261,281,289,528,529],"class_list":{"0":"post-3020","1":"product","2":"type-product","3":"status-publish","4":"has-post-thumbnail","6":"product_cat-bondageseile","7":"product_cat-leinenhanfseil","8":"product_cat-leinenhanfseil-natur","9":"product_tag-bondageseil","10":"product_tag-hanfseil-6mm","11":"product_tag-natur","12":"product_tag-leinenhanfseil","13":"product_tag-leinenhanf","15":"first","16":"outofstock","17":"taxable","18":"shipping-taxable","19":"purchasable","20":"product-type-simple"},"_links":{"self":[{"href":"https:\/\/bavarian-bondage.de\/sv\/wp-json\/wp\/v2\/product\/3020","targetHints":{"allow":["GET"]}}],"collection":[{"href":"https:\/\/bavarian-bondage.de\/sv\/wp-json\/wp\/v2\/product"}],"about":[{"href":"https:\/\/bavarian-bondage.de\/sv\/wp-json\/wp\/v2\/types\/product"}],"version-history":[{"count":5,"href":"https:\/\/bavarian-bondage.de\/sv\/wp-json\/wp\/v2\/product\/3020\/revisions"}],"predecessor-version":[{"id":16203,"href":"https:\/\/bavarian-bondage.de\/sv\/wp-json\/wp\/v2\/product\/3020\/revisions\/16203"}],"wp:featuredmedia":[{"embeddable":true,"href":"https:\/\/bavarian-bondage.de\/sv\/wp-json\/wp\/v2\/media\/9401"}],"wp:attachment":[{"href":"https:\/\/bavarian-bondage.de\/sv\/wp-json\/wp\/v2\/media?parent=3020"}],"wp:term":[{"taxonomy":"product_brand","embeddable":true,"href":"https:\/\/bavarian-bondage.de\/sv\/wp-json\/wp\/v2\/product_brand?post=3020"},{"taxonomy":"product_cat","embeddable":true,"href":"https:\/\/bavarian-bondage.de\/sv\/wp-json\/wp\/v2\/product_cat?post=3020"},{"taxonomy":"product_tag","embeddable":true,"href":"https:\/\/bavarian-bondage.de\/sv\/wp-json\/wp\/v2\/product_tag?post=3020"}],"curies":[{"name":"wp","href":"https:\/\/api.w.org\/{rel}","templated":true}]}}