{"id":3026,"date":"2020-10-17T12:58:56","date_gmt":"2020-10-17T10:58:56","guid":{"rendered":"https:\/\/bavarian-bondage.tivendo.com\/produkt\/import-placeholder-for-657\/"},"modified":"2026-04-18T10:40:20","modified_gmt":"2026-04-18T08:40:20","slug":"linnehamparep-naturligt-5mm-exklusivt-set-3x8m","status":"publish","type":"product","link":"https:\/\/bavarian-bondage.de\/sv\/produkt\/leinenhanfseil-natur-5mm-exklusiv-set-3x8m\/","title":{"rendered":"Linhampa rep naturlig 5mm Exklusivt; Set 3x8m"},"content":{"rendered":"<h3 style=\"text-align: center\">Linnehamprep 5mm EXKLUSIVT!<\/h3>\n<p style=\"text-align: center\">Setet till att b\u00f6rja med! Tre rep r\u00e4cker f\u00f6r den f\u00f6rsta bondage. Eller s\u00e5 klart att ut\u00f6ka en befintlig upps\u00e4ttning.<\/p>\n<p style=\"text-align: center\">Linhamparepet 5mm EXCLUSIVE \u00e4r v\u00e4ldigt mjukt och smidigt! Den har behandlats flera g\u00e5nger f\u00f6r att h\u00e5lla b\u00e4sta kvalitet. Repet imponerar med sin runda, j\u00e4mna och kvistl\u00f6sa struktur l\u00e4ngs hela sin l\u00e4ngd. Vidare \u00e4r \u00e4ndarna f\u00f6rsedda med sm\u00e5 skarvknutar. Med sin 5 mm diameter \u00e4r den idealisk f\u00f6r konstn\u00e4rlig bondage.<\/p>\n<p><strong>Detaljer:<\/strong><\/p>\n<p>Linhampa rep 5mm EXKLUSIVT<br \/>\n3-axelsvarv<br \/>\nF\u00e4rg: ljusgr\u00e5<br \/>\nTrisk knut<br \/>\nL\u00e4ngd: 3x8m<br \/>\n(Repl\u00e4ngden kan avvika fr\u00e5n den l\u00e4ngd som anges med upp till 3%)<\/p>\n<p>&nbsp;<\/p>\n<p><span style=\"color: #ff0000\"><strong>Ett meddelande:<\/strong><\/span><\/p>\n<p>Kontrollera linorna regelbundet f\u00f6r slitage och skador!<br \/>\nOm rep sl\u00e5s eller vrids kan de lossna under anv\u00e4ndning!<\/p>\n<p>&nbsp;<\/p>\n<p><strong><span style=\"color: #000000\">Leveransens omfattning:<\/span><\/strong> 3x8m linnehamprep 5mm EXKLUSIVT<\/p>\n<p>&nbsp;<\/p>\n<hr \/>\n<blockquote>\n<p style=\"text-align: center\"><span style=\"color: #333399\">Informationen om produkterna tillhandah\u00e5lls efter b\u00e4sta kunskap och \u00f6vertygelse. Alla m\u00e5tt \u00e4r ungef\u00e4rliga. Anv\u00e4ndningen av produkterna som erbjuds h\u00e4r i butiken sker p\u00e5 egen risk. Varje person reagerar olika p\u00e5 yttre p\u00e5verkan, p\u00e5 njutning eller sm\u00e4rta, etc. D\u00e4rf\u00f6r kan inget ansvar accepteras f\u00f6r felaktig anv\u00e4ndning.  Varje anv\u00e4ndare b\u00e4r det fulla ansvaret f\u00f6r anv\u00e4ndning eller korrekt anv\u00e4ndning av produkterna och dess of\u00f6rutsebara konsekvenser.<\/span><\/p>\n<\/blockquote>","protected":false},"excerpt":{"rendered":"<p>Grundpris: 2,21 \u20ac\/m<\/p>\n<p>Leveranstid: 5-7 dagar*<\/p>","protected":false},"featured_media":9403,"template":"","meta":[],"product_brand":[],"product_cat":[216,217,218],"product_tag":[221,260,261],"class_list":{"0":"post-3026","1":"product","2":"type-product","3":"status-publish","4":"has-post-thumbnail","6":"product_cat-bondageseile","7":"product_cat-leinenhanfseil","8":"product_cat-leinenhanfseil-natur","9":"product_tag-seilset","10":"product_tag-hanfseil","11":"product_tag-bondageseil","13":"first","14":"outofstock","15":"taxable","16":"shipping-taxable","17":"purchasable","18":"product-type-simple"},"_links":{"self":[{"href":"https:\/\/bavarian-bondage.de\/sv\/wp-json\/wp\/v2\/product\/3026","targetHints":{"allow":["GET"]}}],"collection":[{"href":"https:\/\/bavarian-bondage.de\/sv\/wp-json\/wp\/v2\/product"}],"about":[{"href":"https:\/\/bavarian-bondage.de\/sv\/wp-json\/wp\/v2\/types\/product"}],"version-history":[{"count":7,"href":"https:\/\/bavarian-bondage.de\/sv\/wp-json\/wp\/v2\/product\/3026\/revisions"}],"predecessor-version":[{"id":13625,"href":"https:\/\/bavarian-bondage.de\/sv\/wp-json\/wp\/v2\/product\/3026\/revisions\/13625"}],"wp:featuredmedia":[{"embeddable":true,"href":"https:\/\/bavarian-bondage.de\/sv\/wp-json\/wp\/v2\/media\/9403"}],"wp:attachment":[{"href":"https:\/\/bavarian-bondage.de\/sv\/wp-json\/wp\/v2\/media?parent=3026"}],"wp:term":[{"taxonomy":"product_brand","embeddable":true,"href":"https:\/\/bavarian-bondage.de\/sv\/wp-json\/wp\/v2\/product_brand?post=3026"},{"taxonomy":"product_cat","embeddable":true,"href":"https:\/\/bavarian-bondage.de\/sv\/wp-json\/wp\/v2\/product_cat?post=3026"},{"taxonomy":"product_tag","embeddable":true,"href":"https:\/\/bavarian-bondage.de\/sv\/wp-json\/wp\/v2\/product_tag?post=3026"}],"curies":[{"name":"wp","href":"https:\/\/api.w.org\/{rel}","templated":true}]}}