{"id":3036,"date":"2020-10-17T12:57:03","date_gmt":"2020-10-17T10:57:03","guid":{"rendered":"https:\/\/bavarian-bondage.tivendo.com\/produkt\/import-placeholder-for-680\/"},"modified":"2026-03-27T09:24:43","modified_gmt":"2026-03-27T08:24:43","slug":"linnehamparep-naturligt-6mm-exklusivt-set-3x8m","status":"publish","type":"product","link":"https:\/\/bavarian-bondage.de\/sv\/produkt\/leinenhanfseil-natur-6mm-exklusiv-set-3x8m\/","title":{"rendered":"Linnehamparep naturligt 6mm exklusivt; Set 3x8m"},"content":{"rendered":"<h3 style=\"text-align: center\">Linhampa rep 6mm EXKLUSIVT!<\/h3>\n<p style=\"text-align: center\">Tre rep r\u00e4cker till start och de f\u00f6rsta banden!<\/p>\n<p style=\"text-align: center\">Das Leinenhanf-Seil 6mm EXKLUSIV ist sehr weich und geschmeidig! Es wurde mehrmals behandelt, um die beste Qualit\u00e4t zu erhalten. Das Seil besticht durch eine runde, gleichm\u00e4\u00dfige und knotenlose Struktur auf ganzer L\u00e4nge. Des Weiteren werden die Enden mit kleinen Splei\u00dfknoten versehen.<\/p>\n<p><strong>Detaljer:<\/strong><\/p>\n<p>Linhampa rep 6mm EXKLUSIVT<br \/>\n3-axelsvarv<br \/>\nF\u00e4rg: ljusgr\u00e5<br \/>\nTrisk knut<br \/>\nL\u00e4ngd: 3x8m<br \/>\n(Repl\u00e4ngden kan avvika med upp till 3% fr\u00e5n den angivna l\u00e4ngden.)<\/p>\n<p>&nbsp;<\/p>\n<p><span style=\"color: #ff0000\"><strong>Ett meddelande:<\/strong><\/span><\/p>\n<p>Kontrollera linorna regelbundet f\u00f6r slitage och skador!<br \/>\nOm rep sl\u00e5s eller vrids kan de lossna under anv\u00e4ndning!<\/p>\n<p>&nbsp;<\/p>\n<p><strong>Leveransens omfattning:<\/strong> 3x8m linnehamprep 6mm EXKLUSIVT<\/p>\n<p>&nbsp;<\/p>\n<hr \/>\n<blockquote>\n<p style=\"text-align: center\"><span style=\"color: #333399\">\u00a0Informationen om produkterna tillhandah\u00e5lls efter b\u00e4sta kunskap och \u00f6vertygelse. Alla m\u00e5tt \u00e4r ungef\u00e4rliga. Anv\u00e4ndningen av produkterna som erbjuds h\u00e4r i butiken sker p\u00e5 egen risk. Varje person reagerar olika p\u00e5 yttre p\u00e5verkan, p\u00e5 njutning eller sm\u00e4rta, etc. D\u00e4rf\u00f6r kan inget ansvar accepteras f\u00f6r felaktig anv\u00e4ndning.  Varje anv\u00e4ndare b\u00e4r det fulla ansvaret f\u00f6r anv\u00e4ndning eller korrekt anv\u00e4ndning av produkterna och dess of\u00f6rutsebara konsekvenser.<\/span><\/p>\n<\/blockquote>","protected":false},"excerpt":{"rendered":"<p>Grundpris: 2,38 \u20ac\/m<\/p>\n<p>Leveranstid: 5-7 dagar*<\/p>","protected":false},"featured_media":9393,"template":"","meta":[],"product_brand":[],"product_cat":[218,216,217],"product_tag":[221,260,261,284],"class_list":{"0":"post-3036","1":"product","2":"type-product","3":"status-publish","4":"has-post-thumbnail","6":"product_cat-leinenhanfseil-natur","7":"product_cat-bondageseile","8":"product_cat-leinenhanfseil","9":"product_tag-seilset","10":"product_tag-hanfseil","11":"product_tag-bondageseil","12":"product_tag-6mm","14":"first","15":"outofstock","16":"taxable","17":"shipping-taxable","18":"purchasable","19":"product-type-simple"},"_links":{"self":[{"href":"https:\/\/bavarian-bondage.de\/sv\/wp-json\/wp\/v2\/product\/3036","targetHints":{"allow":["GET"]}}],"collection":[{"href":"https:\/\/bavarian-bondage.de\/sv\/wp-json\/wp\/v2\/product"}],"about":[{"href":"https:\/\/bavarian-bondage.de\/sv\/wp-json\/wp\/v2\/types\/product"}],"version-history":[{"count":5,"href":"https:\/\/bavarian-bondage.de\/sv\/wp-json\/wp\/v2\/product\/3036\/revisions"}],"predecessor-version":[{"id":16519,"href":"https:\/\/bavarian-bondage.de\/sv\/wp-json\/wp\/v2\/product\/3036\/revisions\/16519"}],"wp:featuredmedia":[{"embeddable":true,"href":"https:\/\/bavarian-bondage.de\/sv\/wp-json\/wp\/v2\/media\/9393"}],"wp:attachment":[{"href":"https:\/\/bavarian-bondage.de\/sv\/wp-json\/wp\/v2\/media?parent=3036"}],"wp:term":[{"taxonomy":"product_brand","embeddable":true,"href":"https:\/\/bavarian-bondage.de\/sv\/wp-json\/wp\/v2\/product_brand?post=3036"},{"taxonomy":"product_cat","embeddable":true,"href":"https:\/\/bavarian-bondage.de\/sv\/wp-json\/wp\/v2\/product_cat?post=3036"},{"taxonomy":"product_tag","embeddable":true,"href":"https:\/\/bavarian-bondage.de\/sv\/wp-json\/wp\/v2\/product_tag?post=3036"}],"curies":[{"name":"wp","href":"https:\/\/api.w.org\/{rel}","templated":true}]}}