{"id":3040,"date":"2020-10-17T12:58:03","date_gmt":"2020-10-17T10:58:03","guid":{"rendered":"https:\/\/bavarian-bondage.tivendo.com\/produkt\/import-placeholder-for-692\/"},"modified":"2026-01-15T17:30:34","modified_gmt":"2026-01-15T16:30:34","slug":"linnehamprep-rosa-6mm-exklusivt-set-3x8m","status":"publish","type":"product","link":"https:\/\/bavarian-bondage.de\/sv\/produkt\/leinenhanfseil-pink-6mm-exklusiv-set-3x8m\/","title":{"rendered":"Linnehamprep rosa 6mm exklusivt; Set 3x8m"},"content":{"rendered":"<h3 style=\"text-align: center\">Linnehamprep 6mm rosa EXKLUSIVT<\/h3>\n<p style=\"text-align: center\">Tre rep r\u00e4cker till start och de f\u00f6rsta banden!<\/p>\n<p style=\"text-align: center\">Linhamparepet 6mm EXCLUSIVE \u00e4r v\u00e4ldigt mjukt, starkt i f\u00e4rgen och smidigt! Den har behandlats flera g\u00e5nger f\u00f6r att h\u00e5lla b\u00e4sta kvalitet. Repet imponerar med sin runda, j\u00e4mna och kvistfria struktur l\u00e4ngs hela sin l\u00e4ngd. Vidare knyts \u00e4ndarna med sm\u00e5 knutar.<\/p>\n<p>&nbsp;<\/p>\n<p><strong>Detaljer:<\/strong><\/p>\n<p>Linnehamprep 6mm rosa EXKLUSIVT<br \/>\n3-axelsvarv<br \/>\nF\u00e4rg: Rosa<br \/>\nTrisk knut<br \/>\nL\u00e4ngd: 3x8m<br \/>\n(Repl\u00e4ngden kan avvika med upp till 3% fr\u00e5n den angivna l\u00e4ngden.)<\/p>\n<p>&nbsp;<\/p>\n<p><span style=\"color: #ff0000\"><strong>Ett meddelande:<\/strong><\/span><\/p>\n<p>Kontrollera regelbundet repen f\u00f6r slitage och skador! Med vridna eller lagda rep kan det h\u00e4nda att de lossnar under anv\u00e4ndning.<br \/>\nRepen har f\u00e4rgats som en helhet och har inte samma f\u00e4rg \u00e4nda ner till mitten.<\/p>\n<p>&nbsp;<\/p>\n<p><strong>Leveransens omfattning:<\/strong> Repset 3x8m linnehamprep 6mm rosa EXKLUSIVT<\/p>\n<p>&nbsp;<\/p>\n<hr \/>\n<blockquote>\n<p style=\"text-align: center\"><span style=\"color: #333399\">Informationen om produkterna tillhandah\u00e5lls efter b\u00e4sta kunskap och \u00f6vertygelse. Alla m\u00e5tt \u00e4r ungef\u00e4rliga. Anv\u00e4ndningen av produkterna som erbjuds h\u00e4r i butiken sker p\u00e5 egen risk. Varje person reagerar olika p\u00e5 yttre p\u00e5verkan, p\u00e5 njutning eller sm\u00e4rta, etc. D\u00e4rf\u00f6r kan inget ansvar accepteras f\u00f6r felaktig anv\u00e4ndning.  Varje anv\u00e4ndare b\u00e4r det fulla ansvaret f\u00f6r anv\u00e4ndning eller korrekt anv\u00e4ndning av produkterna och dess of\u00f6rutsebara konsekvenser.<\/span><\/p>\n<\/blockquote>","protected":false},"excerpt":{"rendered":"<p>Grundpris: 2,81 \u20ac\/m<\/p>\n<p>Leveranstid: 5-7 dagar*<\/p>","protected":false},"featured_media":10290,"template":"","meta":[],"product_brand":[],"product_cat":[216,217,262,275],"product_tag":[333,531,261,281],"class_list":{"0":"post-3040","1":"product","2":"type-product","3":"status-publish","4":"has-post-thumbnail","6":"product_cat-bondageseile","7":"product_cat-leinenhanfseil","8":"product_cat-leinenhanfseil-farbig","9":"product_cat-pink-edition","10":"product_tag-pink","11":"product_tag-leinenhanfseil-pink","12":"product_tag-bondageseil","13":"product_tag-hanfseil-6mm","15":"first","16":"instock","17":"taxable","18":"shipping-taxable","19":"purchasable","20":"product-type-simple"},"_links":{"self":[{"href":"https:\/\/bavarian-bondage.de\/sv\/wp-json\/wp\/v2\/product\/3040","targetHints":{"allow":["GET"]}}],"collection":[{"href":"https:\/\/bavarian-bondage.de\/sv\/wp-json\/wp\/v2\/product"}],"about":[{"href":"https:\/\/bavarian-bondage.de\/sv\/wp-json\/wp\/v2\/types\/product"}],"version-history":[{"count":5,"href":"https:\/\/bavarian-bondage.de\/sv\/wp-json\/wp\/v2\/product\/3040\/revisions"}],"predecessor-version":[{"id":16500,"href":"https:\/\/bavarian-bondage.de\/sv\/wp-json\/wp\/v2\/product\/3040\/revisions\/16500"}],"wp:featuredmedia":[{"embeddable":true,"href":"https:\/\/bavarian-bondage.de\/sv\/wp-json\/wp\/v2\/media\/10290"}],"wp:attachment":[{"href":"https:\/\/bavarian-bondage.de\/sv\/wp-json\/wp\/v2\/media?parent=3040"}],"wp:term":[{"taxonomy":"product_brand","embeddable":true,"href":"https:\/\/bavarian-bondage.de\/sv\/wp-json\/wp\/v2\/product_brand?post=3040"},{"taxonomy":"product_cat","embeddable":true,"href":"https:\/\/bavarian-bondage.de\/sv\/wp-json\/wp\/v2\/product_cat?post=3040"},{"taxonomy":"product_tag","embeddable":true,"href":"https:\/\/bavarian-bondage.de\/sv\/wp-json\/wp\/v2\/product_tag?post=3040"}],"curies":[{"name":"wp","href":"https:\/\/api.w.org\/{rel}","templated":true}]}}