{"id":3049,"date":"2020-10-17T12:57:04","date_gmt":"2020-10-17T10:57:04","guid":{"rendered":"https:\/\/bavarian-bondage.tivendo.com\/produkt\/import-placeholder-for-716\/"},"modified":"2026-01-04T20:51:14","modified_gmt":"2026-01-04T19:51:14","slug":"linnehamprep-groent-5mm-exklusivt-set-7x8m-och-2x4m","status":"publish","type":"product","link":"https:\/\/bavarian-bondage.de\/sv\/produkt\/leinenhanfseil-gruen-5mm-exklusiv-set-7x8m-und-2x4m\/","title":{"rendered":"Linnehamprep gr\u00f6nt 5mm exklusivt; Set 7x8m och 2x4m"},"content":{"rendered":"<h3 style=\"text-align: center\">Linhampa rep 5mm gr\u00f6n EXKLUSIVT<\/h3>\n<p style=\"text-align: center\">7x8m repset kan beskrivas som en klassiker. Det hela kompletteras med tv\u00e5 korta rep, som erbjuder ett brett utbud av m\u00f6jligheter. Linhamparepet 5mm EXCLUSIVE \u00e4r v\u00e4ldigt mjukt och smidigt! Den har behandlats flera g\u00e5nger f\u00f6r att h\u00e5lla b\u00e4sta kvalitet. Repet imponerar med sin runda, j\u00e4mna och kvistfria struktur l\u00e4ngs hela sin l\u00e4ngd. Vidare knyts \u00e4ndarna med sm\u00e5 knutar. De tunna 5 mm repen \u00e4r idealiska f\u00f6r konstn\u00e4rlig bondage och kombinationer med flera f\u00e4rger.<\/p>\n<p><strong>Detaljer:<\/strong><\/p>\n<p>Linhampa rep 5mm gr\u00f6n EXKLUSIVT<br \/>\n3-axelsvarv<br \/>\nF\u00e4rg: Gr\u00f6n<br \/>\nTrisk knut<br \/>\nL\u00e4ngd: 7x8m \/ 2x4m<br \/>\n(Repl\u00e4ngden kan avvika fr\u00e5n den l\u00e4ngd som anges med upp till 3%)<\/p>\n<p>&nbsp;<\/p>\n<p><span style=\"color: #ff0000\"><strong>Ett meddelande:<\/strong><\/span><\/p>\n<p>Kontrollera linorna regelbundet f\u00f6r slitage och skador! Om rep sl\u00e5s eller vrids kan de lossna under anv\u00e4ndning!<br \/>\nRepen har f\u00e4rgats som en helhet och har inte samma f\u00e4rg \u00e4nda ner till mitten.<\/p>\n<p>&nbsp;<\/p>\n<p><strong>Leveransens omfattning:<\/strong> Repset 7x8m och 2x4m linnehamparep 5mm gr\u00f6nt EXKLUSIVT<\/p>\n<p>&nbsp;<\/p>\n<hr \/>\n<blockquote>\n<p style=\"text-align: center\"><span style=\"color: #333399\">Informationen om produkterna tillhandah\u00e5lls efter b\u00e4sta kunskap och \u00f6vertygelse. Alla m\u00e5tt \u00e4r ungef\u00e4rliga. Anv\u00e4ndningen av produkterna som erbjuds h\u00e4r i butiken sker p\u00e5 egen risk. Varje person reagerar olika p\u00e5 yttre p\u00e5verkan, p\u00e5 njutning eller sm\u00e4rta, etc. D\u00e4rf\u00f6r kan inget ansvar accepteras f\u00f6r felaktig anv\u00e4ndning.  Varje anv\u00e4ndare b\u00e4r det fulla ansvaret f\u00f6r anv\u00e4ndning eller korrekt anv\u00e4ndning av produkterna och dess of\u00f6rutsebara konsekvenser.<\/span><\/p>\n<\/blockquote>","protected":false},"excerpt":{"rendered":"<p>Grundpris: 2,33 \u20ac\/m<\/p>\n<p>Leveranstid: 5-7 dagar*<\/p>","protected":false},"featured_media":9236,"template":"","meta":[],"product_brand":[],"product_cat":[216,217,262,271],"product_tag":[221,273,288,528],"class_list":{"0":"post-3049","1":"product","2":"type-product","3":"status-publish","4":"has-post-thumbnail","6":"product_cat-bondageseile","7":"product_cat-leinenhanfseil","8":"product_cat-leinenhanfseil-farbig","9":"product_cat-green-edition","10":"product_tag-seilset","11":"product_tag-5mm","12":"product_tag-hanfseil-gruen","13":"product_tag-leinenhanfseil","15":"first","16":"instock","17":"taxable","18":"shipping-taxable","19":"purchasable","20":"product-type-simple"},"_links":{"self":[{"href":"https:\/\/bavarian-bondage.de\/sv\/wp-json\/wp\/v2\/product\/3049","targetHints":{"allow":["GET"]}}],"collection":[{"href":"https:\/\/bavarian-bondage.de\/sv\/wp-json\/wp\/v2\/product"}],"about":[{"href":"https:\/\/bavarian-bondage.de\/sv\/wp-json\/wp\/v2\/types\/product"}],"version-history":[{"count":4,"href":"https:\/\/bavarian-bondage.de\/sv\/wp-json\/wp\/v2\/product\/3049\/revisions"}],"predecessor-version":[{"id":13684,"href":"https:\/\/bavarian-bondage.de\/sv\/wp-json\/wp\/v2\/product\/3049\/revisions\/13684"}],"wp:featuredmedia":[{"embeddable":true,"href":"https:\/\/bavarian-bondage.de\/sv\/wp-json\/wp\/v2\/media\/9236"}],"wp:attachment":[{"href":"https:\/\/bavarian-bondage.de\/sv\/wp-json\/wp\/v2\/media?parent=3049"}],"wp:term":[{"taxonomy":"product_brand","embeddable":true,"href":"https:\/\/bavarian-bondage.de\/sv\/wp-json\/wp\/v2\/product_brand?post=3049"},{"taxonomy":"product_cat","embeddable":true,"href":"https:\/\/bavarian-bondage.de\/sv\/wp-json\/wp\/v2\/product_cat?post=3049"},{"taxonomy":"product_tag","embeddable":true,"href":"https:\/\/bavarian-bondage.de\/sv\/wp-json\/wp\/v2\/product_tag?post=3049"}],"curies":[{"name":"wp","href":"https:\/\/api.w.org\/{rel}","templated":true}]}}