{"id":3050,"date":"2020-10-17T12:54:04","date_gmt":"2020-10-17T10:54:04","guid":{"rendered":"https:\/\/bavarian-bondage.tivendo.com\/produkt\/import-placeholder-for-718\/"},"modified":"2026-05-13T19:58:11","modified_gmt":"2026-05-13T17:58:11","slug":"linhampa-rep-naturell-5mm-klassisk-set-7x8m-och-2x4m","status":"publish","type":"product","link":"https:\/\/bavarian-bondage.de\/sv\/produkt\/leinenhanfseil-natur-5mm-klassik-set-7x8m-und-2x4m\/","title":{"rendered":"Linne hampa rep naturlig 5mm klassisk; Set 7x8m och 2x4m"},"content":{"rendered":"<h3 style=\"text-align: center\">Linnehamprep 5mm CLASSIC!<\/h3>\n<p style=\"text-align: center\">Den klassiska upps\u00e4ttningen med 7 rep kompletteras med 2x4m och r\u00e4cker d\u00e4rf\u00f6r till n\u00e4stan alla bondage! De tv\u00e5 korta repen \u00e4r s\u00e4rskilt l\u00e4mpliga f\u00f6r f\u00f6rl\u00e4ngningar d\u00e4r endast en kort bit beh\u00f6vs.<\/p>\n<p style=\"text-align: center\">5 mm Classic hamperep \u00e4r behagligt mjukt, mycket smidigt och imponerar med sin enhetliga struktur. Den \u00e4r kvistfri, luktfri och f\u00e4ller v\u00e4ldigt lite. Det 3-str\u00e4ngade hamprepet tv\u00e4ttades, br\u00f6ts, flammades och sedan oljades in. F\u00e4rgen p\u00e5 repet \u00e4r ganska naturlig i en ljusgr\u00e5 ton. \u00c4ndarna kn\u00f6ts med en enkel \u00f6verhandsknut! Idealisk f\u00f6r konstn\u00e4rlig bondage.<\/p>\n<p><strong>Detaljer:<\/strong><\/p>\n<p>Linhampa rep 5mm CLASSIC<br \/>\n3-axelsvarv<br \/>\nF\u00e4rg: ljusgr\u00e5<br \/>\n\u00d6verhandsknut<br \/>\nL\u00e4ngd: 7x8m \/ 2x4m<br \/>\n(Repl\u00e4ngden kan avvika fr\u00e5n den l\u00e4ngd som anges med upp till 3%)<\/p>\n<p>&nbsp;<\/p>\n<p><span style=\"color: #ff0000\"><strong>Ett meddelande:<\/strong><\/span><\/p>\n<p>Kontrollera linorna regelbundet f\u00f6r slitage och skador!<br \/>\nOm rep sl\u00e5s eller vrids kan de lossna under anv\u00e4ndning!<\/p>\n<p>&nbsp;<\/p>\n<p><strong>Leveransens omfattning:<\/strong> 7x8m \/ 2x4m linnehamprep 5mm CLASSIC<\/p>\n<p>&nbsp;<\/p>\n<hr \/>\n<blockquote>\n<p style=\"text-align: center\"><span style=\"color: #333399\">\u00a0Informationen om produkterna tillhandah\u00e5lls efter b\u00e4sta kunskap och \u00f6vertygelse. Alla m\u00e5tt \u00e4r ungef\u00e4rliga. Anv\u00e4ndningen av produkterna som erbjuds h\u00e4r i butiken sker p\u00e5 egen risk. Varje person reagerar olika p\u00e5 yttre p\u00e5verkan, p\u00e5 njutning eller sm\u00e4rta, etc. D\u00e4rf\u00f6r kan inget ansvar accepteras f\u00f6r felaktig anv\u00e4ndning.  Varje anv\u00e4ndare b\u00e4r det fulla ansvaret f\u00f6r anv\u00e4ndning eller korrekt anv\u00e4ndning av produkterna och dess of\u00f6rutsebara konsekvenser.<\/span><\/p>\n<\/blockquote>","protected":false},"excerpt":{"rendered":"<p>Grundpris: 1,84 \u20ac\/m\u00b2<\/p>\n<p>Leveranstid: 5-7 dagar*<\/p>","protected":false},"featured_media":9360,"template":"","meta":[],"product_brand":[],"product_cat":[217,218,216],"product_tag":[221,260,329],"class_list":{"0":"post-3050","1":"product","2":"type-product","3":"status-publish","4":"has-post-thumbnail","6":"product_cat-leinenhanfseil","7":"product_cat-leinenhanfseil-natur","8":"product_cat-bondageseile","9":"product_tag-seilset","10":"product_tag-hanfseil","11":"product_tag-bondageseile","13":"first","14":"instock","15":"taxable","16":"shipping-taxable","17":"purchasable","18":"product-type-simple"},"_links":{"self":[{"href":"https:\/\/bavarian-bondage.de\/sv\/wp-json\/wp\/v2\/product\/3050","targetHints":{"allow":["GET"]}}],"collection":[{"href":"https:\/\/bavarian-bondage.de\/sv\/wp-json\/wp\/v2\/product"}],"about":[{"href":"https:\/\/bavarian-bondage.de\/sv\/wp-json\/wp\/v2\/types\/product"}],"version-history":[{"count":5,"href":"https:\/\/bavarian-bondage.de\/sv\/wp-json\/wp\/v2\/product\/3050\/revisions"}],"predecessor-version":[{"id":16207,"href":"https:\/\/bavarian-bondage.de\/sv\/wp-json\/wp\/v2\/product\/3050\/revisions\/16207"}],"wp:featuredmedia":[{"embeddable":true,"href":"https:\/\/bavarian-bondage.de\/sv\/wp-json\/wp\/v2\/media\/9360"}],"wp:attachment":[{"href":"https:\/\/bavarian-bondage.de\/sv\/wp-json\/wp\/v2\/media?parent=3050"}],"wp:term":[{"taxonomy":"product_brand","embeddable":true,"href":"https:\/\/bavarian-bondage.de\/sv\/wp-json\/wp\/v2\/product_brand?post=3050"},{"taxonomy":"product_cat","embeddable":true,"href":"https:\/\/bavarian-bondage.de\/sv\/wp-json\/wp\/v2\/product_cat?post=3050"},{"taxonomy":"product_tag","embeddable":true,"href":"https:\/\/bavarian-bondage.de\/sv\/wp-json\/wp\/v2\/product_tag?post=3050"}],"curies":[{"name":"wp","href":"https:\/\/api.w.org\/{rel}","templated":true}]}}