{"id":3064,"date":"2020-10-17T12:57:12","date_gmt":"2020-10-17T10:57:12","guid":{"rendered":"https:\/\/bavarian-bondage.tivendo.com\/produkt\/import-placeholder-for-751\/"},"modified":"2026-03-08T23:19:26","modified_gmt":"2026-03-08T22:19:26","slug":"linnehamprep-svart-6mm-exklusivt-set-7x8m-och-2x4m","status":"publish","type":"product","link":"https:\/\/bavarian-bondage.de\/sv\/produkt\/leinenhanfseil-schwarz-6mm-exklusiv-set-7x8m-und-2x4m\/","title":{"rendered":"Linnehamprep svart 6mm exklusivt; Set 7x8m och 2x4m"},"content":{"rendered":"<h3 style=\"text-align: center\">Linhampa rep 6mm svart EXKLUSIVT<\/h3>\n<p style=\"text-align: center\">Detta 7x8m repset kan redan betraktas som en klassiker. Det kompletteras av tv\u00e5 kortare rep, vilket erbjuder ett brett utbud av m\u00f6jligheter. Det 6 mm EXKLUSIVA lin-hamparepet \u00e4r exceptionellt mjukt och smidigt! Det har genomg\u00e5tt flera behandlingar f\u00f6r att s\u00e4kerst\u00e4lla h\u00f6gsta kvalitet. Repet har en rund, enhetlig och kvistfri struktur l\u00e4ngs hela sin l\u00e4ngd. Dessutom \u00e4r \u00e4ndarna avslutade med sm\u00e5 knutar. Eftersom repen \u00e4r genomf\u00e4rgade \u00e4r de inte helt genomf\u00e4rgade.<\/p>\n<p>&nbsp;<\/p>\n<p><strong>Detaljer:<\/strong><\/p>\n<p>Linhampa rep 6mm svart EXKLUSIVT<br \/>\n3-axelsvarv<br \/>\nF\u00e4rg: Svart<br \/>\nTrisk knut<br \/>\nL\u00e4ngd: 7x8m \/ 2x4m<br \/>\n(Repl\u00e4ngden kan avvika med upp till 3% fr\u00e5n den angivna l\u00e4ngden.)<\/p>\n<p>&nbsp;<\/p>\n<p><strong><span style=\"color: #ff0000\">Ett meddelande:<\/span><\/strong><\/p>\n<p>Kontrollera regelbundet repen f\u00f6r slitage och skador! Med vridna eller lagda rep kan det h\u00e4nda att de lossnar under anv\u00e4ndning.<br \/>\nRepen har f\u00e4rgats som en helhet och har inte samma f\u00e4rg \u00e4nda ner till mitten.<\/p>\n<p>&nbsp;<\/p>\n<p><strong>Leveransens omfattning:<\/strong> Repset 7x8m och 2x4m linnehamparep 6mm svart EXKLUSIVT<\/p>\n<p>&nbsp;<\/p>\n<blockquote>\n<hr \/>\n<p style=\"text-align: center\"><span style=\"color: #333399\">\u00a0Informationen om produkterna tillhandah\u00e5lls efter b\u00e4sta kunskap och \u00f6vertygelse. Alla m\u00e5tt \u00e4r ungef\u00e4rliga. Anv\u00e4ndningen av produkterna som erbjuds h\u00e4r i butiken sker p\u00e5 egen risk. Varje person reagerar olika p\u00e5 yttre p\u00e5verkan, p\u00e5 njutning eller sm\u00e4rta, etc. D\u00e4rf\u00f6r kan inget ansvar accepteras f\u00f6r felaktig anv\u00e4ndning.  Varje anv\u00e4ndare b\u00e4r det fulla ansvaret f\u00f6r anv\u00e4ndning eller korrekt anv\u00e4ndning av produkterna och dess of\u00f6rutsebara konsekvenser.<\/span><\/p>\n<\/blockquote>","protected":false},"excerpt":{"rendered":"<p>Grundpris: 2,48 \u20ac\/m<\/p>\n<p>Leveranstid: 5-7 dagar*<\/p>","protected":false},"featured_media":9730,"template":"","meta":[],"product_brand":[],"product_cat":[216,217,262,279],"product_tag":[221,340,341,527],"class_list":{"0":"post-3064","1":"product","2":"type-product","3":"status-publish","4":"has-post-thumbnail","6":"product_cat-bondageseile","7":"product_cat-leinenhanfseil","8":"product_cat-leinenhanfseil-farbig","9":"product_cat-black-edition","10":"product_tag-seilset","11":"product_tag-hafseil","12":"product_tag-schwarz-6mm","13":"product_tag-leinehanfseil","15":"first","16":"instock","17":"taxable","18":"shipping-taxable","19":"purchasable","20":"product-type-simple"},"_links":{"self":[{"href":"https:\/\/bavarian-bondage.de\/sv\/wp-json\/wp\/v2\/product\/3064","targetHints":{"allow":["GET"]}}],"collection":[{"href":"https:\/\/bavarian-bondage.de\/sv\/wp-json\/wp\/v2\/product"}],"about":[{"href":"https:\/\/bavarian-bondage.de\/sv\/wp-json\/wp\/v2\/types\/product"}],"version-history":[{"count":5,"href":"https:\/\/bavarian-bondage.de\/sv\/wp-json\/wp\/v2\/product\/3064\/revisions"}],"predecessor-version":[{"id":16511,"href":"https:\/\/bavarian-bondage.de\/sv\/wp-json\/wp\/v2\/product\/3064\/revisions\/16511"}],"wp:featuredmedia":[{"embeddable":true,"href":"https:\/\/bavarian-bondage.de\/sv\/wp-json\/wp\/v2\/media\/9730"}],"wp:attachment":[{"href":"https:\/\/bavarian-bondage.de\/sv\/wp-json\/wp\/v2\/media?parent=3064"}],"wp:term":[{"taxonomy":"product_brand","embeddable":true,"href":"https:\/\/bavarian-bondage.de\/sv\/wp-json\/wp\/v2\/product_brand?post=3064"},{"taxonomy":"product_cat","embeddable":true,"href":"https:\/\/bavarian-bondage.de\/sv\/wp-json\/wp\/v2\/product_cat?post=3064"},{"taxonomy":"product_tag","embeddable":true,"href":"https:\/\/bavarian-bondage.de\/sv\/wp-json\/wp\/v2\/product_tag?post=3064"}],"curies":[{"name":"wp","href":"https:\/\/api.w.org\/{rel}","templated":true}]}}