{"id":3068,"date":"2020-10-17T12:57:13","date_gmt":"2020-10-17T10:57:13","guid":{"rendered":"https:\/\/bavarian-bondage.tivendo.com\/produkt\/import-placeholder-for-767\/"},"modified":"2026-03-16T15:00:59","modified_gmt":"2026-03-16T14:00:59","slug":"slapper-paddel","status":"publish","type":"product","link":"https:\/\/bavarian-bondage.de\/sv\/produkt\/slapper-paddel\/","title":{"rendered":"Slapper paddel"},"content":{"rendered":"<h3 style=\"text-align: center\">Slappers<\/h3>\n<p style=\"text-align: center\">Slappern, som namnet antyder, kan bli ganska h\u00f6g n\u00e4r den anv\u00e4nds p\u00e5 r\u00e4tt s\u00e4tt. Paddeln \u00e4r vackert utformad, har ett tr\u00e4handtag med en l\u00e4der\u00f6gla med flera dekorativa nitar, och en b\u00e4rrem.<\/p>\n<p style=\"text-align: center\">En intressant och vackert utformad paddel.<\/p>\n<p><strong>Detaljer:<\/strong><\/p>\n<p>Material: tr\u00e4, l\u00e4der<br \/>\nF\u00e4rg: Svart<br \/>\nTotal l\u00e4ngd: 40 cm<br \/>\nHandtagsl\u00e4ngd: 18cm<br \/>\nBredd: 4 cm<\/p>\n<p><strong>Leveransens omfattning:<\/strong> 1 paddelslappare<\/p>\n<p>&nbsp;<\/p>\n<hr \/>\n<blockquote>\n<p style=\"text-align: center\"><span style=\"color: #333399\">Informationen om produkterna tillhandah\u00e5lls efter b\u00e4sta kunskap och \u00f6vertygelse. Alla m\u00e5tt \u00e4r ungef\u00e4rliga. Anv\u00e4ndningen av produkterna som erbjuds h\u00e4r i butiken sker p\u00e5 egen risk. Varje person reagerar olika p\u00e5 yttre p\u00e5verkan, p\u00e5 njutning eller sm\u00e4rta, etc. D\u00e4rf\u00f6r kan inget ansvar accepteras f\u00f6r felaktig anv\u00e4ndning.  Varje anv\u00e4ndare b\u00e4r det fulla ansvaret f\u00f6r anv\u00e4ndning eller korrekt anv\u00e4ndning av produkterna och dess of\u00f6rutsebara konsekvenser.<\/span><\/p>\n<\/blockquote>","protected":false},"excerpt":{"rendered":"<p>Leveranstid: 5-7 dagar*<\/p>","protected":false},"featured_media":8630,"template":"","meta":[],"product_brand":[],"product_cat":[224,252],"product_tag":[254,255,344],"class_list":{"0":"post-3068","1":"product","2":"type-product","3":"status-publish","4":"has-post-thumbnail","6":"product_cat-lustschmerz","7":"product_cat-peitschen-gerten","8":"product_tag-echtleder","9":"product_tag-paddel","10":"product_tag-slapper","12":"first","13":"instock","14":"taxable","15":"shipping-taxable","16":"purchasable","17":"product-type-simple"},"_links":{"self":[{"href":"https:\/\/bavarian-bondage.de\/sv\/wp-json\/wp\/v2\/product\/3068","targetHints":{"allow":["GET"]}}],"collection":[{"href":"https:\/\/bavarian-bondage.de\/sv\/wp-json\/wp\/v2\/product"}],"about":[{"href":"https:\/\/bavarian-bondage.de\/sv\/wp-json\/wp\/v2\/types\/product"}],"version-history":[{"count":3,"href":"https:\/\/bavarian-bondage.de\/sv\/wp-json\/wp\/v2\/product\/3068\/revisions"}],"predecessor-version":[{"id":13973,"href":"https:\/\/bavarian-bondage.de\/sv\/wp-json\/wp\/v2\/product\/3068\/revisions\/13973"}],"wp:featuredmedia":[{"embeddable":true,"href":"https:\/\/bavarian-bondage.de\/sv\/wp-json\/wp\/v2\/media\/8630"}],"wp:attachment":[{"href":"https:\/\/bavarian-bondage.de\/sv\/wp-json\/wp\/v2\/media?parent=3068"}],"wp:term":[{"taxonomy":"product_brand","embeddable":true,"href":"https:\/\/bavarian-bondage.de\/sv\/wp-json\/wp\/v2\/product_brand?post=3068"},{"taxonomy":"product_cat","embeddable":true,"href":"https:\/\/bavarian-bondage.de\/sv\/wp-json\/wp\/v2\/product_cat?post=3068"},{"taxonomy":"product_tag","embeddable":true,"href":"https:\/\/bavarian-bondage.de\/sv\/wp-json\/wp\/v2\/product_tag?post=3068"}],"curies":[{"name":"wp","href":"https:\/\/api.w.org\/{rel}","templated":true}]}}