{"id":3069,"date":"2020-10-17T12:57:13","date_gmt":"2020-10-17T10:57:13","guid":{"rendered":"https:\/\/bavarian-bondage.tivendo.com\/produkt\/import-placeholder-for-772\/"},"modified":"2025-03-28T18:56:17","modified_gmt":"2025-03-28T17:56:17","slug":"speciella-klaemmor","status":"publish","type":"product","link":"https:\/\/bavarian-bondage.de\/sv\/produkt\/spezial-klammern\/","title":{"rendered":"Specialf\u00e4sten"},"content":{"rendered":"<h3 style=\"text-align: center\">Specialkl\u00e4mmor<\/h3>\n<p style=\"text-align: center\">Visuellt och praktiskt mycket framg\u00e5ngsrikt. Den mycket robusta kl\u00e4mman kan greppa fr\u00e5n mycket f\u00f6rsiktigt till riktigt h\u00e5rt. De knoppade gummikuddarna ger st\u00f6d och de finjusterbara justerskruvarna s\u00e4kerst\u00e4ller effekten. Den mycket solida kedjan f\u00f6rbinder de tv\u00e5 f\u00e4stena ordentligt med varandra.<\/p>\n<p><strong>Detaljer:<\/strong><\/p>\n<p>Material: metall, gummi<br \/>\nTotal l\u00e4ngd: 49 cm<br \/>\nL\u00e4ngd p\u00e5 f\u00e4sten: 9 cm<br \/>\nBreddf\u00e4sten: 3cm<\/p>\n<p><strong>Leveransens omfattning:<\/strong> Specialkl\u00e4mma<\/p>\n<p>&nbsp;<\/p>\n<hr \/>\n<blockquote>\n<p style=\"text-align: center\"><span style=\"color: #333399\">Informationen om produkterna tillhandah\u00e5lls efter b\u00e4sta kunskap och \u00f6vertygelse. Alla m\u00e5tt \u00e4r ungef\u00e4rliga. Anv\u00e4ndningen av produkterna som erbjuds h\u00e4r i butiken sker p\u00e5 egen risk. Varje person reagerar olika p\u00e5 yttre p\u00e5verkan, p\u00e5 njutning eller sm\u00e4rta, etc. D\u00e4rf\u00f6r kan inget ansvar accepteras f\u00f6r felaktig anv\u00e4ndning.  Varje anv\u00e4ndare b\u00e4r det fulla ansvaret f\u00f6r anv\u00e4ndning eller korrekt anv\u00e4ndning av produkterna och dess of\u00f6rutsebara konsekvenser.<\/span><\/p>\n<\/blockquote>","protected":false},"excerpt":{"rendered":"<p>Leveranstid: 5-7 dagar*<\/p>","protected":false},"featured_media":8562,"template":"","meta":[],"product_brand":[],"product_cat":[248],"product_tag":[310,345],"class_list":{"0":"post-3069","1":"product","2":"type-product","3":"status-publish","4":"has-post-thumbnail","6":"product_cat-klammern","7":"product_tag-klammer","8":"product_tag-nippelklemmen","10":"first","11":"instock","12":"taxable","13":"shipping-taxable","14":"purchasable","15":"product-type-simple"},"_links":{"self":[{"href":"https:\/\/bavarian-bondage.de\/sv\/wp-json\/wp\/v2\/product\/3069","targetHints":{"allow":["GET"]}}],"collection":[{"href":"https:\/\/bavarian-bondage.de\/sv\/wp-json\/wp\/v2\/product"}],"about":[{"href":"https:\/\/bavarian-bondage.de\/sv\/wp-json\/wp\/v2\/types\/product"}],"version-history":[{"count":1,"href":"https:\/\/bavarian-bondage.de\/sv\/wp-json\/wp\/v2\/product\/3069\/revisions"}],"predecessor-version":[{"id":5422,"href":"https:\/\/bavarian-bondage.de\/sv\/wp-json\/wp\/v2\/product\/3069\/revisions\/5422"}],"wp:featuredmedia":[{"embeddable":true,"href":"https:\/\/bavarian-bondage.de\/sv\/wp-json\/wp\/v2\/media\/8562"}],"wp:attachment":[{"href":"https:\/\/bavarian-bondage.de\/sv\/wp-json\/wp\/v2\/media?parent=3069"}],"wp:term":[{"taxonomy":"product_brand","embeddable":true,"href":"https:\/\/bavarian-bondage.de\/sv\/wp-json\/wp\/v2\/product_brand?post=3069"},{"taxonomy":"product_cat","embeddable":true,"href":"https:\/\/bavarian-bondage.de\/sv\/wp-json\/wp\/v2\/product_cat?post=3069"},{"taxonomy":"product_tag","embeddable":true,"href":"https:\/\/bavarian-bondage.de\/sv\/wp-json\/wp\/v2\/product_tag?post=3069"}],"curies":[{"name":"wp","href":"https:\/\/api.w.org\/{rel}","templated":true}]}}