{"id":3070,"date":"2020-10-17T11:57:13","date_gmt":"2020-10-17T09:57:13","guid":{"rendered":"https:\/\/bavarian-bondage.tivendo.com\/produkt\/import-placeholder-for-777\/"},"modified":"2026-03-28T10:42:31","modified_gmt":"2026-03-28T09:42:31","slug":"saekerhetskarbin-i-stal","status":"publish","type":"product","link":"https:\/\/bavarian-bondage.de\/sv\/produkt\/stahl-sicherheitskarabiner\/","title":{"rendered":"S\u00e4kerhetskarbin i st\u00e5l"},"content":{"rendered":"<h3 style=\"text-align: center\">Karbinhake i st\u00e5l<\/h3>\n<p style=\"text-align: center\">Denna s\u00e4kerhetskarbin i galvaniserat st\u00e5l \u00e4r ett kostnadseffektivt alternativ till dyra karbinhakar i rostfritt st\u00e5l eller aluminium. Oavsett om den anv\u00e4nds som ringf\u00e4ste, f\u00f6rl\u00e4ngning av en ring eller repf\u00e4ste, g\u00f6r karbinhakens rundade topp och botten den l\u00e4mplig f\u00f6r en m\u00e4ngd olika till\u00e4mpningar.<\/p>\n<p style=\"text-align: center\">Denna karbinhake erbjuder \u00e4ven s\u00e4kerhetsfunktioner. Att vrida aluminiumhjulet upp\u00e5t f\u00f6rhindrar att karbinhaken \u00f6ppnas av misstag.<\/p>\n<p><strong>Detaljer:<\/strong><\/p>\n<p>Material: galvaniserat st\u00e5l, aluminium<br \/>\nStorlek: L 10,5 cm \/ B 5 cm<br \/>\n\u00d6ppning: 1,8 cm<br \/>\nLastkapacitet: st\u00e4ngd 25KN<br \/>\nVikt: 160g<br \/>\nF\u00e4rg: Silver<br \/>\nEN362:2004<\/p>\n<p>&nbsp;<\/p>\n<p>&nbsp;<\/p>\n<p><strong>Leveransens omfattning:<\/strong> S\u00e4kerhetskarbin i st\u00e5l<\/p>\n<p>&nbsp;<\/p>\n<hr \/>\n<blockquote>\n<p style=\"text-align: center\"><span style=\"color: #333399\">Informationen om produkterna tillhandah\u00e5lls efter b\u00e4sta f\u00f6rm\u00e5ga och \u00f6vertygelse. Alla m\u00e5tt \u00e4r ungef\u00e4rliga. Anv\u00e4ndning av de produkter som erbjuds h\u00e4r i butiken sker p\u00e5 egen risk. Alla reagerar olika p\u00e5 yttre p\u00e5verkan, p\u00e5 njutning eller sm\u00e4rta etc. D\u00e4rf\u00f6r kan inget ansvar tas f\u00f6r felaktig anv\u00e4ndning. Varje anv\u00e4ndare b\u00e4r fullt ansvar f\u00f6r anv\u00e4ndningen och korrekt anv\u00e4ndning av produkterna och deras of\u00f6rutsedda konsekvenser.<\/span><\/p>\n<\/blockquote>","protected":false},"excerpt":{"rendered":"<p>Leveranstid: 5-7 dagar*<\/p>","protected":false},"featured_media":8176,"template":"","meta":[],"product_brand":[],"product_cat":[222,223],"product_tag":[],"class_list":{"0":"post-3070","1":"product","2":"type-product","3":"status-publish","4":"has-post-thumbnail","6":"product_cat-alle-produkte","7":"product_cat-zubehoer","9":"first","10":"instock","11":"taxable","12":"shipping-taxable","13":"purchasable","14":"product-type-simple"},"_links":{"self":[{"href":"https:\/\/bavarian-bondage.de\/sv\/wp-json\/wp\/v2\/product\/3070","targetHints":{"allow":["GET"]}}],"collection":[{"href":"https:\/\/bavarian-bondage.de\/sv\/wp-json\/wp\/v2\/product"}],"about":[{"href":"https:\/\/bavarian-bondage.de\/sv\/wp-json\/wp\/v2\/types\/product"}],"version-history":[{"count":5,"href":"https:\/\/bavarian-bondage.de\/sv\/wp-json\/wp\/v2\/product\/3070\/revisions"}],"predecessor-version":[{"id":14149,"href":"https:\/\/bavarian-bondage.de\/sv\/wp-json\/wp\/v2\/product\/3070\/revisions\/14149"}],"wp:featuredmedia":[{"embeddable":true,"href":"https:\/\/bavarian-bondage.de\/sv\/wp-json\/wp\/v2\/media\/8176"}],"wp:attachment":[{"href":"https:\/\/bavarian-bondage.de\/sv\/wp-json\/wp\/v2\/media?parent=3070"}],"wp:term":[{"taxonomy":"product_brand","embeddable":true,"href":"https:\/\/bavarian-bondage.de\/sv\/wp-json\/wp\/v2\/product_brand?post=3070"},{"taxonomy":"product_cat","embeddable":true,"href":"https:\/\/bavarian-bondage.de\/sv\/wp-json\/wp\/v2\/product_cat?post=3070"},{"taxonomy":"product_tag","embeddable":true,"href":"https:\/\/bavarian-bondage.de\/sv\/wp-json\/wp\/v2\/product_tag?post=3070"}],"curies":[{"name":"wp","href":"https:\/\/api.w.org\/{rel}","templated":true}]}}