{"id":3072,"date":"2020-10-17T12:57:13","date_gmt":"2020-10-17T10:57:13","guid":{"rendered":"https:\/\/bavarian-bondage.tivendo.com\/produkt\/import-placeholder-for-1072\/"},"modified":"2026-04-05T06:55:43","modified_gmt":"2026-04-05T04:55:43","slug":"jute-rep-standard-6mm-klassisk-enkelrep-8m","status":"publish","type":"product","link":"https:\/\/bavarian-bondage.de\/sv\/produkt\/juteseil-standard-6mm-klassik-einzelseil-8m\/","title":{"rendered":"Jute rep standard 6mm klassisk; Enkelrep 8m"},"content":{"rendered":"<h3 style=\"text-align: center\">Juterepet 6mm CLASSIC<\/h3>\n<p style=\"text-align: center\">Byt ut ett rep, ut\u00f6ka setet eller kolla bara kvaliteten.<\/p>\n<p style=\"text-align: center\">P\u00e5 grund av den sn\u00e4va rotationen \u00e4r repet till en b\u00f6rjan lite styvt och grovt. Juterepet har n\u00e4stan ingen egen lukt, det luktar minimalt av den behandlingsolja som anv\u00e4nds. Repets \u00e4ndar knyts med en vanlig \u00f6verhandsknut. Den karamellf\u00e4rgade f\u00e4rgen som skapats av flamsk\u00e4rning ger ett vackert utseende. Repet \u00e4r tillverkat av ett garn och \u00e4r d\u00e4rf\u00f6r j\u00e4mnt och kvistfritt \u00f6ver hela sin l\u00e4ngd.<\/p>\n<p><strong>Detaljer:<\/strong><\/p>\n<p>Jute rep 6mm CLASSIC<br \/>\n3-skaft h\u00e5rt vridet<br \/>\nKaramellf\u00e4rger<br \/>\nNormala \u00f6verhandsknutar<br \/>\nL\u00e4ngd: 1x8m<br \/>\n(repl\u00e4ngden kan variera med upp till 3% fr\u00e5n den angivna l\u00e4ngden.)<\/p>\n<p>&nbsp;<\/p>\n<p><strong><span style=\"color: #ff0000\">Ett meddelande:<\/span><\/strong><\/p>\n<p>Kontrollera linorna regelbundet f\u00f6r slitage och skador!<br \/>\nOm rep sl\u00e5s eller vrids kan de lossna under anv\u00e4ndning!<br \/>\nTv\u00e4tta inte jute rep. Det \u00e4r b\u00e4st att reng\u00f6ra med en fuktig trasa.<\/p>\n<p><span style=\"color: #000000\"><strong>Leveransens omfattning:<\/strong><\/span> 1x8m jute rep 6mm CLASSIC<\/p>\n<p>&nbsp;<\/p>\n<hr \/>\n<blockquote>\n<p style=\"text-align: center\"><span style=\"color: #333399\">Informationen om produkterna tillhandah\u00e5lls efter b\u00e4sta kunskap och \u00f6vertygelse. Alla m\u00e5tt \u00e4r ungef\u00e4rliga. Anv\u00e4ndningen av produkterna som erbjuds h\u00e4r i butiken sker p\u00e5 egen risk. Varje person reagerar olika p\u00e5 yttre p\u00e5verkan, p\u00e5 njutning eller sm\u00e4rta, etc. D\u00e4rf\u00f6r kan inget ansvar accepteras f\u00f6r felaktig anv\u00e4ndning.  Varje anv\u00e4ndare b\u00e4r det fulla ansvaret f\u00f6r anv\u00e4ndning eller korrekt anv\u00e4ndning av produkterna och dess of\u00f6rutsebara konsekvenser.<\/span><\/p>\n<\/blockquote>","protected":false},"excerpt":{"rendered":"<p>Grundpris: 2,25 \u20ac\/m<\/p>\n<p>Leveranstid: 5-7 dagar*<\/p>","protected":false},"featured_media":8476,"template":"","meta":[],"product_brand":[],"product_cat":[294,346,216,222],"product_tag":[261,297,221],"class_list":{"0":"post-3072","1":"product","2":"type-product","3":"status-publish","4":"has-post-thumbnail","6":"product_cat-juteseile","7":"product_cat-juteseil-6mm","8":"product_cat-bondageseile","9":"product_cat-alle-produkte","10":"product_tag-bondageseil","11":"product_tag-juteseil","12":"product_tag-seilset","14":"first","15":"instock","16":"taxable","17":"shipping-taxable","18":"purchasable","19":"product-type-simple"},"_links":{"self":[{"href":"https:\/\/bavarian-bondage.de\/sv\/wp-json\/wp\/v2\/product\/3072","targetHints":{"allow":["GET"]}}],"collection":[{"href":"https:\/\/bavarian-bondage.de\/sv\/wp-json\/wp\/v2\/product"}],"about":[{"href":"https:\/\/bavarian-bondage.de\/sv\/wp-json\/wp\/v2\/types\/product"}],"version-history":[{"count":5,"href":"https:\/\/bavarian-bondage.de\/sv\/wp-json\/wp\/v2\/product\/3072\/revisions"}],"predecessor-version":[{"id":16150,"href":"https:\/\/bavarian-bondage.de\/sv\/wp-json\/wp\/v2\/product\/3072\/revisions\/16150"}],"wp:featuredmedia":[{"embeddable":true,"href":"https:\/\/bavarian-bondage.de\/sv\/wp-json\/wp\/v2\/media\/8476"}],"wp:attachment":[{"href":"https:\/\/bavarian-bondage.de\/sv\/wp-json\/wp\/v2\/media?parent=3072"}],"wp:term":[{"taxonomy":"product_brand","embeddable":true,"href":"https:\/\/bavarian-bondage.de\/sv\/wp-json\/wp\/v2\/product_brand?post=3072"},{"taxonomy":"product_cat","embeddable":true,"href":"https:\/\/bavarian-bondage.de\/sv\/wp-json\/wp\/v2\/product_cat?post=3072"},{"taxonomy":"product_tag","embeddable":true,"href":"https:\/\/bavarian-bondage.de\/sv\/wp-json\/wp\/v2\/product_tag?post=3072"}],"curies":[{"name":"wp","href":"https:\/\/api.w.org\/{rel}","templated":true}]}}