{"id":3073,"date":"2020-10-17T12:57:13","date_gmt":"2020-10-17T10:57:13","guid":{"rendered":"https:\/\/bavarian-bondage.tivendo.com\/produkt\/import-placeholder-for-1074\/"},"modified":"2025-12-23T16:56:52","modified_gmt":"2025-12-23T15:56:52","slug":"jute-rep-standard-6mm-exklusivt-enkelrep-4m","status":"publish","type":"product","link":"https:\/\/bavarian-bondage.de\/sv\/produkt\/juteseil-standard-6mm-exklusiv-einzelseil-4m\/","title":{"rendered":"Jute rep standard 6mm Exklusivt; Enkelrep 4m"},"content":{"rendered":"<h3 style=\"text-align: center\">Juterepet 6mm EXKLUSIVT<\/h3>\n<p style=\"text-align: center\">Byt ut ett rep, ut\u00f6ka setet eller kolla bara kvaliteten.<\/p>\n<p style=\"text-align: center\">Juterepet \u00e4r h\u00e5rt vridet och till en b\u00f6rjan lite styvt och str\u00e4vt, men detta f\u00f6rb\u00e4ttras med anv\u00e4ndning! Repen reng\u00f6rs, bryts, flammas och sedan oljas in. Vidare var repet f\u00f6rsett med sm\u00e5 \u00e4ndknutar. F\u00f6rfiningen ger jute-repet en vacker karamellf\u00e4rgad look. Repet \u00e4r tillverkat av ett garn och \u00e4r d\u00e4rf\u00f6r kontinuerligt, j\u00e4mnt och kvistfritt.<\/p>\n<p><strong>Detaljer:<\/strong><\/p>\n<p>Jute rep 6mm EXKLUSIVT<br \/>\n3-skaft h\u00e5rt vridet<br \/>\nKaramellf\u00e4rger<br \/>\nSm\u00e5 \u00e4ndknutar<br \/>\nL\u00e4ngd: 1x4m<br \/>\n(Repl\u00e4ngden kan variera med upp till 3% fr\u00e5n den angivna l\u00e4ngden.)<\/p>\n<p>&nbsp;<\/p>\n<p><span style=\"color: #ff0000\"><strong>Ett meddelande:<\/strong><\/span><\/p>\n<p>Kontrollera linorna regelbundet f\u00f6r slitage och skador!<br \/>\nOm rep sl\u00e5s eller vrids kan de lossna under anv\u00e4ndning!<br \/>\nJutelinor ska inte tv\u00e4ttas. B\u00e4ttre att reng\u00f6ra med en fuktig trasa.<\/p>\n<p>&nbsp;<\/p>\n<p><strong><span style=\"color: #000000\">Leveransens omfattning:<\/span><\/strong> 1x4m jute rep 6mm EXKLUSIVT<\/p>\n<p>&nbsp;<\/p>\n<hr \/>\n<blockquote>\n<p style=\"text-align: center\"><span style=\"color: #333399\">Informationen om produkterna tillhandah\u00e5lls efter b\u00e4sta kunskap och \u00f6vertygelse. Alla m\u00e5tt \u00e4r ungef\u00e4rliga. Anv\u00e4ndningen av produkterna som erbjuds h\u00e4r i butiken sker p\u00e5 egen risk. Varje person reagerar olika p\u00e5 yttre p\u00e5verkan, p\u00e5 njutning eller sm\u00e4rta, etc. D\u00e4rf\u00f6r kan inget ansvar accepteras f\u00f6r felaktig anv\u00e4ndning.  Varje anv\u00e4ndare b\u00e4r det fulla ansvaret f\u00f6r anv\u00e4ndning eller korrekt anv\u00e4ndning av produkterna och dess of\u00f6rutsebara konsekvenser.<\/span><\/p>\n<\/blockquote>","protected":false},"excerpt":{"rendered":"<p>Grundpris: 2,63 \u20ac\/m\u00b2<\/p>\n<p>Leveranstid: 5-7 dagar*<\/p>","protected":false},"featured_media":8471,"template":"","meta":[],"product_brand":[],"product_cat":[216,222,294,346],"product_tag":[227,297,348],"class_list":{"0":"post-3073","1":"product","2":"type-product","3":"status-publish","4":"has-post-thumbnail","6":"product_cat-bondageseile","7":"product_cat-alle-produkte","8":"product_cat-juteseile","9":"product_cat-juteseil-6mm","10":"product_tag-bondage","11":"product_tag-juteseil","12":"product_tag-fest-gedreht","14":"first","15":"instock","16":"taxable","17":"shipping-taxable","18":"purchasable","19":"product-type-simple"},"_links":{"self":[{"href":"https:\/\/bavarian-bondage.de\/sv\/wp-json\/wp\/v2\/product\/3073","targetHints":{"allow":["GET"]}}],"collection":[{"href":"https:\/\/bavarian-bondage.de\/sv\/wp-json\/wp\/v2\/product"}],"about":[{"href":"https:\/\/bavarian-bondage.de\/sv\/wp-json\/wp\/v2\/types\/product"}],"version-history":[{"count":5,"href":"https:\/\/bavarian-bondage.de\/sv\/wp-json\/wp\/v2\/product\/3073\/revisions"}],"predecessor-version":[{"id":15983,"href":"https:\/\/bavarian-bondage.de\/sv\/wp-json\/wp\/v2\/product\/3073\/revisions\/15983"}],"wp:featuredmedia":[{"embeddable":true,"href":"https:\/\/bavarian-bondage.de\/sv\/wp-json\/wp\/v2\/media\/8471"}],"wp:attachment":[{"href":"https:\/\/bavarian-bondage.de\/sv\/wp-json\/wp\/v2\/media?parent=3073"}],"wp:term":[{"taxonomy":"product_brand","embeddable":true,"href":"https:\/\/bavarian-bondage.de\/sv\/wp-json\/wp\/v2\/product_brand?post=3073"},{"taxonomy":"product_cat","embeddable":true,"href":"https:\/\/bavarian-bondage.de\/sv\/wp-json\/wp\/v2\/product_cat?post=3073"},{"taxonomy":"product_tag","embeddable":true,"href":"https:\/\/bavarian-bondage.de\/sv\/wp-json\/wp\/v2\/product_tag?post=3073"}],"curies":[{"name":"wp","href":"https:\/\/api.w.org\/{rel}","templated":true}]}}