{"id":3077,"date":"2020-10-17T12:59:14","date_gmt":"2020-10-17T10:59:14","guid":{"rendered":"https:\/\/bavarian-bondage.tivendo.com\/produkt\/import-placeholder-for-1082\/"},"modified":"2025-12-28T22:41:30","modified_gmt":"2025-12-28T21:41:30","slug":"jute-rep-standard-6mm-exklusivt-set-3x8m","status":"publish","type":"product","link":"https:\/\/bavarian-bondage.de\/sv\/produkt\/juteseil-standard-6mm-exklusiv-set-3x8m\/","title":{"rendered":"Jute rep standard 6mm Exklusivt; Set 3x8m"},"content":{"rendered":"<h3 style=\"text-align: center\">Juterepet 6mm EXKLUSIVT<\/h3>\n<p style=\"text-align: center\">Perfekt f\u00f6r att b\u00f6rja som riggare eller f\u00f6r att ut\u00f6ka ett befintligt set.<\/p>\n<p style=\"text-align: center\">Juterepet \u00e4r h\u00e5rt vridet och till en b\u00f6rjan lite styvt och str\u00e4vt, men detta f\u00f6rb\u00e4ttras med anv\u00e4ndning! Vidare var repet f\u00f6rsett med sm\u00e5 \u00e4ndknutar. F\u00f6rfining ger jute-repet en vacker karamellf\u00e4rgad look. Repet \u00e4r tillverkat av ett garn och \u00e4r d\u00e4rf\u00f6r j\u00e4mnt och oftast kvistfritt \u00f6ver hela sin l\u00e4ngd.<\/p>\n<p><strong>\u00a0Detaljer:<\/strong><\/p>\n<p>Jute rep 6mm EXKLUSIVT<br \/>\n3-skaft h\u00e5rt vridet<br \/>\nKaramellf\u00e4rger<br \/>\nSm\u00e5 \u00e4ndknutar<br \/>\nL\u00e4ngd: 3x8m<br \/>\n(Repl\u00e4ngden kan variera med upp till 3% fr\u00e5n den angivna l\u00e4ngden.)<\/p>\n<p>&nbsp;<\/p>\n<p><span style=\"color: #ff0000\"><strong>Ett meddelande:<\/strong><\/span><\/p>\n<p>Kontrollera linorna regelbundet f\u00f6r slitage och skador!<br \/>\nOm rep sl\u00e5s eller vrids kan de lossna under anv\u00e4ndning!<br \/>\nTv\u00e4tta inte jute rep. Det \u00e4r b\u00e4st att reng\u00f6ra med en fuktig trasa.<\/p>\n<p>&nbsp;<\/p>\n<p><strong>Leveransens omfattning:<\/strong> 3x8m jute-rep 6mm EXKLUSIVT<\/p>\n<p>&nbsp;<\/p>\n<hr \/>\n<blockquote>\n<p style=\"text-align: center\"><span style=\"color: #333399\">Informationen om produkterna tillhandah\u00e5lls efter b\u00e4sta kunskap och \u00f6vertygelse. Alla m\u00e5tt \u00e4r ungef\u00e4rliga. Anv\u00e4ndningen av produkterna som erbjuds h\u00e4r i butiken sker p\u00e5 egen risk. Varje person reagerar olika p\u00e5 yttre p\u00e5verkan, p\u00e5 njutning eller sm\u00e4rta, etc. D\u00e4rf\u00f6r kan inget ansvar accepteras f\u00f6r felaktig anv\u00e4ndning.  Varje anv\u00e4ndare b\u00e4r det fulla ansvaret f\u00f6r anv\u00e4ndning eller korrekt anv\u00e4ndning av produkterna och dess of\u00f6rutsebara konsekvenser.<\/span><\/p>\n<\/blockquote>","protected":false},"excerpt":{"rendered":"<p>Grundpris: 2,31 \u20ac\/m<\/p>\n<p>Leveranstid: 5-7 dagar*<\/p>","protected":false},"featured_media":8469,"template":"","meta":[],"product_brand":[],"product_cat":[216,222,294,346],"product_tag":[221,284,297,329],"class_list":{"0":"post-3077","1":"product","2":"type-product","3":"status-publish","4":"has-post-thumbnail","6":"product_cat-bondageseile","7":"product_cat-alle-produkte","8":"product_cat-juteseile","9":"product_cat-juteseil-6mm","10":"product_tag-seilset","11":"product_tag-6mm","12":"product_tag-juteseil","13":"product_tag-bondageseile","15":"first","16":"instock","17":"taxable","18":"shipping-taxable","19":"purchasable","20":"product-type-simple"},"_links":{"self":[{"href":"https:\/\/bavarian-bondage.de\/sv\/wp-json\/wp\/v2\/product\/3077","targetHints":{"allow":["GET"]}}],"collection":[{"href":"https:\/\/bavarian-bondage.de\/sv\/wp-json\/wp\/v2\/product"}],"about":[{"href":"https:\/\/bavarian-bondage.de\/sv\/wp-json\/wp\/v2\/types\/product"}],"version-history":[{"count":5,"href":"https:\/\/bavarian-bondage.de\/sv\/wp-json\/wp\/v2\/product\/3077\/revisions"}],"predecessor-version":[{"id":15985,"href":"https:\/\/bavarian-bondage.de\/sv\/wp-json\/wp\/v2\/product\/3077\/revisions\/15985"}],"wp:featuredmedia":[{"embeddable":true,"href":"https:\/\/bavarian-bondage.de\/sv\/wp-json\/wp\/v2\/media\/8469"}],"wp:attachment":[{"href":"https:\/\/bavarian-bondage.de\/sv\/wp-json\/wp\/v2\/media?parent=3077"}],"wp:term":[{"taxonomy":"product_brand","embeddable":true,"href":"https:\/\/bavarian-bondage.de\/sv\/wp-json\/wp\/v2\/product_brand?post=3077"},{"taxonomy":"product_cat","embeddable":true,"href":"https:\/\/bavarian-bondage.de\/sv\/wp-json\/wp\/v2\/product_cat?post=3077"},{"taxonomy":"product_tag","embeddable":true,"href":"https:\/\/bavarian-bondage.de\/sv\/wp-json\/wp\/v2\/product_tag?post=3077"}],"curies":[{"name":"wp","href":"https:\/\/api.w.org\/{rel}","templated":true}]}}