{"id":3087,"date":"2020-10-17T12:54:15","date_gmt":"2020-10-17T10:54:15","guid":{"rendered":"https:\/\/bavarian-bondage.tivendo.com\/produkt\/import-placeholder-for-1519\/"},"modified":"2025-11-18T12:59:47","modified_gmt":"2025-11-18T11:59:47","slug":"hoegklassig-jute-4mm-exklusivt-set-3x8m","status":"publish","type":"product","link":"https:\/\/bavarian-bondage.de\/sv\/produkt\/high-class-jute-4mm-exklusiv-set-3x8m\/","title":{"rendered":"H\u00f6gklassig jute 4mm EXKLUSIVT; Set 3x8m"},"content":{"rendered":"<h3 style=\"text-align: center\">H\u00f6gklassig jute 4mm EXKLUSIVT<\/h3>\n<p style=\"text-align: center\">Perfekt f\u00f6r att b\u00f6rja som riggare eller f\u00f6r att ut\u00f6ka ett befintligt set.<\/p>\n<p style=\"text-align: center\">\u00c4ven under tillverkningen av repen uppm\u00e4rksammas den b\u00e4sta kvaliteten, vilket \u00e4r mycket f\u00f6rdelaktigt f\u00f6r senare anv\u00e4ndning. Repen bearbetas och f\u00f6rfinas f\u00f6r hand till en mild vit finish.<\/p>\n<p style=\"text-align: center\">\u00c4ndarna knyts med sm\u00e5 trisque-knutar, vilket g\u00f6r knytningen mycket enklare.<\/p>\n<p>&nbsp;<\/p>\n<p><strong>Detaljer:<\/strong><\/p>\n<p>H\u00f6gklassig jute 4mm EXKLUSIVT<br \/>\n3-axelsvarv<br \/>\nL\u00e4tt karamellton<br \/>\nSm\u00e5 \u00e4ndknutar<br \/>\nL\u00e4ngd: 3x8m<br \/>\n(Repl\u00e4ngden kan variera med upp till 3% fr\u00e5n den angivna l\u00e4ngden.)<\/p>\n<p>&nbsp;<\/p>\n<p><span style=\"color: #ff0000\"><strong>Ett meddelande:<\/strong><\/span><\/p>\n<p>Kontrollera linorna regelbundet f\u00f6r slitage och skador!<br \/>\nOm rep sl\u00e5s eller vrids kan de lossna under anv\u00e4ndning!<br \/>\nTv\u00e4tta inte jute rep. Det \u00e4r b\u00e4st att reng\u00f6ra med en fuktig trasa.<\/p>\n<p>&nbsp;<\/p>\n<p><strong>Leveransens omfattning:<\/strong> 3x8m H\u00f6gklassig Jute 4mm EXKLUSIVT<\/p>\n<p>&nbsp;<\/p>","protected":false},"excerpt":{"rendered":"<p>Grundpris: 2,33 \u20ac\/m<\/p>\n<p>Leveranstid: 5-7 dagar*<\/p>","protected":false},"featured_media":8380,"template":"","meta":[],"product_brand":[],"product_cat":[349,216,222,294],"product_tag":[297,261,296],"class_list":{"0":"post-3087","1":"product","2":"type-product","3":"status-publish","4":"has-post-thumbnail","6":"product_cat-high-class-jute-4mm","7":"product_cat-bondageseile","8":"product_cat-alle-produkte","9":"product_cat-juteseile","10":"product_tag-juteseil","11":"product_tag-bondageseil","12":"product_tag-high-class-jute","14":"first","15":"instock","16":"taxable","17":"shipping-taxable","18":"purchasable","19":"product-type-simple"},"_links":{"self":[{"href":"https:\/\/bavarian-bondage.de\/sv\/wp-json\/wp\/v2\/product\/3087","targetHints":{"allow":["GET"]}}],"collection":[{"href":"https:\/\/bavarian-bondage.de\/sv\/wp-json\/wp\/v2\/product"}],"about":[{"href":"https:\/\/bavarian-bondage.de\/sv\/wp-json\/wp\/v2\/types\/product"}],"version-history":[{"count":5,"href":"https:\/\/bavarian-bondage.de\/sv\/wp-json\/wp\/v2\/product\/3087\/revisions"}],"predecessor-version":[{"id":16142,"href":"https:\/\/bavarian-bondage.de\/sv\/wp-json\/wp\/v2\/product\/3087\/revisions\/16142"}],"wp:featuredmedia":[{"embeddable":true,"href":"https:\/\/bavarian-bondage.de\/sv\/wp-json\/wp\/v2\/media\/8380"}],"wp:attachment":[{"href":"https:\/\/bavarian-bondage.de\/sv\/wp-json\/wp\/v2\/media?parent=3087"}],"wp:term":[{"taxonomy":"product_brand","embeddable":true,"href":"https:\/\/bavarian-bondage.de\/sv\/wp-json\/wp\/v2\/product_brand?post=3087"},{"taxonomy":"product_cat","embeddable":true,"href":"https:\/\/bavarian-bondage.de\/sv\/wp-json\/wp\/v2\/product_cat?post=3087"},{"taxonomy":"product_tag","embeddable":true,"href":"https:\/\/bavarian-bondage.de\/sv\/wp-json\/wp\/v2\/product_tag?post=3087"}],"curies":[{"name":"wp","href":"https:\/\/api.w.org\/{rel}","templated":true}]}}