{"id":3095,"date":"2020-10-17T12:55:22","date_gmt":"2020-10-17T10:55:22","guid":{"rendered":"https:\/\/bavarian-bondage.tivendo.com\/produkt\/import-placeholder-for-1528\/"},"modified":"2026-04-03T10:52:30","modified_gmt":"2026-04-03T08:52:30","slug":"hoegklassig-jute-6mm-exklusivt-set-10x8-och-2x4m","status":"publish","type":"product","link":"https:\/\/bavarian-bondage.de\/sv\/produkt\/high-class-jute-6mm-exklusiv-set-10x8-und-2x4m\/","title":{"rendered":"H\u00f6gklassig jute 6mm EXKLUSIVT; Set 10\u00d78 och 2x4m"},"content":{"rendered":"<h3 style=\"text-align: center\">H\u00f6gklassig jute 6mm EXKLUSIVT<\/h3>\n<p style=\"text-align: center\">Det stora professionella setet erbjuder massor av rep f\u00f6r kr\u00e4vande bondage. De tv\u00e5 korta repen kompletterar setet perfekt och erbjuder ett brett utbud av m\u00f6jliga anv\u00e4ndningsomr\u00e5den!<\/p>\n<p style=\"text-align: center\">\u00c4ven under tillverkningen av repen uppm\u00e4rksammas den b\u00e4sta kvaliteten, vilket \u00e4r mycket f\u00f6rdelaktigt f\u00f6r senare anv\u00e4ndning. Repen bearbetas och f\u00f6rfinas f\u00f6r hand till en mild vit finish.<\/p>\n<p style=\"text-align: center\">\u00c4ndarna knyts med sm\u00e5 trisque-knutar, vilket g\u00f6r knytningen mycket enklare.<\/p>\n<p>&nbsp;<\/p>\n<p><strong>Detaljer:<\/strong><\/p>\n<p>H\u00f6gklassig jute 6mm EXKLUSIVT<br \/>\n3-axelsvarv<br \/>\nL\u00e4tt karamellton<br \/>\nSm\u00e5 \u00e4ndknutar<br \/>\nL\u00e4ngd: 10x8m \/ 2x4m<br \/>\n(Repl\u00e4ngden kan variera med upp till 3% fr\u00e5n den angivna l\u00e4ngden.)<\/p>\n<p>&nbsp;<\/p>\n<p><span style=\"color: #ff0000\"><strong>Ett meddelande:<\/strong><\/span><\/p>\n<p>Kontrollera linorna regelbundet f\u00f6r slitage och skador!<br \/>\nOm rep sl\u00e5s eller vrids kan de lossna under anv\u00e4ndning!<br \/>\nTv\u00e4tta inte jute rep. Det \u00e4r b\u00e4st att reng\u00f6ra med en fuktig trasa.<\/p>\n<p>&nbsp;<\/p>\n<p><strong>Leveransens omfattning:<\/strong> 10x8m och 2x4m h\u00f6gklassig jute 6mm EXKLUSIVT<\/p>\n<p>&nbsp;<\/p>\n<hr \/>\n<blockquote>\n<p style=\"text-align: center\"><span style=\"color: #333399\">Informationen om produkterna tillhandah\u00e5lls efter b\u00e4sta kunskap och \u00f6vertygelse. Alla m\u00e5tt \u00e4r ungef\u00e4rliga. Anv\u00e4ndningen av produkterna som erbjuds h\u00e4r i butiken sker p\u00e5 egen risk. Varje person reagerar olika p\u00e5 yttre p\u00e5verkan, p\u00e5 njutning eller sm\u00e4rta, etc. D\u00e4rf\u00f6r kan inget ansvar accepteras f\u00f6r felaktig anv\u00e4ndning.  Varje anv\u00e4ndare b\u00e4r det fulla ansvaret f\u00f6r anv\u00e4ndning eller korrekt anv\u00e4ndning av produkterna och dess of\u00f6rutsebara konsekvenser.<\/span><\/p>\n<\/blockquote>","protected":false},"excerpt":{"rendered":"<p>Grundpris: 2,84 \u20ac\/m<\/p>\n<p>Leveranstid: 5-7 dagar*<\/p>","protected":false},"featured_media":8361,"template":"","meta":[],"product_brand":[],"product_cat":[216,222,294,353],"product_tag":[221,261,296],"class_list":{"0":"post-3095","1":"product","2":"type-product","3":"status-publish","4":"has-post-thumbnail","6":"product_cat-bondageseile","7":"product_cat-alle-produkte","8":"product_cat-juteseile","9":"product_cat-high-class-jute-6mm","10":"product_tag-seilset","11":"product_tag-bondageseil","12":"product_tag-high-class-jute","14":"first","15":"instock","16":"taxable","17":"shipping-taxable","18":"purchasable","19":"product-type-simple"},"_links":{"self":[{"href":"https:\/\/bavarian-bondage.de\/sv\/wp-json\/wp\/v2\/product\/3095","targetHints":{"allow":["GET"]}}],"collection":[{"href":"https:\/\/bavarian-bondage.de\/sv\/wp-json\/wp\/v2\/product"}],"about":[{"href":"https:\/\/bavarian-bondage.de\/sv\/wp-json\/wp\/v2\/types\/product"}],"version-history":[{"count":6,"href":"https:\/\/bavarian-bondage.de\/sv\/wp-json\/wp\/v2\/product\/3095\/revisions"}],"predecessor-version":[{"id":13843,"href":"https:\/\/bavarian-bondage.de\/sv\/wp-json\/wp\/v2\/product\/3095\/revisions\/13843"}],"wp:featuredmedia":[{"embeddable":true,"href":"https:\/\/bavarian-bondage.de\/sv\/wp-json\/wp\/v2\/media\/8361"}],"wp:attachment":[{"href":"https:\/\/bavarian-bondage.de\/sv\/wp-json\/wp\/v2\/media?parent=3095"}],"wp:term":[{"taxonomy":"product_brand","embeddable":true,"href":"https:\/\/bavarian-bondage.de\/sv\/wp-json\/wp\/v2\/product_brand?post=3095"},{"taxonomy":"product_cat","embeddable":true,"href":"https:\/\/bavarian-bondage.de\/sv\/wp-json\/wp\/v2\/product_cat?post=3095"},{"taxonomy":"product_tag","embeddable":true,"href":"https:\/\/bavarian-bondage.de\/sv\/wp-json\/wp\/v2\/product_tag?post=3095"}],"curies":[{"name":"wp","href":"https:\/\/api.w.org\/{rel}","templated":true}]}}