{"id":3111,"date":"2020-10-17T12:57:24","date_gmt":"2020-10-17T10:57:24","guid":{"rendered":"https:\/\/bavarian-bondage.tivendo.com\/produkt\/import-placeholder-for-1704\/"},"modified":"2026-01-05T09:25:10","modified_gmt":"2026-01-05T08:25:10","slug":"bambu-flogger","status":"publish","type":"product","link":"https:\/\/bavarian-bondage.de\/sv\/produkt\/bambus-flogger\/","title":{"rendered":"Bambu flogger"},"content":{"rendered":"<h3 style=\"text-align: center\">Bambu flogger<\/h3>\n<p style=\"text-align: center\">Bambufloggaren \u00e4r ett intressant alternativ till piskor och gr\u00f6dor. Precis som v\u00e5r reppiska \u00e4r handtaget av rostfritt st\u00e5l och har en valn\u00f6tsfinish. Floggern best\u00e5r av 16 runda bambust\u00e4nger med en diameter p\u00e5 5 mm. N\u00e4r de enskilda stavarna krockar med varandra produceras en relativt h\u00f6g sm\u00e4ll, vilket kan g\u00f6ra operationen v\u00e4ldigt sp\u00e4nnande.<\/p>\n<p>&nbsp;<\/p>\n<p><strong>Detaljer:<\/strong><\/p>\n<p>Material: rostfritt st\u00e5l, bambu, valn\u00f6t<br \/>\nF\u00e4rg: silver, ljusbrun<br \/>\nTotal l\u00e4ngd: 51 cm<br \/>\nHandtagsl\u00e4ngd: 14,5 cm<br \/>\nHandtagsbredd: 21mm<\/p>\n<p>&nbsp;<\/p>\n<p><strong>Leveransens omfattning:<\/strong> 1 bambu flogger<\/p>\n<p>&nbsp;<\/p>\n<hr \/>\n<blockquote>\n<p style=\"text-align: center\"><span style=\"color: #333399\">\u00a0Informationen om produkterna tillhandah\u00e5lls efter b\u00e4sta kunskap och \u00f6vertygelse. Alla m\u00e5tt \u00e4r ungef\u00e4rliga. Anv\u00e4ndningen av produkterna som erbjuds h\u00e4r i butiken sker p\u00e5 egen risk. Varje person reagerar olika p\u00e5 yttre p\u00e5verkan, p\u00e5 njutning eller sm\u00e4rta, etc. D\u00e4rf\u00f6r kan inget ansvar accepteras f\u00f6r felaktig anv\u00e4ndning.  Varje anv\u00e4ndare b\u00e4r det fulla ansvaret f\u00f6r anv\u00e4ndning eller korrekt anv\u00e4ndning av produkterna och dess of\u00f6rutsebara konsekvenser.<\/span><\/p>\n<\/blockquote>","protected":false},"excerpt":{"rendered":"<p>Leveranstid: 5-7 dagar*<\/p>","protected":false},"featured_media":8654,"template":"","meta":[],"product_brand":[],"product_cat":[224,252,222],"product_tag":[],"class_list":{"0":"post-3111","1":"product","2":"type-product","3":"status-publish","4":"has-post-thumbnail","6":"product_cat-lustschmerz","7":"product_cat-peitschen-gerten","8":"product_cat-alle-produkte","10":"first","11":"outofstock","12":"taxable","13":"shipping-taxable","14":"purchasable","15":"product-type-simple"},"_links":{"self":[{"href":"https:\/\/bavarian-bondage.de\/sv\/wp-json\/wp\/v2\/product\/3111","targetHints":{"allow":["GET"]}}],"collection":[{"href":"https:\/\/bavarian-bondage.de\/sv\/wp-json\/wp\/v2\/product"}],"about":[{"href":"https:\/\/bavarian-bondage.de\/sv\/wp-json\/wp\/v2\/types\/product"}],"version-history":[{"count":3,"href":"https:\/\/bavarian-bondage.de\/sv\/wp-json\/wp\/v2\/product\/3111\/revisions"}],"predecessor-version":[{"id":13984,"href":"https:\/\/bavarian-bondage.de\/sv\/wp-json\/wp\/v2\/product\/3111\/revisions\/13984"}],"wp:featuredmedia":[{"embeddable":true,"href":"https:\/\/bavarian-bondage.de\/sv\/wp-json\/wp\/v2\/media\/8654"}],"wp:attachment":[{"href":"https:\/\/bavarian-bondage.de\/sv\/wp-json\/wp\/v2\/media?parent=3111"}],"wp:term":[{"taxonomy":"product_brand","embeddable":true,"href":"https:\/\/bavarian-bondage.de\/sv\/wp-json\/wp\/v2\/product_brand?post=3111"},{"taxonomy":"product_cat","embeddable":true,"href":"https:\/\/bavarian-bondage.de\/sv\/wp-json\/wp\/v2\/product_cat?post=3111"},{"taxonomy":"product_tag","embeddable":true,"href":"https:\/\/bavarian-bondage.de\/sv\/wp-json\/wp\/v2\/product_tag?post=3111"}],"curies":[{"name":"wp","href":"https:\/\/api.w.org\/{rel}","templated":true}]}}