{"id":3116,"date":"2020-10-17T12:57:25","date_gmt":"2020-10-17T10:57:25","guid":{"rendered":"https:\/\/bavarian-bondage.tivendo.com\/produkt\/import-placeholder-for-1719\/"},"modified":"2026-04-12T09:14:43","modified_gmt":"2026-04-12T07:14:43","slug":"shibaku-volym-1","status":"publish","type":"product","link":"https:\/\/bavarian-bondage.de\/sv\/produkt\/shibaku-band-1\/","title":{"rendered":"Shibaku volym 1"},"content":{"rendered":"<h2 style=\"text-align: center\">\u00a0Shibaku volym 1<\/h2>\n<h3 style=\"text-align: center\">GRUNDL\u00c4GGANDE OCH GRUNDL\u00c4GGANDE (Pocketbok)<\/h3>\n<p style=\"text-align: center\">Grunderna i att arbeta med rep och modeller presenteras och beskrivs i 11 kapitel. Olika processer illustreras steg f\u00f6r steg p\u00e5 176 sidor med \u00f6ver 500 f\u00e4rgillustrationer.<\/p>\n<p>&nbsp;<\/p>\n<p><strong>De enskilda kapitlen:<\/strong><\/p>\n<p><strong>Introduktion<\/strong> \u2013 Bind med rep<br \/>\n<strong>Reputrustning<\/strong> \u2013 Rep som verktyg<br \/>\n<strong>Knut i repet<\/strong> \u2013 En liten knut ABC<br \/>\n<strong>Tekniker<\/strong> \u2013 Grundelement med rep<br \/>\n<strong>Binda upp<\/strong> \u2013 Hand- och ankelmanschetter med rep<br \/>\n<strong>Karada<\/strong> \u2013 Rep under vardagskl\u00e4der<br \/>\n<strong>Bindningen<\/strong> \u2013 Rep p\u00e5 \u00f6verkroppen utan att begr\u00e4nsa r\u00f6relsen<br \/>\n<strong>\u00f6verkroppen<\/strong> \u2013 Begr\u00e4nsning av r\u00f6relse med ett rep<br \/>\n<strong>Ta Kote<\/strong> \u2013 En Takate Kote med tv\u00e5 rep<br \/>\n<strong>Underkropp<\/strong> \u2013 Rep p\u00e5 underkroppen<br \/>\n<strong>Bondage tips<\/strong> \u2013 Knuten med rep \u2013 Vad nu?<\/p>\n<p>&nbsp;<\/p>\n<p><strong>Detaljer:<\/strong><\/p>\n<p>Publicerad av: Peter Wettstein<br \/>\nBindning: Mjukt omslag<br \/>\nSidor: 176 sidor<br \/>\nF\u00f6rfattare: Peter Wettstein<br \/>\n\u00c5r: 2017<br \/>\nISBN: 978-3-9524407-2-8<br \/>\nTysk utg\u00e5va<\/p>\n<p><strong>Leveransens omfattning:<\/strong> Shibaku volym 1<\/p>\n<p>&nbsp;<\/p>\n<hr \/>\n<blockquote>\n<p style=\"text-align: center\"><span style=\"color: #333399\">\u00a0Informationen om produkterna tillhandah\u00e5lls efter b\u00e4sta kunskap och \u00f6vertygelse. Alla m\u00e5tt \u00e4r ungef\u00e4rliga. Anv\u00e4ndningen av produkterna som erbjuds h\u00e4r i butiken sker p\u00e5 egen risk. Varje person reagerar olika p\u00e5 yttre p\u00e5verkan, p\u00e5 njutning eller sm\u00e4rta, etc. D\u00e4rf\u00f6r kan inget ansvar accepteras f\u00f6r felaktig anv\u00e4ndning.  Varje anv\u00e4ndare b\u00e4r det fulla ansvaret f\u00f6r anv\u00e4ndning eller korrekt anv\u00e4ndning av produkterna och dess of\u00f6rutsebara konsekvenser.<\/span><\/p>\n<\/blockquote>\n<p>&nbsp;<\/p>","protected":false},"excerpt":{"rendered":"<p>Leveranstid: 5-7 dagar*<\/p>","protected":false},"featured_media":8502,"template":"","meta":[],"product_brand":[],"product_cat":[222,233,358],"product_tag":[359],"class_list":{"0":"post-3116","1":"product","2":"type-product","3":"status-publish","4":"has-post-thumbnail","6":"product_cat-alle-produkte","7":"product_cat-bondage-zubehoer","8":"product_cat-buecher","9":"product_tag-shibaku","11":"first","12":"instock","13":"taxable","14":"shipping-taxable","15":"purchasable","16":"product-type-simple"},"_links":{"self":[{"href":"https:\/\/bavarian-bondage.de\/sv\/wp-json\/wp\/v2\/product\/3116","targetHints":{"allow":["GET"]}}],"collection":[{"href":"https:\/\/bavarian-bondage.de\/sv\/wp-json\/wp\/v2\/product"}],"about":[{"href":"https:\/\/bavarian-bondage.de\/sv\/wp-json\/wp\/v2\/types\/product"}],"version-history":[{"count":4,"href":"https:\/\/bavarian-bondage.de\/sv\/wp-json\/wp\/v2\/product\/3116\/revisions"}],"predecessor-version":[{"id":16507,"href":"https:\/\/bavarian-bondage.de\/sv\/wp-json\/wp\/v2\/product\/3116\/revisions\/16507"}],"wp:featuredmedia":[{"embeddable":true,"href":"https:\/\/bavarian-bondage.de\/sv\/wp-json\/wp\/v2\/media\/8502"}],"wp:attachment":[{"href":"https:\/\/bavarian-bondage.de\/sv\/wp-json\/wp\/v2\/media?parent=3116"}],"wp:term":[{"taxonomy":"product_brand","embeddable":true,"href":"https:\/\/bavarian-bondage.de\/sv\/wp-json\/wp\/v2\/product_brand?post=3116"},{"taxonomy":"product_cat","embeddable":true,"href":"https:\/\/bavarian-bondage.de\/sv\/wp-json\/wp\/v2\/product_cat?post=3116"},{"taxonomy":"product_tag","embeddable":true,"href":"https:\/\/bavarian-bondage.de\/sv\/wp-json\/wp\/v2\/product_tag?post=3116"}],"curies":[{"name":"wp","href":"https:\/\/api.w.org\/{rel}","templated":true}]}}