{"id":3117,"date":"2020-10-17T12:57:25","date_gmt":"2020-10-17T10:57:25","guid":{"rendered":"https:\/\/bavarian-bondage.tivendo.com\/produkt\/import-placeholder-for-1720\/"},"modified":"2026-03-22T19:15:24","modified_gmt":"2026-03-22T18:15:24","slug":"shibaku-volym-2","status":"publish","type":"product","link":"https:\/\/bavarian-bondage.de\/sv\/produkt\/shibaku-band-2\/","title":{"rendered":"Shibaku volym 2"},"content":{"rendered":"<h2 style=\"text-align: center\">\u00a0Shibaku volym 2<\/h2>\n<h3 style=\"text-align: center\">Takate Kote och \u00f6verkropp (Paperback)<\/h3>\n<p style=\"text-align: center\">De viktigaste kabelstyrningarna p\u00e5 \u00f6verkroppen presenteras i 11 kapitel. Dessa inkluderar f\u00f6rutom olika Takate-kote-versioner \u00e4ven en Hishi-shibari, en Giai eller en Teppo. De olika processerna visas och beskrivs steg-f\u00f6r-steg p\u00e5 176 sidor med \u00f6ver 450 f\u00e4rgillustrationer.<\/p>\n<p>&nbsp;<\/p>\n<p><strong>De enskilda kapitlen:<\/strong><\/p>\n<p><strong>Introduktion<\/strong> \u2013 Betydelsen av Takate kote<br \/>\n<strong>Ta Kote<\/strong> \u2013 Klassikern enligt Osada Ryu<br \/>\n<strong>V\u00e4sterl\u00e4ndsk stil<\/strong> \u2013 En tolkning<br \/>\n<strong>Till\u00e4gg<\/strong> \u2013 \u00c5terst\u00e5ende rep och avslutningsteknik<br \/>\n<strong>Varianter<\/strong> \u2013 Id\u00e9er och m\u00f6jligheter<br \/>\n<strong>Hishi<\/strong> \u2013 En Takate kote med en repkl\u00e4nning<br \/>\n<strong>Gyaku Gote Shibari<\/strong> \u2013 Armarna korsade framf\u00f6r magen<br \/>\n<strong>Jiai Shibari<\/strong> \u2013 H\u00e4nderna knutna framf\u00f6r br\u00f6stet<br \/>\n<strong>Dragonfly \u00e4rm<\/strong> \u2013 En komplex armbindning<br \/>\n<strong>Teppou<\/strong> \u2013 Gev\u00e4ret axlade<br \/>\n<strong>Usagi<\/strong> \u2013 Kanin\u00f6ronen<\/p>\n<p>&nbsp;<\/p>\n<p><strong>Detaljer:<\/strong><\/p>\n<p>Publicerad av: Peter Wettstein<br \/>\nBindning: Mjukt omslag<br \/>\nSidor: 176<br \/>\nF\u00f6rfattare: Peter Wettstein<br \/>\n\u00c5r: 2017<br \/>\nISBN: 978-3-9524407-3-5<br \/>\nTysk utg\u00e5va<\/p>\n<p><strong>Leveransens omfattning:<\/strong> Shibaku volym 2<\/p>\n<p>&nbsp;<\/p>\n<hr \/>\n<blockquote>\n<p style=\"text-align: center\"><span style=\"color: #333399\">\u00a0Informationen om produkterna tillhandah\u00e5lls efter b\u00e4sta kunskap och \u00f6vertygelse. Alla m\u00e5tt \u00e4r ungef\u00e4rliga. Anv\u00e4ndningen av produkterna som erbjuds h\u00e4r i butiken sker p\u00e5 egen risk. Varje person reagerar olika p\u00e5 yttre p\u00e5verkan, p\u00e5 njutning eller sm\u00e4rta, etc. D\u00e4rf\u00f6r kan inget ansvar accepteras f\u00f6r felaktig anv\u00e4ndning.  Varje anv\u00e4ndare b\u00e4r det fulla ansvaret f\u00f6r anv\u00e4ndning eller korrekt anv\u00e4ndning av produkterna och dess of\u00f6rutsebara konsekvenser.<\/span><\/p>\n<\/blockquote>","protected":false},"excerpt":{"rendered":"<p>Leveranstid: 5-7 dagar*<\/p>","protected":false},"featured_media":8503,"template":"","meta":[],"product_brand":[],"product_cat":[222,233,358],"product_tag":[359],"class_list":{"0":"post-3117","1":"product","2":"type-product","3":"status-publish","4":"has-post-thumbnail","6":"product_cat-alle-produkte","7":"product_cat-bondage-zubehoer","8":"product_cat-buecher","9":"product_tag-shibaku","11":"first","12":"instock","13":"taxable","14":"shipping-taxable","15":"purchasable","16":"product-type-simple"},"_links":{"self":[{"href":"https:\/\/bavarian-bondage.de\/sv\/wp-json\/wp\/v2\/product\/3117","targetHints":{"allow":["GET"]}}],"collection":[{"href":"https:\/\/bavarian-bondage.de\/sv\/wp-json\/wp\/v2\/product"}],"about":[{"href":"https:\/\/bavarian-bondage.de\/sv\/wp-json\/wp\/v2\/types\/product"}],"version-history":[{"count":3,"href":"https:\/\/bavarian-bondage.de\/sv\/wp-json\/wp\/v2\/product\/3117\/revisions"}],"predecessor-version":[{"id":15606,"href":"https:\/\/bavarian-bondage.de\/sv\/wp-json\/wp\/v2\/product\/3117\/revisions\/15606"}],"wp:featuredmedia":[{"embeddable":true,"href":"https:\/\/bavarian-bondage.de\/sv\/wp-json\/wp\/v2\/media\/8503"}],"wp:attachment":[{"href":"https:\/\/bavarian-bondage.de\/sv\/wp-json\/wp\/v2\/media?parent=3117"}],"wp:term":[{"taxonomy":"product_brand","embeddable":true,"href":"https:\/\/bavarian-bondage.de\/sv\/wp-json\/wp\/v2\/product_brand?post=3117"},{"taxonomy":"product_cat","embeddable":true,"href":"https:\/\/bavarian-bondage.de\/sv\/wp-json\/wp\/v2\/product_cat?post=3117"},{"taxonomy":"product_tag","embeddable":true,"href":"https:\/\/bavarian-bondage.de\/sv\/wp-json\/wp\/v2\/product_tag?post=3117"}],"curies":[{"name":"wp","href":"https:\/\/api.w.org\/{rel}","templated":true}]}}