{"id":3118,"date":"2020-10-17T12:57:25","date_gmt":"2020-10-17T10:57:25","guid":{"rendered":"https:\/\/bavarian-bondage.tivendo.com\/produkt\/import-placeholder-for-1722\/"},"modified":"2026-02-25T08:57:18","modified_gmt":"2026-02-25T07:57:18","slug":"shibaku-volym-3","status":"publish","type":"product","link":"https:\/\/bavarian-bondage.de\/sv\/produkt\/shibaku-band-3\/","title":{"rendered":"Shibaku volym 3"},"content":{"rendered":"<h2 style=\"text-align: center\">\u00a0Shibaku volym 3<\/h2>\n<h3 style=\"text-align: center\">Ta av och flyg (h\u00e4ftad)<\/h3>\n<p style=\"text-align: center\">I den tredje volymen presenteras och f\u00f6rklaras grunderna f\u00f6r semi- och suspension i 11 kapitel. F\u00f6rutom olika semi-fj\u00e4dringsalternativ ing\u00e5r \u00e4ven enkla upph\u00e4ngningar fr\u00e5n Giri-Giri till Yoko-zuri. De olika processerna visas och beskrivs steg-f\u00f6r-steg p\u00e5 176 sidor med otaliga f\u00e4rgillustrationer.<\/p>\n<p>&nbsp;<\/p>\n<p><strong>De enskilda kapitlen:<\/strong><\/p>\n<p><strong>Introduktion<\/strong> \u2013 Allm\u00e4n information om halvfj\u00e4dring och fj\u00e4dring<br \/>\n<strong>S\u00e4kerhet<\/strong> \u2013 En s\u00e4ker upph\u00e4ngning<br \/>\n<strong>Verktyget<\/strong> \u2013 Ring, tub, karbinhake, rep och andra hj\u00e4lpmedel<br \/>\n<strong>Teori och praktik<\/strong> \u2013 Vad beh\u00f6ver man ta h\u00e4nsyn till<br \/>\n<strong>Bef\u00e4stningen<\/strong> \u2013 Fr\u00e5n ankarpunkt till modell<br \/>\n<b>\u00d6verg\u00e5ngen <\/b>\u2013 Kroppsdelar i luften<br \/>\n<b>halvfj\u00e4drar <\/b>\u2013 Fr\u00e5n Futomomo till Strappado<br \/>\n<strong>V\u00e4gen upp i luften<\/strong> \u2013 F\u00f6r- och nackdelar med en fj\u00e4dring<br \/>\n<strong>Lyfta upp<\/strong> \u2013 Fr\u00e5n Girigiri till Face Down<br \/>\n<strong>Flyga<\/strong> \u2013 Yoko \u2013 zuri och h\u00f6ftsele<br \/>\n<strong>Och nu?<\/strong> \u2013 F\u00f6re under och efter avst\u00e4ngningen<\/p>\n<p>&nbsp;<\/p>\n<p><strong>Detaljer:<\/strong><\/p>\n<p>Publicerad av: Peter Wettstein<br \/>\nBindning: Mjukt omslag<br \/>\nSidor: 176<br \/>\nF\u00f6rfattare: Peter Wettstein<br \/>\n\u00c5r: 2019<br \/>\nISBN: 978-3-9524407-2-8<br \/>\nTysk utg\u00e5va<\/p>\n<p>&nbsp;<\/p>\n<p><strong>Leveransens omfattning:<\/strong> Shibaku volym 3<\/p>\n<p>&nbsp;<\/p>\n<p>&nbsp;<\/p>\n<hr \/>\n<blockquote>\n<p style=\"text-align: center\"><span style=\"color: #333399\">\u00a0Informationen om produkterna tillhandah\u00e5lls efter b\u00e4sta kunskap och \u00f6vertygelse. Alla m\u00e5tt \u00e4r ungef\u00e4rliga. Anv\u00e4ndningen av produkterna som erbjuds h\u00e4r i butiken sker p\u00e5 egen risk. Varje person reagerar olika p\u00e5 yttre p\u00e5verkan, p\u00e5 njutning eller sm\u00e4rta, etc. D\u00e4rf\u00f6r kan inget ansvar accepteras f\u00f6r felaktig anv\u00e4ndning.  Varje anv\u00e4ndare b\u00e4r det fulla ansvaret f\u00f6r anv\u00e4ndning eller korrekt anv\u00e4ndning av produkterna och dess of\u00f6rutsebara konsekvenser.<\/span><\/p>\n<\/blockquote>","protected":false},"excerpt":{"rendered":"<p>Leveranstid: 5-7 dagar*<\/p>","protected":false},"featured_media":8507,"template":"","meta":[],"product_brand":[],"product_cat":[222,233,358],"product_tag":[],"class_list":{"0":"post-3118","1":"product","2":"type-product","3":"status-publish","4":"has-post-thumbnail","6":"product_cat-alle-produkte","7":"product_cat-bondage-zubehoer","8":"product_cat-buecher","10":"first","11":"instock","12":"taxable","13":"shipping-taxable","14":"purchasable","15":"product-type-simple"},"_links":{"self":[{"href":"https:\/\/bavarian-bondage.de\/sv\/wp-json\/wp\/v2\/product\/3118","targetHints":{"allow":["GET"]}}],"collection":[{"href":"https:\/\/bavarian-bondage.de\/sv\/wp-json\/wp\/v2\/product"}],"about":[{"href":"https:\/\/bavarian-bondage.de\/sv\/wp-json\/wp\/v2\/types\/product"}],"version-history":[{"count":4,"href":"https:\/\/bavarian-bondage.de\/sv\/wp-json\/wp\/v2\/product\/3118\/revisions"}],"predecessor-version":[{"id":15607,"href":"https:\/\/bavarian-bondage.de\/sv\/wp-json\/wp\/v2\/product\/3118\/revisions\/15607"}],"wp:featuredmedia":[{"embeddable":true,"href":"https:\/\/bavarian-bondage.de\/sv\/wp-json\/wp\/v2\/media\/8507"}],"wp:attachment":[{"href":"https:\/\/bavarian-bondage.de\/sv\/wp-json\/wp\/v2\/media?parent=3118"}],"wp:term":[{"taxonomy":"product_brand","embeddable":true,"href":"https:\/\/bavarian-bondage.de\/sv\/wp-json\/wp\/v2\/product_brand?post=3118"},{"taxonomy":"product_cat","embeddable":true,"href":"https:\/\/bavarian-bondage.de\/sv\/wp-json\/wp\/v2\/product_cat?post=3118"},{"taxonomy":"product_tag","embeddable":true,"href":"https:\/\/bavarian-bondage.de\/sv\/wp-json\/wp\/v2\/product_tag?post=3118"}],"curies":[{"name":"wp","href":"https:\/\/api.w.org\/{rel}","templated":true}]}}