{"id":3130,"date":"2020-10-17T12:57:33","date_gmt":"2020-10-17T10:57:33","guid":{"rendered":"https:\/\/bavarian-bondage.tivendo.com\/produkt\/import-placeholder-for-2112\/"},"modified":"2026-03-30T16:57:53","modified_gmt":"2026-03-30T14:57:53","slug":"shibaku-volym-1-3","status":"publish","type":"product","link":"https:\/\/bavarian-bondage.de\/sv\/produkt\/shibaku-band-1-3\/","title":{"rendered":"Shibaku volym 1 \u2013 3"},"content":{"rendered":"<h2 style=\"text-align: center\">Shibaku volym 1 \u2013 3<\/h2>\n<p>&nbsp;<\/p>\n<p style=\"text-align: center\">\u00d6versikt:<\/p>\n<h2 style=\"text-align: center\">Shibaku volym 1<\/h2>\n<h3 style=\"text-align: center\">GRUNDL\u00c4GGANDE OCH GRUNDL\u00c4GGANDE (Pocketbok)<\/h3>\n<p style=\"text-align: center\">Grunderna i att anv\u00e4nda rep och modeller presenteras och beskrivs i 11 kapitel. Olika processer visas steg-f\u00f6r-steg p\u00e5 176 sidor med \u00f6ver 500 f\u00e4rgade illustrationer.<\/p>\n<p>&nbsp;<\/p>\n<p><strong>De enskilda kapitlen:<\/strong><\/p>\n<p><strong>Introduktion<\/strong> \u2013 Bind med rep<br \/>\n<strong>Reputrustning<\/strong> \u2013 Rep som verktyg<br \/>\n<strong>Knut i repet<\/strong> \u2013 En liten knut ABC<br \/>\n<strong>Tekniker<\/strong> \u2013 Grundelement med rep<br \/>\n<strong>Binda upp<\/strong> \u2013 Hand- och ankelmanschetter med rep<br \/>\n<strong>Karada<\/strong> \u2013 Rep under vardagskl\u00e4der<br \/>\n<strong>Bindningen<\/strong> \u2013 Rep p\u00e5 \u00f6verkroppen utan att begr\u00e4nsa r\u00f6relsen<br \/>\n<strong>\u00f6verkroppen<\/strong> \u2013 Begr\u00e4nsning av r\u00f6relse med ett rep<br \/>\n<strong>Ta Kote<\/strong> \u2013 En Takate Kote med tv\u00e5 rep<br \/>\n<strong>Underkropp<\/strong> \u2013 Rep p\u00e5 underkroppen<br \/>\n<strong>Bondage tips<\/strong> \u2013 Knuten med rep \u2013 Vad nu?<\/p>\n<p>&nbsp;<\/p>\n<p><strong>Detaljer:<\/strong><\/p>\n<p>Publicerad av: Peter Wettstein<br \/>\nBindning: Mjukt omslag<br \/>\nSidor: 176 sidor<br \/>\nF\u00f6rfattare: Peter Wettstein<br \/>\n\u00c5r: 2016<br \/>\nISBN: 978-3-9524407-2-8<br \/>\nTysk utg\u00e5va<\/p>\n<hr \/>\n<h2 style=\"text-align: center\">\u00a0Shibaku volym 2<\/h2>\n<h3 style=\"text-align: center\">Takate Kote och \u00f6verkropp (Paperback)<\/h3>\n<p style=\"text-align: center\">De viktigaste kabelstyrningarna p\u00e5 \u00f6verkroppen presenteras i 11 kapitel. Dessa inkluderar f\u00f6rutom olika Takate-kote-versioner \u00e4ven en Hishi-shibari, en Giai eller en Teppo. De olika processerna visas och beskrivs steg-f\u00f6r-steg p\u00e5 176 sidor med \u00f6ver 450 f\u00e4rgillustrationer.<\/p>\n<p>&nbsp;<\/p>\n<p><strong>De enskilda kapitlen:<\/strong><\/p>\n<p><strong>Introduktion<\/strong> \u2013 Betydelsen av Takate kote<br \/>\n<strong>Ta Kote<\/strong> \u2013 Klassikern enligt Osada Ryu<br \/>\n<strong>V\u00e4sterl\u00e4ndsk stil<\/strong> \u2013 En tolkning<br \/>\n<strong>Till\u00e4gg<\/strong> \u2013 \u00c5terst\u00e5ende rep och avslutningsteknik<br \/>\n<strong>Varianter<\/strong> \u2013 Id\u00e9er och m\u00f6jligheter<br \/>\n<strong>Hishi<\/strong> \u2013 En Takate kote med en repkl\u00e4nning<br \/>\n<strong>Gyaku Gote Shibari<\/strong> \u2013 Armarna korsade framf\u00f6r magen<br \/>\n<strong>Jiai Shibari<\/strong> \u2013 H\u00e4nderna knutna framf\u00f6r br\u00f6stet<br \/>\n<strong>Dragonfly \u00e4rm<\/strong> \u2013 En komplex armbindning<br \/>\n<strong>Teppou<\/strong> \u2013 Gev\u00e4ret axlade<br \/>\n<strong>Usagi<\/strong> \u2013 Kanin\u00f6ronen<\/p>\n<p>&nbsp;<\/p>\n<p><strong>Detaljer:<\/strong><\/p>\n<p>Publicerad av: Peter Wettstein<br \/>\nBindning: Mjukt omslag<br \/>\nSidor: 176<br \/>\nF\u00f6rfattare: Peter Wettstein<br \/>\n\u00c5r: 2017<br \/>\nISBN: 978-3-9524407-3-5<br \/>\nTysk utg\u00e5va<\/p>\n<hr \/>\n<h2 style=\"text-align: center\">\u00a0Shibaku volym 3<\/h2>\n<h3 style=\"text-align: center\">Ta av och flyg (h\u00e4ftad)<\/h3>\n<p style=\"text-align: center\">I den tredje volymen presenteras och f\u00f6rklaras grunderna f\u00f6r semi- och suspension i 11 kapitel. F\u00f6rutom olika semi-fj\u00e4dringsalternativ ing\u00e5r \u00e4ven enkla upph\u00e4ngningar fr\u00e5n Giri-Giri till Yoko-zuri. De olika processerna visas och beskrivs steg-f\u00f6r-steg p\u00e5 176 sidor med otaliga f\u00e4rgillustrationer.<\/p>\n<p>&nbsp;<\/p>\n<p><strong>De enskilda kapitlen:<\/strong><\/p>\n<p><strong>Introduktion<\/strong> \u2013 Allm\u00e4n information om halvfj\u00e4dring och fj\u00e4dring<br \/>\n<strong>S\u00e4kerhet<\/strong> \u2013 En s\u00e4ker upph\u00e4ngning<br \/>\n<strong>Verktyget<\/strong> \u2013 Ring, tub, karbinhake, rep och andra hj\u00e4lpmedel<br \/>\n<strong>Teori och praktik<\/strong> \u2013 Vad beh\u00f6ver man ta h\u00e4nsyn till<br \/>\n<strong>Bef\u00e4stningen<\/strong> \u2013 Fr\u00e5n ankarpunkt till modell<br \/>\n<b>\u00d6verg\u00e5ngen <\/b>\u2013 Kroppsdelar i luften<br \/>\n<b>halvfj\u00e4drar <\/b>\u2013 Fr\u00e5n Futomomo till Strappado<br \/>\n<strong>V\u00e4gen upp i luften<\/strong> \u2013 F\u00f6r- och nackdelar med en fj\u00e4dring<br \/>\n<strong>Lyfta upp<\/strong> \u2013 Fr\u00e5n Girigiri till Face Down<br \/>\n<strong>Flyga<\/strong> \u2013 Yoko \u2013 zuri och h\u00f6ftsele<br \/>\n<strong>Och nu?<\/strong> \u2013 F\u00f6re under och efter avst\u00e4ngningen<\/p>\n<p>&nbsp;<\/p>\n<p><strong>Detaljer:<\/strong><\/p>\n<p>Publicerad av: Peter Wettstein<br \/>\nBindning: Mjukt omslag<br \/>\nSidor: 176<br \/>\nF\u00f6rfattare: Peter Wettstein<br \/>\n\u00c5r: 2019<br \/>\nISBN: 978-3-9524407-2-8<br \/>\nTysk utg\u00e5va<\/p>\n<p>&nbsp;<\/p>\n<p><strong>Leveransens omfattning:<\/strong> Shibaku volymerna 1, 2 och 3<\/p>\n<p>&nbsp;<\/p>\n<p>&nbsp;<\/p>\n<hr \/>\n<blockquote>\n<p style=\"text-align: center\"><span style=\"color: #333399\">\u00a0Informationen om produkterna tillhandah\u00e5lls efter b\u00e4sta kunskap och \u00f6vertygelse. Alla m\u00e5tt \u00e4r ungef\u00e4rliga. Anv\u00e4ndningen av produkterna som erbjuds h\u00e4r i butiken sker p\u00e5 egen risk. Varje person reagerar olika p\u00e5 yttre p\u00e5verkan, p\u00e5 njutning eller sm\u00e4rta, etc. D\u00e4rf\u00f6r kan inget ansvar accepteras f\u00f6r felaktig anv\u00e4ndning.  Varje anv\u00e4ndare b\u00e4r det fulla ansvaret f\u00f6r anv\u00e4ndning eller korrekt anv\u00e4ndning av produkterna och dess of\u00f6rutsebara konsekvenser.<\/span><\/p>\n<\/blockquote>","protected":false},"excerpt":{"rendered":"<p>Leveranstid: 5-7 dagar*<\/p>","protected":false},"featured_media":8501,"template":"","meta":[],"product_brand":[],"product_cat":[222,358],"product_tag":[],"class_list":{"0":"post-3130","1":"product","2":"type-product","3":"status-publish","4":"has-post-thumbnail","6":"product_cat-alle-produkte","7":"product_cat-buecher","9":"first","10":"instock","11":"taxable","12":"shipping-taxable","13":"purchasable","14":"product-type-simple"},"_links":{"self":[{"href":"https:\/\/bavarian-bondage.de\/sv\/wp-json\/wp\/v2\/product\/3130","targetHints":{"allow":["GET"]}}],"collection":[{"href":"https:\/\/bavarian-bondage.de\/sv\/wp-json\/wp\/v2\/product"}],"about":[{"href":"https:\/\/bavarian-bondage.de\/sv\/wp-json\/wp\/v2\/types\/product"}],"version-history":[{"count":4,"href":"https:\/\/bavarian-bondage.de\/sv\/wp-json\/wp\/v2\/product\/3130\/revisions"}],"predecessor-version":[{"id":5183,"href":"https:\/\/bavarian-bondage.de\/sv\/wp-json\/wp\/v2\/product\/3130\/revisions\/5183"}],"wp:featuredmedia":[{"embeddable":true,"href":"https:\/\/bavarian-bondage.de\/sv\/wp-json\/wp\/v2\/media\/8501"}],"wp:attachment":[{"href":"https:\/\/bavarian-bondage.de\/sv\/wp-json\/wp\/v2\/media?parent=3130"}],"wp:term":[{"taxonomy":"product_brand","embeddable":true,"href":"https:\/\/bavarian-bondage.de\/sv\/wp-json\/wp\/v2\/product_brand?post=3130"},{"taxonomy":"product_cat","embeddable":true,"href":"https:\/\/bavarian-bondage.de\/sv\/wp-json\/wp\/v2\/product_cat?post=3130"},{"taxonomy":"product_tag","embeddable":true,"href":"https:\/\/bavarian-bondage.de\/sv\/wp-json\/wp\/v2\/product_tag?post=3130"}],"curies":[{"name":"wp","href":"https:\/\/api.w.org\/{rel}","templated":true}]}}