{"id":3139,"date":"2020-10-17T12:57:34","date_gmt":"2020-10-17T10:57:34","guid":{"rendered":"https:\/\/bavarian-bondage.tivendo.com\/produkt\/import-placeholder-for-2344\/"},"modified":"2026-01-22T10:35:19","modified_gmt":"2026-01-22T09:35:19","slug":"bondage-ring-ek","status":"publish","type":"product","link":"https:\/\/bavarian-bondage.de\/sv\/produkt\/bondagering-eichenholz\/","title":{"rendered":"Bondage ring ek"},"content":{"rendered":"<h3 style=\"text-align: center\">Bondage ring ek<\/h3>\n<p style=\"text-align: center\">Den klassiska, enkla bondageringen av ek med integrerad st\u00e5lk\u00e4rna imponerar med sin vackra \u00e5dring och stabiliteten hos en rostfri st\u00e5lring. Endast den h\u00f6ga vikten indikerar 10 x 10 mm st\u00e5linredning. Tr\u00e4et finslipas och behandlas slutligen med ett tunt lager tr\u00e4olja.<\/p>\n<p style=\"text-align: center\">Obs: \u00c4ven om tr\u00e4 \u00e4r ett extremt stabilt material kan det inte j\u00e4mf\u00f6ras med metallens styrka. S\u00e4rskilt under upph\u00e4ngning och i synnerhet under s\u00e5 kallad lyftning kan sm\u00e5 sk\u00e5ror i tr\u00e4et uppst\u00e5 \u2013 dessa p\u00e5verkar naturligtvis inte ringens stabilitet.<\/p>\n<p><strong>Detaljer:<\/strong><\/p>\n<p>Ytterdiameter: 240mm<br \/>\nInnerdiameter: 180mm<br \/>\nMaterialtjocklek: 30 mm<br \/>\nVikt: ca 800g<br \/>\nMaterial: ek, 10 x 10 mm st\u00e5lk\u00e4rna<\/p>\n<p>&nbsp;<\/p>\n<p><strong>Leveransens omfattning:<\/strong> 1 bondagering i ek med st\u00e5lk\u00e4rna<\/p>\n<p>&nbsp;<\/p>\n<p>&nbsp;<\/p>\n<hr \/>\n<blockquote>\n<p style=\"text-align: center\"><span style=\"color: #333399\">Informationen om produkterna tillhandah\u00e5lls efter b\u00e4sta kunskap och \u00f6vertygelse. Alla m\u00e5tt \u00e4r ungef\u00e4rliga. Anv\u00e4ndningen av produkterna som erbjuds h\u00e4r i butiken sker p\u00e5 egen risk. Varje person reagerar olika p\u00e5 yttre p\u00e5verkan, p\u00e5 njutning eller sm\u00e4rta, etc. D\u00e4rf\u00f6r kan inget ansvar accepteras f\u00f6r felaktig anv\u00e4ndning.  Varje anv\u00e4ndare b\u00e4r det fulla ansvaret f\u00f6r anv\u00e4ndning eller korrekt anv\u00e4ndning av produkterna och dess of\u00f6rutsebara konsekvenser.<\/span><\/p>\n<\/blockquote>","protected":false},"excerpt":{"rendered":"<p>Leveranstid: 5-7 dagar*<\/p>","protected":false},"featured_media":8088,"template":"","meta":[],"product_brand":[],"product_cat":[222,233,234],"product_tag":[],"class_list":{"0":"post-3139","1":"product","2":"type-product","3":"status-publish","4":"has-post-thumbnail","6":"product_cat-alle-produkte","7":"product_cat-bondage-zubehoer","8":"product_cat-ringe","10":"first","11":"instock","12":"taxable","13":"shipping-taxable","14":"purchasable","15":"product-type-simple"},"_links":{"self":[{"href":"https:\/\/bavarian-bondage.de\/sv\/wp-json\/wp\/v2\/product\/3139","targetHints":{"allow":["GET"]}}],"collection":[{"href":"https:\/\/bavarian-bondage.de\/sv\/wp-json\/wp\/v2\/product"}],"about":[{"href":"https:\/\/bavarian-bondage.de\/sv\/wp-json\/wp\/v2\/types\/product"}],"version-history":[{"count":5,"href":"https:\/\/bavarian-bondage.de\/sv\/wp-json\/wp\/v2\/product\/3139\/revisions"}],"predecessor-version":[{"id":15094,"href":"https:\/\/bavarian-bondage.de\/sv\/wp-json\/wp\/v2\/product\/3139\/revisions\/15094"}],"wp:featuredmedia":[{"embeddable":true,"href":"https:\/\/bavarian-bondage.de\/sv\/wp-json\/wp\/v2\/media\/8088"}],"wp:attachment":[{"href":"https:\/\/bavarian-bondage.de\/sv\/wp-json\/wp\/v2\/media?parent=3139"}],"wp:term":[{"taxonomy":"product_brand","embeddable":true,"href":"https:\/\/bavarian-bondage.de\/sv\/wp-json\/wp\/v2\/product_brand?post=3139"},{"taxonomy":"product_cat","embeddable":true,"href":"https:\/\/bavarian-bondage.de\/sv\/wp-json\/wp\/v2\/product_cat?post=3139"},{"taxonomy":"product_tag","embeddable":true,"href":"https:\/\/bavarian-bondage.de\/sv\/wp-json\/wp\/v2\/product_tag?post=3139"}],"curies":[{"name":"wp","href":"https:\/\/api.w.org\/{rel}","templated":true}]}}