{"id":4515,"date":"2021-01-02T17:39:08","date_gmt":"2021-01-02T16:39:08","guid":{"rendered":"https:\/\/bavarian-bondage.de\/?post_type=product&#038;p=4515"},"modified":"2025-05-27T11:32:49","modified_gmt":"2025-05-27T09:32:49","slug":"reppiska-lang","status":"publish","type":"product","link":"https:\/\/bavarian-bondage.de\/sv\/produkt\/seilpeitsche-lang\/","title":{"rendered":"Reppiska l\u00e5ng"},"content":{"rendered":"<h3 style=\"text-align: center\">L\u00e5ng reppiska<\/h3>\n<p style=\"text-align: center\">Reppiskan \u00e4r det perfekta tillbeh\u00f6ret f\u00f6r din bondage-session. Den best\u00e5r av tjugo tr\u00e5dar gjorda av 4 mm tjocka hamparep och st\u00e4ngda med sm\u00e5 trisk-knutar. Handtaget i rostfritt st\u00e5l och de tv\u00e5 elementen i valn\u00f6t s\u00e4kerst\u00e4ller det eleganta utseendet.<\/p>\n<p><strong>Detaljer:<\/strong><\/p>\n<p>Material: tr\u00e4, hamparep, rostfritt st\u00e5l<br \/>\nL\u00e4ngd: ca 80 cm<br \/>\nDiameter handtag: 22mm<\/p>\n<p>&nbsp;<\/p>\n<p><strong>Leveransens omfattning:<\/strong> rep piska l\u00e5ng; Valbar f\u00e4rg<\/p>\n<p>&nbsp;<\/p>\n<hr \/>\n<blockquote>\n<p style=\"text-align: center\"><span style=\"color: #333399\">Informationen om produkterna tillhandah\u00e5lls efter b\u00e4sta kunskap och \u00f6vertygelse. Alla m\u00e5tt \u00e4r ungef\u00e4rliga. Anv\u00e4ndningen av produkterna som erbjuds h\u00e4r i butiken sker p\u00e5 egen risk. Varje person reagerar olika p\u00e5 yttre p\u00e5verkan, p\u00e5 njutning eller sm\u00e4rta, etc. D\u00e4rf\u00f6r kan inget ansvar accepteras f\u00f6r felaktig anv\u00e4ndning.  Varje anv\u00e4ndare b\u00e4r det fulla ansvaret f\u00f6r anv\u00e4ndning eller korrekt anv\u00e4ndning av produkterna och dess of\u00f6rutsebara konsekvenser.<\/span><\/p>\n<\/blockquote>","protected":false},"excerpt":{"rendered":"<p>Leveranstid: 5-7 dagar*<\/p>","protected":false},"featured_media":14068,"template":"","meta":[],"product_brand":[],"product_cat":[224,252],"product_tag":[],"class_list":{"0":"post-4515","1":"product","2":"type-product","3":"status-publish","4":"has-post-thumbnail","6":"product_cat-lustschmerz","7":"product_cat-peitschen-gerten","9":"first","10":"instock","11":"taxable","12":"shipping-taxable","13":"purchasable","14":"product-type-variable"},"_links":{"self":[{"href":"https:\/\/bavarian-bondage.de\/sv\/wp-json\/wp\/v2\/product\/4515","targetHints":{"allow":["GET"]}}],"collection":[{"href":"https:\/\/bavarian-bondage.de\/sv\/wp-json\/wp\/v2\/product"}],"about":[{"href":"https:\/\/bavarian-bondage.de\/sv\/wp-json\/wp\/v2\/types\/product"}],"version-history":[{"count":7,"href":"https:\/\/bavarian-bondage.de\/sv\/wp-json\/wp\/v2\/product\/4515\/revisions"}],"predecessor-version":[{"id":14072,"href":"https:\/\/bavarian-bondage.de\/sv\/wp-json\/wp\/v2\/product\/4515\/revisions\/14072"}],"wp:featuredmedia":[{"embeddable":true,"href":"https:\/\/bavarian-bondage.de\/sv\/wp-json\/wp\/v2\/media\/14068"}],"wp:attachment":[{"href":"https:\/\/bavarian-bondage.de\/sv\/wp-json\/wp\/v2\/media?parent=4515"}],"wp:term":[{"taxonomy":"product_brand","embeddable":true,"href":"https:\/\/bavarian-bondage.de\/sv\/wp-json\/wp\/v2\/product_brand?post=4515"},{"taxonomy":"product_cat","embeddable":true,"href":"https:\/\/bavarian-bondage.de\/sv\/wp-json\/wp\/v2\/product_cat?post=4515"},{"taxonomy":"product_tag","embeddable":true,"href":"https:\/\/bavarian-bondage.de\/sv\/wp-json\/wp\/v2\/product_tag?post=4515"}],"curies":[{"name":"wp","href":"https:\/\/api.w.org\/{rel}","templated":true}]}}