{"id":4534,"date":"2021-01-02T18:04:43","date_gmt":"2021-01-02T17:04:43","guid":{"rendered":"https:\/\/bavarian-bondage.de\/?post_type=product&#038;p=4534"},"modified":"2025-09-29T17:18:29","modified_gmt":"2025-09-29T15:18:29","slug":"svaengbar-svart-guld","status":"publish","type":"product","link":"https:\/\/bavarian-bondage.de\/sv\/produkt\/drehwirbel-schwarz-gold\/","title":{"rendered":"Sv\u00e4ngbar svart och guld"},"content":{"rendered":"<h3 style=\"text-align: center\">Sv\u00e4ngbar svart och guld<\/h3>\n<p style=\"text-align: center\">Svirveln, \u00e4ven k\u00e4nd som sviveln, g\u00f6r varje fj\u00e4dringsbondage till en \u00e4nnu st\u00f6rre upplevelse. Svirveln har kullager och har trots sin ringa storlek en h\u00f6g lastkapacitet. Tack vare de inbyggda kullagren kan den rotera mycket snabbt, tyst och n\u00e4stan utan motst\u00e5nd.<\/p>\n<p style=\"text-align: center\">F\u00f6r att f\u00f6rhindra rotation r\u00e4cker det att dra ett rep genom de tv\u00e5 \u00f6ppningarna en eller tv\u00e5 g\u00e5nger.<\/p>\n<p><strong>Detaljer:<\/strong><\/p>\n<p>Storlek: L 10,5cm \/ B 4,2cm<br \/>\nDiameter p\u00e5 \u00f6ppningarna: 3,5cm x 3,0cm<br \/>\nMaterialtjocklek: ca 1 cm<br \/>\nLastkapacitet: 30KN<br \/>\nMaterial: aluminium<br \/>\nF\u00e4rg: Svart\/Guld<br \/>\nVikt: 130g<br \/>\nEN354:2002<br \/>\nEN365:2005<\/p>\n<p>&nbsp;<\/p>\n<p><strong>Leveransens omfattning:<\/strong> Svirvel sv\u00e4ngbar svart-guld 30KN<\/p>\n<p>&nbsp;<\/p>\n<hr \/>\n<blockquote>\n<p style=\"text-align: center\"><span style=\"color: #333399\">Informationen om produkterna tillhandah\u00e5lls efter b\u00e4sta kunskap och \u00f6vertygelse. Alla m\u00e5tt \u00e4r ungef\u00e4rliga. Anv\u00e4ndningen av produkterna som erbjuds h\u00e4r i butiken sker p\u00e5 egen risk. Varje person reagerar olika p\u00e5 yttre p\u00e5verkan, p\u00e5 njutning eller sm\u00e4rta, etc. D\u00e4rf\u00f6r kan inget ansvar accepteras f\u00f6r felaktig anv\u00e4ndning.  Varje anv\u00e4ndare b\u00e4r det fulla ansvaret f\u00f6r anv\u00e4ndning eller korrekt anv\u00e4ndning av produkterna och dess of\u00f6rutsebara konsekvenser.<\/span><\/p>\n<\/blockquote>","protected":false},"excerpt":{"rendered":"<p>Leveranstid: 5-7 dagar*<\/p>","protected":false},"featured_media":8172,"template":"","meta":[],"product_brand":[],"product_cat":[223],"product_tag":[],"class_list":{"0":"post-4534","1":"product","2":"type-product","3":"status-publish","4":"has-post-thumbnail","6":"product_cat-zubehoer","8":"first","9":"instock","10":"taxable","11":"shipping-taxable","12":"purchasable","13":"product-type-simple"},"_links":{"self":[{"href":"https:\/\/bavarian-bondage.de\/sv\/wp-json\/wp\/v2\/product\/4534","targetHints":{"allow":["GET"]}}],"collection":[{"href":"https:\/\/bavarian-bondage.de\/sv\/wp-json\/wp\/v2\/product"}],"about":[{"href":"https:\/\/bavarian-bondage.de\/sv\/wp-json\/wp\/v2\/types\/product"}],"version-history":[{"count":4,"href":"https:\/\/bavarian-bondage.de\/sv\/wp-json\/wp\/v2\/product\/4534\/revisions"}],"predecessor-version":[{"id":14350,"href":"https:\/\/bavarian-bondage.de\/sv\/wp-json\/wp\/v2\/product\/4534\/revisions\/14350"}],"wp:featuredmedia":[{"embeddable":true,"href":"https:\/\/bavarian-bondage.de\/sv\/wp-json\/wp\/v2\/media\/8172"}],"wp:attachment":[{"href":"https:\/\/bavarian-bondage.de\/sv\/wp-json\/wp\/v2\/media?parent=4534"}],"wp:term":[{"taxonomy":"product_brand","embeddable":true,"href":"https:\/\/bavarian-bondage.de\/sv\/wp-json\/wp\/v2\/product_brand?post=4534"},{"taxonomy":"product_cat","embeddable":true,"href":"https:\/\/bavarian-bondage.de\/sv\/wp-json\/wp\/v2\/product_cat?post=4534"},{"taxonomy":"product_tag","embeddable":true,"href":"https:\/\/bavarian-bondage.de\/sv\/wp-json\/wp\/v2\/product_tag?post=4534"}],"curies":[{"name":"wp","href":"https:\/\/api.w.org\/{rel}","templated":true}]}}