{"id":4541,"date":"2020-10-17T12:56:33","date_gmt":"2020-10-17T10:56:33","guid":{"rendered":"https:\/\/bavarian-bondage.de\/?post_type=product&#038;p=4541"},"modified":"2025-09-05T11:59:00","modified_gmt":"2025-09-05T09:59:00","slug":"styrkedja-med-laederoegla","status":"publish","type":"product","link":"https:\/\/bavarian-bondage.de\/sv\/produkt\/fuehrungskette-mit-lederschlaufe\/","title":{"rendered":"Styrkedja med l\u00e4der\u00f6gla"},"content":{"rendered":"<h3 style=\"text-align: center\">Styrkedja med l\u00e4der\u00f6gla<\/h3>\n<p style=\"text-align: center\">En rej\u00e4l kedja med tv\u00e5 sp\u00e4nnen och en svart l\u00e4der\u00f6gla. De tv\u00e5 kl\u00e4mmorna \u00e4r justerbara med g\u00e4ngade skruvar och kontaktytorna \u00e4r t\u00e4ckta med gummi f\u00f6r att s\u00e4kerst\u00e4lla en bekv\u00e4m passform.<\/p>\n<p>&nbsp;<\/p>\n<p><strong>Detaljer:<\/strong><\/p>\n<p>Material: metall, gummi, l\u00e4der<br \/>\nTotal l\u00e4ngd: 80 cm<br \/>\nSlingans l\u00e4ngd: 20 cm<br \/>\nL\u00e4ngd kedja: 60 cm<\/p>\n<p>&nbsp;<\/p>\n<p><strong>Leveransens omfattning:<\/strong> 1 styrkedja med clips och l\u00e4der\u00f6gla<\/p>","protected":false},"excerpt":{"rendered":"<p>Leveranstid: 5-7 dagar*<\/p>","protected":false},"featured_media":14045,"template":"","meta":[],"product_brand":[],"product_cat":[248,224],"product_tag":[],"class_list":{"0":"post-4541","1":"product","2":"type-product","3":"status-publish","4":"has-post-thumbnail","6":"product_cat-klammern","7":"product_cat-lustschmerz","9":"first","10":"instock","11":"taxable","12":"shipping-taxable","13":"purchasable","14":"product-type-simple"},"_links":{"self":[{"href":"https:\/\/bavarian-bondage.de\/sv\/wp-json\/wp\/v2\/product\/4541","targetHints":{"allow":["GET"]}}],"collection":[{"href":"https:\/\/bavarian-bondage.de\/sv\/wp-json\/wp\/v2\/product"}],"about":[{"href":"https:\/\/bavarian-bondage.de\/sv\/wp-json\/wp\/v2\/types\/product"}],"version-history":[{"count":7,"href":"https:\/\/bavarian-bondage.de\/sv\/wp-json\/wp\/v2\/product\/4541\/revisions"}],"predecessor-version":[{"id":13959,"href":"https:\/\/bavarian-bondage.de\/sv\/wp-json\/wp\/v2\/product\/4541\/revisions\/13959"}],"wp:featuredmedia":[{"embeddable":true,"href":"https:\/\/bavarian-bondage.de\/sv\/wp-json\/wp\/v2\/media\/14045"}],"wp:attachment":[{"href":"https:\/\/bavarian-bondage.de\/sv\/wp-json\/wp\/v2\/media?parent=4541"}],"wp:term":[{"taxonomy":"product_brand","embeddable":true,"href":"https:\/\/bavarian-bondage.de\/sv\/wp-json\/wp\/v2\/product_brand?post=4541"},{"taxonomy":"product_cat","embeddable":true,"href":"https:\/\/bavarian-bondage.de\/sv\/wp-json\/wp\/v2\/product_cat?post=4541"},{"taxonomy":"product_tag","embeddable":true,"href":"https:\/\/bavarian-bondage.de\/sv\/wp-json\/wp\/v2\/product_tag?post=4541"}],"curies":[{"name":"wp","href":"https:\/\/api.w.org\/{rel}","templated":true}]}}