{"id":4548,"date":"2021-01-02T18:33:08","date_gmt":"2021-01-02T17:33:08","guid":{"rendered":"https:\/\/bavarian-bondage.de\/?post_type=product&#038;p=4548"},"modified":"2026-03-22T13:12:40","modified_gmt":"2026-03-22T12:12:40","slug":"raeddningskniv","status":"publish","type":"product","link":"https:\/\/bavarian-bondage.de\/sv\/produkt\/rettungsmesser\/","title":{"rendered":"R\u00e4ddningskniv"},"content":{"rendered":"<h3 style=\"text-align: center\">R\u00e4ddningskniv (repsk\u00e4rare)<\/h3>\n<p style=\"text-align: center\">Gill r\u00e4ddningskniven \u00e4r ett mycket praktiskt verktyg n\u00e4r det g\u00e4ller att sk\u00e4ra linor, b\u00e4lten m.m.<\/p>\n<p style=\"text-align: center\">Den \u00e4r ocks\u00e5 idealisk f\u00f6r att sk\u00e4ra bondagerep upp till cirka 8 mm tjocka. Verktyget levereras med en nylonficka som till exempel kan f\u00e4stas p\u00e5 ett b\u00e4lte. Dessutom \u00e4r r\u00e4ddningskniven utrustad med ett halkfritt handtag.<\/p>\n<p style=\"text-align: center\">Du borde aldrig beh\u00f6va en s\u00e5dan r\u00e4ddningskniv n\u00e4r du h\u00e5ller fast n\u00e5gon, men du \u00e4r v\u00e4l f\u00f6rberedd p\u00e5 s\u00e5dana eventualiteter.<\/p>\n<p>&nbsp;<\/p>\n<p><strong>Detaljer:<\/strong><br \/>\nMaterial: belagt st\u00e5l, komposit, nylon<br \/>\nTotal l\u00e4ngd: 12,7 cm<br \/>\nTillverkare: Gill<\/p>\n<p>&nbsp;<\/p>\n<p><strong>Leveransens omfattning: <\/strong>1 Gill r\u00e4ddningskniv med nylonp\u00e5se<\/p>\n<hr \/>\n<blockquote>\n<p style=\"text-align: center\"><span style=\"color: #333399\">Informationen om produkterna tillhandah\u00e5lls efter b\u00e4sta kunskap och \u00f6vertygelse. Alla m\u00e5tt \u00e4r ungef\u00e4rliga. Anv\u00e4ndningen av produkterna som erbjuds h\u00e4r i butiken sker p\u00e5 egen risk. Varje person reagerar olika p\u00e5 yttre p\u00e5verkan, p\u00e5 njutning eller sm\u00e4rta, etc. D\u00e4rf\u00f6r kan inget ansvar accepteras f\u00f6r felaktig anv\u00e4ndning.  Varje anv\u00e4ndare b\u00e4r det fulla ansvaret f\u00f6r anv\u00e4ndning eller korrekt anv\u00e4ndning av produkterna och dess of\u00f6rutsebara konsekvenser<\/span><\/p>\n<\/blockquote>","protected":false},"excerpt":{"rendered":"<p>Leveranstid: 5-7 dagar*<\/p>","protected":false},"featured_media":8174,"template":"","meta":[],"product_brand":[],"product_cat":[223],"product_tag":[],"class_list":{"0":"post-4548","1":"product","2":"type-product","3":"status-publish","4":"has-post-thumbnail","6":"product_cat-zubehoer","8":"first","9":"instock","10":"taxable","11":"shipping-taxable","12":"purchasable","13":"product-type-simple"},"_links":{"self":[{"href":"https:\/\/bavarian-bondage.de\/sv\/wp-json\/wp\/v2\/product\/4548","targetHints":{"allow":["GET"]}}],"collection":[{"href":"https:\/\/bavarian-bondage.de\/sv\/wp-json\/wp\/v2\/product"}],"about":[{"href":"https:\/\/bavarian-bondage.de\/sv\/wp-json\/wp\/v2\/types\/product"}],"version-history":[{"count":3,"href":"https:\/\/bavarian-bondage.de\/sv\/wp-json\/wp\/v2\/product\/4548\/revisions"}],"predecessor-version":[{"id":16504,"href":"https:\/\/bavarian-bondage.de\/sv\/wp-json\/wp\/v2\/product\/4548\/revisions\/16504"}],"wp:featuredmedia":[{"embeddable":true,"href":"https:\/\/bavarian-bondage.de\/sv\/wp-json\/wp\/v2\/media\/8174"}],"wp:attachment":[{"href":"https:\/\/bavarian-bondage.de\/sv\/wp-json\/wp\/v2\/media?parent=4548"}],"wp:term":[{"taxonomy":"product_brand","embeddable":true,"href":"https:\/\/bavarian-bondage.de\/sv\/wp-json\/wp\/v2\/product_brand?post=4548"},{"taxonomy":"product_cat","embeddable":true,"href":"https:\/\/bavarian-bondage.de\/sv\/wp-json\/wp\/v2\/product_cat?post=4548"},{"taxonomy":"product_tag","embeddable":true,"href":"https:\/\/bavarian-bondage.de\/sv\/wp-json\/wp\/v2\/product_tag?post=4548"}],"curies":[{"name":"wp","href":"https:\/\/api.w.org\/{rel}","templated":true}]}}