{"id":4558,"date":"2021-01-02T19:01:31","date_gmt":"2021-01-02T18:01:31","guid":{"rendered":"https:\/\/bavarian-bondage.de\/?post_type=product&#038;p=4558"},"modified":"2026-02-15T14:28:18","modified_gmt":"2026-02-15T13:28:18","slug":"mini-reppiska","status":"publish","type":"product","link":"https:\/\/bavarian-bondage.de\/sv\/produkt\/mini-seilpeitsche\/","title":{"rendered":"Mini reppiska"},"content":{"rendered":"<h3 style=\"text-align: center\">Mini reppiska<\/h3>\n<p style=\"text-align: center\">Liten men kraftfull \u00e4r f\u00f6rmodligen den perfekta beskrivningen f\u00f6r den s\u00f6ta leksaken!<\/p>\n<p style=\"text-align: center\">Minireppiskan best\u00e5r av 18 tr\u00e5dar som har en gummik\u00e5pa i \u00e4nden. Denna \u00e4r gjord av 3 mm hamparep och en metallring f\u00f6r b\u00e4ttre f\u00e4ste. En piska med mycket effekt som teoretiskt sett skulle passa i vilken byxficka som helst och \u00e4r den perfekta f\u00f6ljeslagaren f\u00f6r p\u00e5 spr\u00e5ng.<\/p>\n<p>&nbsp;<\/p>\n<p><strong>Detaljer:<\/strong><\/p>\n<p>Material: hamparep, gummi, metall<br \/>\nTotal l\u00e4ngd: ca 34 cm<br \/>\nHandtagsl\u00e4ngd utan ring: ca 7 cm<\/p>\n<p>&nbsp;<\/p>\n<p><strong>Leveransens omfattning:<\/strong> mini reppiska; Valbar f\u00e4rg<\/p>\n<p>&nbsp;<\/p>\n<hr \/>\n<blockquote>\n<p style=\"text-align: center\"><span style=\"color: #333399\">Informationen om produkterna tillhandah\u00e5lls efter b\u00e4sta kunskap och \u00f6vertygelse. Alla m\u00e5tt \u00e4r ungef\u00e4rliga. Anv\u00e4ndningen av produkterna som erbjuds h\u00e4r i butiken sker p\u00e5 egen risk. Varje person reagerar olika p\u00e5 yttre p\u00e5verkan, p\u00e5 njutning eller sm\u00e4rta, etc. D\u00e4rf\u00f6r kan inget ansvar accepteras f\u00f6r felaktig anv\u00e4ndning.  Varje anv\u00e4ndare b\u00e4r det fulla ansvaret f\u00f6r anv\u00e4ndning eller korrekt anv\u00e4ndning av produkterna och dess of\u00f6rutsebara konsekvenser.<\/span><\/p>\n<\/blockquote>","protected":false},"excerpt":{"rendered":"<p>Leveranstid: 5-7 dagar*<\/p>","protected":false},"featured_media":8650,"template":"","meta":[],"product_brand":[],"product_cat":[252,224],"product_tag":[],"class_list":{"0":"post-4558","1":"product","2":"type-product","3":"status-publish","4":"has-post-thumbnail","6":"product_cat-peitschen-gerten","7":"product_cat-lustschmerz","9":"first","10":"instock","11":"taxable","12":"shipping-taxable","13":"purchasable","14":"product-type-variable"},"_links":{"self":[{"href":"https:\/\/bavarian-bondage.de\/sv\/wp-json\/wp\/v2\/product\/4558","targetHints":{"allow":["GET"]}}],"collection":[{"href":"https:\/\/bavarian-bondage.de\/sv\/wp-json\/wp\/v2\/product"}],"about":[{"href":"https:\/\/bavarian-bondage.de\/sv\/wp-json\/wp\/v2\/types\/product"}],"version-history":[{"count":3,"href":"https:\/\/bavarian-bondage.de\/sv\/wp-json\/wp\/v2\/product\/4558\/revisions"}],"predecessor-version":[{"id":13979,"href":"https:\/\/bavarian-bondage.de\/sv\/wp-json\/wp\/v2\/product\/4558\/revisions\/13979"}],"wp:featuredmedia":[{"embeddable":true,"href":"https:\/\/bavarian-bondage.de\/sv\/wp-json\/wp\/v2\/media\/8650"}],"wp:attachment":[{"href":"https:\/\/bavarian-bondage.de\/sv\/wp-json\/wp\/v2\/media?parent=4558"}],"wp:term":[{"taxonomy":"product_brand","embeddable":true,"href":"https:\/\/bavarian-bondage.de\/sv\/wp-json\/wp\/v2\/product_brand?post=4558"},{"taxonomy":"product_cat","embeddable":true,"href":"https:\/\/bavarian-bondage.de\/sv\/wp-json\/wp\/v2\/product_cat?post=4558"},{"taxonomy":"product_tag","embeddable":true,"href":"https:\/\/bavarian-bondage.de\/sv\/wp-json\/wp\/v2\/product_tag?post=4558"}],"curies":[{"name":"wp","href":"https:\/\/api.w.org\/{rel}","templated":true}]}}