{"id":4567,"date":"2021-01-02T19:17:52","date_gmt":"2021-01-02T18:17:52","guid":{"rendered":"https:\/\/bavarian-bondage.de\/?post_type=product&#038;p=4567"},"modified":"2026-01-28T22:38:00","modified_gmt":"2026-01-28T21:38:00","slug":"klaenga-med-rep","status":"publish","type":"product","link":"https:\/\/bavarian-bondage.de\/sv\/produkt\/klammern-mit-seil\/","title":{"rendered":"Kl\u00e4mmor med rep"},"content":{"rendered":"<h3 style=\"text-align: center\">Kl\u00f6verkl\u00e4mmor med rep<\/h3>\n<p style=\"text-align: center\">F\u00f6rmodligen de mest k\u00e4nda kl\u00e4mmorna inom BDSM-omr\u00e5det. Dessa kl\u00e4mmor \u00e4r utformade p\u00e5 ett s\u00e5dant s\u00e4tt att trycket \u00f6kar ytterligare n\u00e4r de dras.<\/p>\n<p style=\"text-align: center\">Ist\u00e4llet f\u00f6r en kedja \u00e4r Clover Clamps utrustade med ett 3 m l\u00e5ngt och 3 mm tjockt hamparep. Detta g\u00f6r att kl\u00e4mmorna kan integreras b\u00e4ttre under bondage och att anv\u00e4nda en fixeringspunkt l\u00e5ngt borta.<\/p>\n<p>&nbsp;<\/p>\n<p><strong>Detaljer:<\/strong><\/p>\n<p>Material: metall, gummidyna, hamparep<br \/>\nRepl\u00e4ngd: 3m<br \/>\nKl\u00e4mstorlek: 9 cm<\/p>\n<p>&nbsp;<\/p>\n<p><strong>Leveransens omfattning:<\/strong> Kl\u00f6verkl\u00e4mmor med rep<\/p>\n<p>&nbsp;<\/p>\n<hr \/>\n<blockquote>\n<p style=\"text-align: center\"><span style=\"color: #333399\">Informationen om produkterna tillhandah\u00e5lls efter b\u00e4sta kunskap och \u00f6vertygelse. Alla m\u00e5tt \u00e4r ungef\u00e4rliga. Anv\u00e4ndningen av produkterna som erbjuds h\u00e4r i butiken sker p\u00e5 egen risk. Varje person reagerar olika p\u00e5 yttre p\u00e5verkan, p\u00e5 njutning eller sm\u00e4rta, etc. D\u00e4rf\u00f6r kan inget ansvar accepteras f\u00f6r felaktig anv\u00e4ndning.  Varje anv\u00e4ndare b\u00e4r det fulla ansvaret f\u00f6r anv\u00e4ndning eller korrekt anv\u00e4ndning av produkterna och dess of\u00f6rutsebara konsekvenser.<\/span><\/p>\n<\/blockquote>","protected":false},"excerpt":{"rendered":"<p>Leveranstid: 5-7 dagar*<\/p>","protected":false},"featured_media":8569,"template":"","meta":[],"product_brand":[],"product_cat":[222,224,248],"product_tag":[],"class_list":{"0":"post-4567","1":"product","2":"type-product","3":"status-publish","4":"has-post-thumbnail","6":"product_cat-alle-produkte","7":"product_cat-lustschmerz","8":"product_cat-klammern","10":"first","11":"instock","12":"taxable","13":"shipping-taxable","14":"purchasable","15":"product-type-variable"},"_links":{"self":[{"href":"https:\/\/bavarian-bondage.de\/sv\/wp-json\/wp\/v2\/product\/4567","targetHints":{"allow":["GET"]}}],"collection":[{"href":"https:\/\/bavarian-bondage.de\/sv\/wp-json\/wp\/v2\/product"}],"about":[{"href":"https:\/\/bavarian-bondage.de\/sv\/wp-json\/wp\/v2\/types\/product"}],"version-history":[{"count":4,"href":"https:\/\/bavarian-bondage.de\/sv\/wp-json\/wp\/v2\/product\/4567\/revisions"}],"predecessor-version":[{"id":13957,"href":"https:\/\/bavarian-bondage.de\/sv\/wp-json\/wp\/v2\/product\/4567\/revisions\/13957"}],"wp:featuredmedia":[{"embeddable":true,"href":"https:\/\/bavarian-bondage.de\/sv\/wp-json\/wp\/v2\/media\/8569"}],"wp:attachment":[{"href":"https:\/\/bavarian-bondage.de\/sv\/wp-json\/wp\/v2\/media?parent=4567"}],"wp:term":[{"taxonomy":"product_brand","embeddable":true,"href":"https:\/\/bavarian-bondage.de\/sv\/wp-json\/wp\/v2\/product_brand?post=4567"},{"taxonomy":"product_cat","embeddable":true,"href":"https:\/\/bavarian-bondage.de\/sv\/wp-json\/wp\/v2\/product_cat?post=4567"},{"taxonomy":"product_tag","embeddable":true,"href":"https:\/\/bavarian-bondage.de\/sv\/wp-json\/wp\/v2\/product_tag?post=4567"}],"curies":[{"name":"wp","href":"https:\/\/api.w.org\/{rel}","templated":true}]}}