{"id":6337,"date":"2022-12-13T11:14:59","date_gmt":"2022-12-13T10:14:59","guid":{"rendered":"https:\/\/bavarian-bondage.de\/?post_type=product&#038;p=6337"},"modified":"2026-04-07T23:46:55","modified_gmt":"2026-04-07T21:46:55","slug":"sax-bessey","status":"publish","type":"product","link":"https:\/\/bavarian-bondage.de\/sv\/produkt\/schere-bessey\/","title":{"rendered":"Bessey sax"},"content":{"rendered":"<h3 style=\"text-align: center\">Sax Bessy<\/h3>\n<p style=\"text-align: center\">Bessys sax \u00e4r ett v\u00e4ldigt praktiskt verktyg n\u00e4r det kommer till att klippa linor, b\u00e4lten m.m.<\/p>\n<p style=\"text-align: center\">Men \u00e4ven idealisk f\u00f6r att klippa bondage-rep upp till cirka 10 mm.<\/p>\n<p style=\"text-align: center\">Ett l\u00e4mpligt verktyg som en r\u00e4ddningskniv, linsk\u00e4rare eller sax ska aldrig anv\u00e4ndas n\u00e4r man binder n\u00e5gon, men det \u00e4r \u00e4nd\u00e5 vettigt att ha det till hands s\u00e5 att du \u00e4r v\u00e4l f\u00f6rberedd f\u00f6r dessa eventualiteter.<\/p>\n<p>&nbsp;<\/p>\n<pre><strong>Detaljer:<\/strong>\r\nMaterial: rostfritt st\u00e5l; Plast total l\u00e4ngd: 14 cm Klippl\u00e4ngd: ca 3 cm Tillverkare: Bessey<\/pre>\n<p>&nbsp;<\/p>\n<p><strong>Leveransens omfattning: <\/strong>1 Bessy sax<\/p>","protected":false},"excerpt":{"rendered":"<p>Leveranstid: 5-7 dagar*<\/p>","protected":false},"featured_media":8169,"template":"","meta":[],"product_brand":[],"product_cat":[222,223],"product_tag":[],"class_list":{"0":"post-6337","1":"product","2":"type-product","3":"status-publish","4":"has-post-thumbnail","6":"product_cat-alle-produkte","7":"product_cat-zubehoer","9":"first","10":"instock","11":"taxable","12":"shipping-taxable","13":"purchasable","14":"product-type-simple"},"_links":{"self":[{"href":"https:\/\/bavarian-bondage.de\/sv\/wp-json\/wp\/v2\/product\/6337","targetHints":{"allow":["GET"]}}],"collection":[{"href":"https:\/\/bavarian-bondage.de\/sv\/wp-json\/wp\/v2\/product"}],"about":[{"href":"https:\/\/bavarian-bondage.de\/sv\/wp-json\/wp\/v2\/types\/product"}],"version-history":[{"count":4,"href":"https:\/\/bavarian-bondage.de\/sv\/wp-json\/wp\/v2\/product\/6337\/revisions"}],"predecessor-version":[{"id":6342,"href":"https:\/\/bavarian-bondage.de\/sv\/wp-json\/wp\/v2\/product\/6337\/revisions\/6342"}],"wp:featuredmedia":[{"embeddable":true,"href":"https:\/\/bavarian-bondage.de\/sv\/wp-json\/wp\/v2\/media\/8169"}],"wp:attachment":[{"href":"https:\/\/bavarian-bondage.de\/sv\/wp-json\/wp\/v2\/media?parent=6337"}],"wp:term":[{"taxonomy":"product_brand","embeddable":true,"href":"https:\/\/bavarian-bondage.de\/sv\/wp-json\/wp\/v2\/product_brand?post=6337"},{"taxonomy":"product_cat","embeddable":true,"href":"https:\/\/bavarian-bondage.de\/sv\/wp-json\/wp\/v2\/product_cat?post=6337"},{"taxonomy":"product_tag","embeddable":true,"href":"https:\/\/bavarian-bondage.de\/sv\/wp-json\/wp\/v2\/product_tag?post=6337"}],"curies":[{"name":"wp","href":"https:\/\/api.w.org\/{rel}","templated":true}]}}