{"id":8130,"date":"2023-01-28T15:56:38","date_gmt":"2023-01-28T14:56:38","guid":{"rendered":"https:\/\/bavarian-bondage.de\/?post_type=product&#038;p=8130"},"modified":"2026-01-26T11:59:53","modified_gmt":"2026-01-26T10:59:53","slug":"bondage-ring-triskele-liten","status":"publish","type":"product","link":"https:\/\/bavarian-bondage.de\/sv\/produkt\/bondagering-triskele-klein\/","title":{"rendered":"Bondage ring triskele liten"},"content":{"rendered":"<h3 style=\"text-align: center\">Bondage ring triskele liten<\/h3>\n<p style=\"text-align: center\">Upph\u00e4ngningsringen med triskele, gjord av polerat rostfritt st\u00e5l, erbjuder inte bara sitt snygga utseende utan ocks\u00e5 m\u00f6jligheten att organisera individuella rep. Denna ring \u00e4r ett blickf\u00e5ng i alla avseenden.<\/p>\n<p>&nbsp;<\/p>\n<p><strong>Detaljer:<\/strong><\/p>\n<p>Ytterdiameter: 230mm<br \/>\nMaterialtjocklek: 16mm<br \/>\nVikt: 980g<br \/>\nMaterial: rostfritt st\u00e5l<\/p>\n<p>&nbsp;<\/p>\n<p><strong>Leveransens omfattning:<\/strong> 1 bondage ring triskele liten<\/p>\n<p>&nbsp;<\/p>","protected":false},"excerpt":{"rendered":"<p>Leveranstid: 5-7 dagar*<\/p>","protected":false},"featured_media":8081,"template":"","meta":[],"product_brand":[],"product_cat":[222,233,234],"product_tag":[],"class_list":{"0":"post-8130","1":"product","2":"type-product","3":"status-publish","4":"has-post-thumbnail","6":"product_cat-alle-produkte","7":"product_cat-bondage-zubehoer","8":"product_cat-ringe","10":"first","11":"instock","12":"taxable","13":"shipping-taxable","14":"purchasable","15":"product-type-simple"},"_links":{"self":[{"href":"https:\/\/bavarian-bondage.de\/sv\/wp-json\/wp\/v2\/product\/8130","targetHints":{"allow":["GET"]}}],"collection":[{"href":"https:\/\/bavarian-bondage.de\/sv\/wp-json\/wp\/v2\/product"}],"about":[{"href":"https:\/\/bavarian-bondage.de\/sv\/wp-json\/wp\/v2\/types\/product"}],"version-history":[{"count":3,"href":"https:\/\/bavarian-bondage.de\/sv\/wp-json\/wp\/v2\/product\/8130\/revisions"}],"predecessor-version":[{"id":15372,"href":"https:\/\/bavarian-bondage.de\/sv\/wp-json\/wp\/v2\/product\/8130\/revisions\/15372"}],"wp:featuredmedia":[{"embeddable":true,"href":"https:\/\/bavarian-bondage.de\/sv\/wp-json\/wp\/v2\/media\/8081"}],"wp:attachment":[{"href":"https:\/\/bavarian-bondage.de\/sv\/wp-json\/wp\/v2\/media?parent=8130"}],"wp:term":[{"taxonomy":"product_brand","embeddable":true,"href":"https:\/\/bavarian-bondage.de\/sv\/wp-json\/wp\/v2\/product_brand?post=8130"},{"taxonomy":"product_cat","embeddable":true,"href":"https:\/\/bavarian-bondage.de\/sv\/wp-json\/wp\/v2\/product_cat?post=8130"},{"taxonomy":"product_tag","embeddable":true,"href":"https:\/\/bavarian-bondage.de\/sv\/wp-json\/wp\/v2\/product_tag?post=8130"}],"curies":[{"name":"wp","href":"https:\/\/api.w.org\/{rel}","templated":true}]}}