{"id":8138,"date":"2023-01-28T16:02:42","date_gmt":"2023-01-28T15:02:42","guid":{"rendered":"https:\/\/bavarian-bondage.de\/?post_type=product&#038;p=8138"},"modified":"2026-03-14T09:03:10","modified_gmt":"2026-03-14T08:03:10","slug":"bondage-ring-japan","status":"publish","type":"product","link":"https:\/\/bavarian-bondage.de\/sv\/produkt\/bondagering-japan\/","title":{"rendered":"Bondage ring Japan"},"content":{"rendered":"<h3 style=\"text-align: center\">Bondage ring Japan<\/h3>\n<p style=\"text-align: center\">Formen p\u00e5 denna upph\u00e4ngningsring p\u00e5minner en del om Japan. Tillverkad av polerat rostfritt st\u00e5l, f\u00f6rutom sitt fantastiska utseende, erbjuder den ocks\u00e5 m\u00e5nga alternativ f\u00f6r att organisera de enskilda repen. Denna ring \u00e4r ett blickf\u00e5ng i alla avseenden.<\/p>\n<p>&nbsp;<\/p>\n<p><strong>Detaljer:<\/strong><\/p>\n<p>Ytterdiameter: 250mm<br \/>\nMaterialtjocklek: 13mm<br \/>\nVikt: ca 980g<br \/>\nMaterial: rostfritt st\u00e5l<\/p>\n<p>&nbsp;<\/p>\n<p><strong>Leveransens omfattning:<\/strong> 1 bondage ring Japan<\/p>","protected":false},"excerpt":{"rendered":"<p>Leveranstid: 5-7 dagar*<\/p>","protected":false},"featured_media":8078,"template":"","meta":[],"product_brand":[],"product_cat":[222,233,234],"product_tag":[],"class_list":{"0":"post-8138","1":"product","2":"type-product","3":"status-publish","4":"has-post-thumbnail","6":"product_cat-alle-produkte","7":"product_cat-bondage-zubehoer","8":"product_cat-ringe","10":"first","11":"instock","12":"taxable","13":"shipping-taxable","14":"purchasable","15":"product-type-simple"},"_links":{"self":[{"href":"https:\/\/bavarian-bondage.de\/sv\/wp-json\/wp\/v2\/product\/8138","targetHints":{"allow":["GET"]}}],"collection":[{"href":"https:\/\/bavarian-bondage.de\/sv\/wp-json\/wp\/v2\/product"}],"about":[{"href":"https:\/\/bavarian-bondage.de\/sv\/wp-json\/wp\/v2\/types\/product"}],"version-history":[{"count":3,"href":"https:\/\/bavarian-bondage.de\/sv\/wp-json\/wp\/v2\/product\/8138\/revisions"}],"predecessor-version":[{"id":8141,"href":"https:\/\/bavarian-bondage.de\/sv\/wp-json\/wp\/v2\/product\/8138\/revisions\/8141"}],"wp:featuredmedia":[{"embeddable":true,"href":"https:\/\/bavarian-bondage.de\/sv\/wp-json\/wp\/v2\/media\/8078"}],"wp:attachment":[{"href":"https:\/\/bavarian-bondage.de\/sv\/wp-json\/wp\/v2\/media?parent=8138"}],"wp:term":[{"taxonomy":"product_brand","embeddable":true,"href":"https:\/\/bavarian-bondage.de\/sv\/wp-json\/wp\/v2\/product_brand?post=8138"},{"taxonomy":"product_cat","embeddable":true,"href":"https:\/\/bavarian-bondage.de\/sv\/wp-json\/wp\/v2\/product_cat?post=8138"},{"taxonomy":"product_tag","embeddable":true,"href":"https:\/\/bavarian-bondage.de\/sv\/wp-json\/wp\/v2\/product_tag?post=8138"}],"curies":[{"name":"wp","href":"https:\/\/api.w.org\/{rel}","templated":true}]}}