{"id":8201,"date":"2023-01-28T19:04:14","date_gmt":"2023-01-28T18:04:14","guid":{"rendered":"https:\/\/bavarian-bondage.de\/?post_type=product&#038;p=8201"},"modified":"2026-04-20T14:37:26","modified_gmt":"2026-04-20T12:37:26","slug":"bondage-ring-andreaskreuz-ek","status":"publish","type":"product","link":"https:\/\/bavarian-bondage.de\/sv\/produkt\/bondagering-andreaskreuz-eichenholz\/","title":{"rendered":"Bondage ring St Andrew&#039;s cross ek tr\u00e4"},"content":{"rendered":"<h3 style=\"text-align: center\">Bondage ring St. Andrew&#039;s cross ek<\/h3>\n<p style=\"text-align: center\">\u00a0Ringen \u00e4r gjord av ek och kompletteras med en 10 x 10 mm st\u00e5lk\u00e4rna. Tr\u00e4et finslipas och behandlas slutligen med ett tunt lager tr\u00e4olja. Till skillnad fr\u00e5n triskele-ringarna \u00e4r repen l\u00e4ttare att placera. Ringen f\u00f6rblir rak tack vare de tv\u00e5 separata mitten. Hos triskele vrider sig ringen relativt snabbt.<\/p>\n<p style=\"text-align: center\">Obs: \u00c4ven om tr\u00e4 \u00e4r ett extremt stabilt material kan det inte j\u00e4mf\u00f6ras med metallens styrka. S\u00e4rskilt under upph\u00e4ngning och i synnerhet under s\u00e5 kallad lyftning kan sm\u00e5 sk\u00e5ror i tr\u00e4et uppst\u00e5 \u2013 dessa p\u00e5verkar naturligtvis inte ringens stabilitet.<\/p>\n<p>&nbsp;<\/p>\n<p><strong>Detaljer:<\/strong><\/p>\n<p>Ytterdiameter: 240mm<br \/>\nInnerdiameter: 180mm<br \/>\nMaterialtjocklek: 30 mm<br \/>\nVikt: ca 950g<br \/>\nMaterial: ek, 10 x 10 mm st\u00e5lk\u00e4rna<\/p>\n<p>&nbsp;<\/p>\n<p><strong>Leveransens omfattning:<\/strong> 1 bondage ring gjord av ek med en st\u00e5lk\u00e4rna<\/p>\n<p>&nbsp;<\/p>\n<hr \/>\n<blockquote>\n<p style=\"text-align: center\"><span style=\"color: #333399\">Informationen om produkterna tillhandah\u00e5lls efter b\u00e4sta kunskap och \u00f6vertygelse. Alla m\u00e5tt \u00e4r ungef\u00e4rliga. Anv\u00e4ndningen av produkterna som erbjuds h\u00e4r i butiken sker p\u00e5 egen risk. Varje person reagerar olika p\u00e5 yttre p\u00e5verkan, p\u00e5 njutning eller sm\u00e4rta, etc. D\u00e4rf\u00f6r kan inget ansvar accepteras f\u00f6r felaktig anv\u00e4ndning.  Varje anv\u00e4ndare b\u00e4r det fulla ansvaret f\u00f6r anv\u00e4ndning eller korrekt anv\u00e4ndning av produkterna och dess of\u00f6rutsebara konsekvenser.<\/span><\/p>\n<\/blockquote>","protected":false},"excerpt":{"rendered":"<p>Leveranstid: 5-7 dagar*<\/p>","protected":false},"featured_media":8075,"template":"","meta":[],"product_brand":[],"product_cat":[222,233,234],"product_tag":[],"class_list":{"0":"post-8201","1":"product","2":"type-product","3":"status-publish","4":"has-post-thumbnail","6":"product_cat-alle-produkte","7":"product_cat-bondage-zubehoer","8":"product_cat-ringe","10":"first","11":"instock","12":"taxable","13":"shipping-taxable","14":"purchasable","15":"product-type-simple"},"_links":{"self":[{"href":"https:\/\/bavarian-bondage.de\/sv\/wp-json\/wp\/v2\/product\/8201","targetHints":{"allow":["GET"]}}],"collection":[{"href":"https:\/\/bavarian-bondage.de\/sv\/wp-json\/wp\/v2\/product"}],"about":[{"href":"https:\/\/bavarian-bondage.de\/sv\/wp-json\/wp\/v2\/types\/product"}],"version-history":[{"count":4,"href":"https:\/\/bavarian-bondage.de\/sv\/wp-json\/wp\/v2\/product\/8201\/revisions"}],"predecessor-version":[{"id":15080,"href":"https:\/\/bavarian-bondage.de\/sv\/wp-json\/wp\/v2\/product\/8201\/revisions\/15080"}],"wp:featuredmedia":[{"embeddable":true,"href":"https:\/\/bavarian-bondage.de\/sv\/wp-json\/wp\/v2\/media\/8075"}],"wp:attachment":[{"href":"https:\/\/bavarian-bondage.de\/sv\/wp-json\/wp\/v2\/media?parent=8201"}],"wp:term":[{"taxonomy":"product_brand","embeddable":true,"href":"https:\/\/bavarian-bondage.de\/sv\/wp-json\/wp\/v2\/product_brand?post=8201"},{"taxonomy":"product_cat","embeddable":true,"href":"https:\/\/bavarian-bondage.de\/sv\/wp-json\/wp\/v2\/product_cat?post=8201"},{"taxonomy":"product_tag","embeddable":true,"href":"https:\/\/bavarian-bondage.de\/sv\/wp-json\/wp\/v2\/product_tag?post=8201"}],"curies":[{"name":"wp","href":"https:\/\/api.w.org\/{rel}","templated":true}]}}