{"id":8211,"date":"2023-01-28T19:17:45","date_gmt":"2023-01-28T18:17:45","guid":{"rendered":"https:\/\/bavarian-bondage.de\/?post_type=product&#038;p=8211"},"modified":"2026-04-20T14:37:13","modified_gmt":"2026-04-20T12:37:13","slug":"bondage-ring-st-andrews-cross-koersbaerstraed","status":"publish","type":"product","link":"https:\/\/bavarian-bondage.de\/sv\/produkt\/bondagering-andreaskreuz-kirschbaum\/","title":{"rendered":"Bondage ring St Andrew&#039;s cross k\u00f6rsb\u00e4rstr\u00e4d"},"content":{"rendered":"<h3 style=\"text-align: center\">Bondagering Sankt Andreaskors av k\u00f6rsb\u00e4rstr\u00e4<\/h3>\n<p style=\"text-align: center\">Sankt Andreaskorset \u00e4r en v\u00e4lk\u00e4nd symbol inom BDSM-scenen, och m\u00f6nstret \u00e4r \u00e4ven mycket praktiskt f\u00f6r bondageringar. Ringen \u00e4r tillverkad av k\u00f6rsb\u00e4rstr\u00e4 och f\u00f6rst\u00e4rkt med en 10 x 10 mm st\u00e5lk\u00e4rna. St\u00e5lk\u00e4rnan finns b\u00e5de i den yttre ringen och i den inre avdelaren. K\u00f6rsb\u00e4rstr\u00e4 har en r\u00f6daktig, mycket elegant f\u00e4rg.<\/p>\n<p style=\"text-align: center\">Obs: \u00c4ven om tr\u00e4 \u00e4r ett extremt stabilt material kan det inte j\u00e4mf\u00f6ras med metallens styrka. S\u00e4rskilt under upph\u00e4ngning och i synnerhet under s\u00e5 kallad lyftning kan sm\u00e5 sk\u00e5ror i tr\u00e4et uppst\u00e5 \u2013 dessa p\u00e5verkar naturligtvis inte ringens stabilitet.<\/p>\n<p>&nbsp;<\/p>\n<p><strong>Detaljer:<\/strong><\/p>\n<p>Ytterdiameter: 240mm<br \/>\nInnerdiameter: 180mm<br \/>\nMaterialtjocklek: 30 mm<br \/>\nVikt: ca 900g<br \/>\nMaterial: K\u00f6rsb\u00e4rstr\u00e4, 10 \u00d7 10 mm st\u00e5lk\u00e4rna<\/p>\n<p>&nbsp;<\/p>\n<p><strong>Leveransens omfattning:<\/strong> 1 bondage ring k\u00f6rsb\u00e4rstr\u00e4d med st\u00e5lk\u00e4rna<\/p>\n<p>&nbsp;<\/p>\n<p>&nbsp;<\/p>\n<hr \/>\n<blockquote>\n<p style=\"text-align: center\"><span style=\"color: #333399\">Informationen om produkterna tillhandah\u00e5lls efter b\u00e4sta kunskap och \u00f6vertygelse. Alla m\u00e5tt \u00e4r ungef\u00e4rliga. Anv\u00e4ndningen av produkterna som erbjuds h\u00e4r i butiken sker p\u00e5 egen risk. Varje person reagerar olika p\u00e5 yttre p\u00e5verkan, p\u00e5 njutning eller sm\u00e4rta, etc. D\u00e4rf\u00f6r kan inget ansvar accepteras f\u00f6r felaktig anv\u00e4ndning.  Varje anv\u00e4ndare b\u00e4r det fulla ansvaret f\u00f6r anv\u00e4ndning eller korrekt anv\u00e4ndning av produkterna och dess of\u00f6rutsebara konsekvenser.<\/span><\/p>\n<\/blockquote>","protected":false},"excerpt":{"rendered":"<p>Leveranstid: 5-7 dagar*<\/p>","protected":false},"featured_media":8076,"template":"","meta":[],"product_brand":[],"product_cat":[234,222],"product_tag":[],"class_list":{"0":"post-8211","1":"product","2":"type-product","3":"status-publish","4":"has-post-thumbnail","6":"product_cat-ringe","7":"product_cat-alle-produkte","9":"first","10":"instock","11":"taxable","12":"shipping-taxable","13":"purchasable","14":"product-type-simple"},"_links":{"self":[{"href":"https:\/\/bavarian-bondage.de\/sv\/wp-json\/wp\/v2\/product\/8211","targetHints":{"allow":["GET"]}}],"collection":[{"href":"https:\/\/bavarian-bondage.de\/sv\/wp-json\/wp\/v2\/product"}],"about":[{"href":"https:\/\/bavarian-bondage.de\/sv\/wp-json\/wp\/v2\/types\/product"}],"version-history":[{"count":4,"href":"https:\/\/bavarian-bondage.de\/sv\/wp-json\/wp\/v2\/product\/8211\/revisions"}],"predecessor-version":[{"id":16499,"href":"https:\/\/bavarian-bondage.de\/sv\/wp-json\/wp\/v2\/product\/8211\/revisions\/16499"}],"wp:featuredmedia":[{"embeddable":true,"href":"https:\/\/bavarian-bondage.de\/sv\/wp-json\/wp\/v2\/media\/8076"}],"wp:attachment":[{"href":"https:\/\/bavarian-bondage.de\/sv\/wp-json\/wp\/v2\/media?parent=8211"}],"wp:term":[{"taxonomy":"product_brand","embeddable":true,"href":"https:\/\/bavarian-bondage.de\/sv\/wp-json\/wp\/v2\/product_brand?post=8211"},{"taxonomy":"product_cat","embeddable":true,"href":"https:\/\/bavarian-bondage.de\/sv\/wp-json\/wp\/v2\/product_cat?post=8211"},{"taxonomy":"product_tag","embeddable":true,"href":"https:\/\/bavarian-bondage.de\/sv\/wp-json\/wp\/v2\/product_tag?post=8211"}],"curies":[{"name":"wp","href":"https:\/\/api.w.org\/{rel}","templated":true}]}}