{"id":8530,"date":"2023-01-30T09:03:41","date_gmt":"2023-01-30T08:03:41","guid":{"rendered":"https:\/\/bavarian-bondage.de\/?post_type=product&#038;p=8530"},"modified":"2026-04-03T18:20:46","modified_gmt":"2026-04-03T16:20:46","slug":"repvardskraem-100ml-vegansk","status":"publish","type":"product","link":"https:\/\/bavarian-bondage.de\/sv\/produkt\/rope-care-cream-100ml-vegan\/","title":{"rendered":"Rope Care Cream 100ml Vegansk"},"content":{"rendered":"<h3 style=\"text-align: center\">Rope Care Cream Vegan<\/h3>\n<p style=\"text-align: center\">(Egen produktion)<\/p>\n<p style=\"text-align: center\">P\u00e5 grund av upprepade \u00f6nskem\u00e5l erbjuder vi nu \u00e4ven v\u00e5ra repv\u00e5rdsprodukter veganska. Ist\u00e4llet f\u00f6r bivax anv\u00e4nder den veganska versionen b\u00e4rvax. Rope Care Cream har en relativt solid konsistens och masseras in i repet j\u00e4mf\u00f6rt med olja. En m\u00e4ngd i hasseln\u00f6tsstorlek brukar r\u00e4cka till ett \u00e5tta meter l\u00e5ngt rep.<\/p>\n<p style=\"text-align: center\">Den naturliga repv\u00e5rden 100% \u00e4r l\u00e4mplig f\u00f6r b\u00e5de hampa och jute.<\/p>\n<p style=\"text-align: center\">Efter anv\u00e4ndning ska repen torka i n\u00e5gra dagar.<\/p>\n<p style=\"text-align: center\"><span style=\"color: #ff0000\">Inte en kosmetisk sak<\/span><\/p>\n<p style=\"text-align: center\"><span style=\"color: #ff0000\">Ej l\u00e4mplig f\u00f6r konsumtion<\/span><\/p>\n<p><strong>Sammans\u00e4ttning:<\/strong><\/p>\n<p>B\u00e4rvax<br \/>\nJojobaolja<\/p>\n<p>&nbsp;<\/p>\n<p><strong>Leveransens omfattning:<\/strong> 100 ml Rope Care Cream vegansk<\/p>\n<p>&nbsp;<\/p>\n<hr \/>\n<blockquote>\n<p style=\"text-align: center\"><span style=\"color: #333399\">Informationen om produkterna tillhandah\u00e5lls efter b\u00e4sta kunskap och \u00f6vertygelse. Alla m\u00e5tt \u00e4r ungef\u00e4rliga. Anv\u00e4ndningen av produkterna som erbjuds h\u00e4r i butiken sker p\u00e5 egen risk. Varje person reagerar olika p\u00e5 yttre p\u00e5verkan, p\u00e5 njutning eller sm\u00e4rta, etc. D\u00e4rf\u00f6r kan inget ansvar accepteras f\u00f6r felaktig anv\u00e4ndning.  Varje anv\u00e4ndare b\u00e4r det fulla ansvaret f\u00f6r anv\u00e4ndning eller korrekt anv\u00e4ndning av produkterna och dess of\u00f6rutsebara konsekvenser.<\/span><\/p>\n<\/blockquote>","protected":false},"excerpt":{"rendered":"<p>Grundpris: 125,00 \u20ac\/l<\/p>\n<p>Leveranstid: 5-7 dagar*<\/p>","protected":false},"featured_media":8549,"template":"","meta":[],"product_brand":[],"product_cat":[322,222,233],"product_tag":[],"class_list":{"0":"post-8530","1":"product","2":"type-product","3":"status-publish","4":"has-post-thumbnail","6":"product_cat-seilpflege","7":"product_cat-alle-produkte","8":"product_cat-bondage-zubehoer","10":"first","11":"instock","12":"taxable","13":"shipping-taxable","14":"purchasable","15":"product-type-simple"},"_links":{"self":[{"href":"https:\/\/bavarian-bondage.de\/sv\/wp-json\/wp\/v2\/product\/8530","targetHints":{"allow":["GET"]}}],"collection":[{"href":"https:\/\/bavarian-bondage.de\/sv\/wp-json\/wp\/v2\/product"}],"about":[{"href":"https:\/\/bavarian-bondage.de\/sv\/wp-json\/wp\/v2\/types\/product"}],"version-history":[{"count":4,"href":"https:\/\/bavarian-bondage.de\/sv\/wp-json\/wp\/v2\/product\/8530\/revisions"}],"predecessor-version":[{"id":15246,"href":"https:\/\/bavarian-bondage.de\/sv\/wp-json\/wp\/v2\/product\/8530\/revisions\/15246"}],"wp:featuredmedia":[{"embeddable":true,"href":"https:\/\/bavarian-bondage.de\/sv\/wp-json\/wp\/v2\/media\/8549"}],"wp:attachment":[{"href":"https:\/\/bavarian-bondage.de\/sv\/wp-json\/wp\/v2\/media?parent=8530"}],"wp:term":[{"taxonomy":"product_brand","embeddable":true,"href":"https:\/\/bavarian-bondage.de\/sv\/wp-json\/wp\/v2\/product_brand?post=8530"},{"taxonomy":"product_cat","embeddable":true,"href":"https:\/\/bavarian-bondage.de\/sv\/wp-json\/wp\/v2\/product_cat?post=8530"},{"taxonomy":"product_tag","embeddable":true,"href":"https:\/\/bavarian-bondage.de\/sv\/wp-json\/wp\/v2\/product_tag?post=8530"}],"curies":[{"name":"wp","href":"https:\/\/api.w.org\/{rel}","templated":true}]}}