{"id":8533,"date":"2023-01-30T09:12:24","date_gmt":"2023-01-30T08:12:24","guid":{"rendered":"https:\/\/bavarian-bondage.de\/?post_type=product&#038;p=8533"},"modified":"2024-11-30T13:19:53","modified_gmt":"2024-11-30T12:19:53","slug":"repvardsolja-vegansk-100ml","status":"publish","type":"product","link":"https:\/\/bavarian-bondage.de\/sv\/produkt\/seilpflegeoel-vegan-100ml\/","title":{"rendered":"Repv\u00e5rdsolja vegansk 100ml"},"content":{"rendered":"<h3 style=\"text-align: center\">Repv\u00e5rdsolja vegansk<\/h3>\n<p style=\"text-align: center\">(Egen produktion)<\/p>\n<p style=\"text-align: center\">Denna oljeblandning anv\u00e4nds som standard f\u00f6r att behandla mina rep.<\/p>\n<p style=\"text-align: center\">Den \u00e4r tunn, 100% naturlig och har en neutral lukt!<\/p>\n<p style=\"text-align: center\">Du kan f\u00e5 tips om repv\u00e5rd och anv\u00e4ndning <a href=\"https:\/\/bavarian-bondage.de\/sv\/skoetseltips-foer-repen\/\">h\u00e4r.<\/a><\/p>\n<p>&nbsp;<\/p>\n<p style=\"text-align: center\"><span style=\"color: #ff0000\">Inte en kosmetisk sak.<\/span><\/p>\n<p style=\"text-align: center\"><span style=\"color: #ff0000\">Ej l\u00e4mplig f\u00f6r konsumtion.<\/span><\/p>\n<p>&nbsp;<\/p>\n<p><strong>Sammans\u00e4ttning:<\/strong><\/p>\n<p>Jojobaolja<br \/>\nKameliaolja<br \/>\nB\u00e4rvax<\/p>\n<p>&nbsp;<\/p>\n<p><strong>Leveransens omfattning:<\/strong> 100 ml Rope Care Oil Vegan; Folder<\/p>\n<p>&nbsp;<\/p>\n<hr \/>\n<blockquote>\n<p style=\"text-align: center\"><span style=\"color: #333399\">Informationen om produkterna tillhandah\u00e5lls efter b\u00e4sta kunskap och \u00f6vertygelse. Alla m\u00e5tt \u00e4r ungef\u00e4rliga. Anv\u00e4ndningen av produkterna som erbjuds h\u00e4r i butiken sker p\u00e5 egen risk. Varje person reagerar olika p\u00e5 yttre p\u00e5verkan, p\u00e5 njutning eller sm\u00e4rta, etc. D\u00e4rf\u00f6r kan inget ansvar accepteras f\u00f6r felaktig anv\u00e4ndning.  Varje anv\u00e4ndare b\u00e4r det fulla ansvaret f\u00f6r anv\u00e4ndning eller korrekt anv\u00e4ndning av produkterna och dess of\u00f6rutsebara konsekvenser.<\/span><\/p>\n<\/blockquote>","protected":false},"excerpt":{"rendered":"<p>Grundpris: 95,00 \u20ac\/l<\/p>\n<p>Leveranstid: 5-7 dagar*<\/p>","protected":false},"featured_media":8545,"template":"","meta":[],"product_brand":[],"product_cat":[222,233,322],"product_tag":[],"class_list":{"0":"post-8533","1":"product","2":"type-product","3":"status-publish","4":"has-post-thumbnail","6":"product_cat-alle-produkte","7":"product_cat-bondage-zubehoer","8":"product_cat-seilpflege","10":"first","11":"instock","12":"taxable","13":"shipping-taxable","14":"purchasable","15":"product-type-simple"},"_links":{"self":[{"href":"https:\/\/bavarian-bondage.de\/sv\/wp-json\/wp\/v2\/product\/8533","targetHints":{"allow":["GET"]}}],"collection":[{"href":"https:\/\/bavarian-bondage.de\/sv\/wp-json\/wp\/v2\/product"}],"about":[{"href":"https:\/\/bavarian-bondage.de\/sv\/wp-json\/wp\/v2\/types\/product"}],"version-history":[{"count":3,"href":"https:\/\/bavarian-bondage.de\/sv\/wp-json\/wp\/v2\/product\/8533\/revisions"}],"predecessor-version":[{"id":15942,"href":"https:\/\/bavarian-bondage.de\/sv\/wp-json\/wp\/v2\/product\/8533\/revisions\/15942"}],"wp:featuredmedia":[{"embeddable":true,"href":"https:\/\/bavarian-bondage.de\/sv\/wp-json\/wp\/v2\/media\/8545"}],"wp:attachment":[{"href":"https:\/\/bavarian-bondage.de\/sv\/wp-json\/wp\/v2\/media?parent=8533"}],"wp:term":[{"taxonomy":"product_brand","embeddable":true,"href":"https:\/\/bavarian-bondage.de\/sv\/wp-json\/wp\/v2\/product_brand?post=8533"},{"taxonomy":"product_cat","embeddable":true,"href":"https:\/\/bavarian-bondage.de\/sv\/wp-json\/wp\/v2\/product_cat?post=8533"},{"taxonomy":"product_tag","embeddable":true,"href":"https:\/\/bavarian-bondage.de\/sv\/wp-json\/wp\/v2\/product_tag?post=8533"}],"curies":[{"name":"wp","href":"https:\/\/api.w.org\/{rel}","templated":true}]}}