{"id":8783,"date":"2023-01-30T17:21:37","date_gmt":"2023-01-30T16:21:37","guid":{"rendered":"https:\/\/bavarian-bondage.de\/?post_type=product&#038;p=8783"},"modified":"2026-01-15T17:31:33","modified_gmt":"2026-01-15T16:31:33","slug":"jute-s-edition-5mm-exklusivt-set-10x8-och-2x4m","status":"publish","type":"product","link":"https:\/\/bavarian-bondage.de\/sv\/produkt\/jute-s-edition-5mm-exklusiv-set-10x8-und-2x4m\/","title":{"rendered":"Jute S-Edition 5 mm EXKLUSIVT; Set 10\u00d78 och 2x4m"},"content":{"rendered":"<h3 style=\"text-align: center\">Jute S-Edition 5mm EXKLUSIVT<\/h3>\n<p style=\"text-align: center\">Detta stora professionella set erbjuder gott om rep f\u00f6r kr\u00e4vande bondagetekniker. De tv\u00e5 kortare repen kompletterar setet perfekt och erbjuder m\u00e5ngsidiga anv\u00e4ndningsm\u00f6jligheter!<\/p>\n<p style=\"text-align: center\">Ett mycket t\u00e4tt tvinnat rep med sina egna unika f\u00f6rdelar. R\u00e4tt garn och en utarbetad finish skapar en vacker, sl\u00e4t yta som knappt nopprar sig och, till skillnad fr\u00e5n m\u00e5nga juterep, inte repas. Att knyta med dessa rep \u00e4r n\u00e5got annorlunda \u00e4n med andra och kr\u00e4ver lite \u00f6vning till en b\u00f6rjan. N\u00e4r de v\u00e4l \u00e4r ordentligt knutna blir repen lite l\u00f6sare men beh\u00e5ller sin fasta k\u00e4rna.<\/p>\n<p style=\"text-align: center\">\u00c4ndarna knyts med sm\u00e5 trisque-knutar, vilket g\u00f6r knytningen mycket enklare.<\/p>\n<p>&nbsp;<\/p>\n<p>&nbsp;<\/p>\n<p><strong>Detaljer:<\/strong><br \/>\nJute S-Edition 5mm EXKLUSIVT<br \/>\n3-axel vridet (<em>Dubbel<\/em>\u2013<em>lager)<\/em><br \/>\nL\u00e4tt karamellton<br \/>\nSm\u00e5 \u00e4ndknutar<br \/>\nL\u00e4ngd: 10\u00d78 m och 2x4 m<br \/>\n(Repl\u00e4ngden kan variera med upp till 3% fr\u00e5n den angivna l\u00e4ngden.)<\/p>\n<p>&nbsp;<\/p>\n<p><span style=\"color: #ff0000\"><strong>Ett meddelande:<\/strong><\/span><\/p>\n<p>Kontrollera linorna regelbundet f\u00f6r slitage och skador!<br \/>\nOm rep sl\u00e5s eller vrids kan de lossna under anv\u00e4ndning!<br \/>\nTv\u00e4tta inte jute rep. Det \u00e4r b\u00e4st att reng\u00f6ra med en fuktig trasa.<\/p>\n<p>&nbsp;<\/p>\n<p><strong>Leveransens omfattning:<\/strong> 10x8m och 2x4m Jute S-Edition 5mm EXKLUSIVT<\/p>\n<p>&nbsp;<\/p>\n<hr \/>\n<blockquote>\n<p style=\"text-align: center\"><span style=\"color: #333399\">Informationen om produkterna tillhandah\u00e5lls efter b\u00e4sta kunskap och \u00f6vertygelse. Alla m\u00e5tt \u00e4r ungef\u00e4rliga. Anv\u00e4ndningen av produkterna som erbjuds h\u00e4r i butiken sker p\u00e5 egen risk. Varje person reagerar olika p\u00e5 yttre p\u00e5verkan, p\u00e5 njutning eller sm\u00e4rta, etc. D\u00e4rf\u00f6r kan inget ansvar accepteras f\u00f6r felaktig anv\u00e4ndning.  Varje anv\u00e4ndare b\u00e4r det fulla ansvaret f\u00f6r anv\u00e4ndning eller korrekt anv\u00e4ndning av produkterna och dess of\u00f6rutsebara konsekvenser.<\/span><\/p>\n<\/blockquote>","protected":false},"excerpt":{"rendered":"<p>Grundpris: 2,14 \u20ac\/m<\/p>\n<p>Leveranstid: 5-7 dagar*<\/p>","protected":false},"featured_media":8904,"template":"","meta":[],"product_brand":[],"product_cat":[216,294,483],"product_tag":[],"class_list":{"0":"post-8783","1":"product","2":"type-product","3":"status-publish","4":"has-post-thumbnail","6":"product_cat-bondageseile","7":"product_cat-juteseile","8":"product_cat-jute-s-edition-5mm","10":"first","11":"instock","12":"taxable","13":"shipping-taxable","14":"purchasable","15":"product-type-simple"},"_links":{"self":[{"href":"https:\/\/bavarian-bondage.de\/sv\/wp-json\/wp\/v2\/product\/8783","targetHints":{"allow":["GET"]}}],"collection":[{"href":"https:\/\/bavarian-bondage.de\/sv\/wp-json\/wp\/v2\/product"}],"about":[{"href":"https:\/\/bavarian-bondage.de\/sv\/wp-json\/wp\/v2\/types\/product"}],"version-history":[{"count":5,"href":"https:\/\/bavarian-bondage.de\/sv\/wp-json\/wp\/v2\/product\/8783\/revisions"}],"predecessor-version":[{"id":16502,"href":"https:\/\/bavarian-bondage.de\/sv\/wp-json\/wp\/v2\/product\/8783\/revisions\/16502"}],"wp:featuredmedia":[{"embeddable":true,"href":"https:\/\/bavarian-bondage.de\/sv\/wp-json\/wp\/v2\/media\/8904"}],"wp:attachment":[{"href":"https:\/\/bavarian-bondage.de\/sv\/wp-json\/wp\/v2\/media?parent=8783"}],"wp:term":[{"taxonomy":"product_brand","embeddable":true,"href":"https:\/\/bavarian-bondage.de\/sv\/wp-json\/wp\/v2\/product_brand?post=8783"},{"taxonomy":"product_cat","embeddable":true,"href":"https:\/\/bavarian-bondage.de\/sv\/wp-json\/wp\/v2\/product_cat?post=8783"},{"taxonomy":"product_tag","embeddable":true,"href":"https:\/\/bavarian-bondage.de\/sv\/wp-json\/wp\/v2\/product_tag?post=8783"}],"curies":[{"name":"wp","href":"https:\/\/api.w.org\/{rel}","templated":true}]}}