{"id":8788,"date":"2023-01-30T17:30:39","date_gmt":"2023-01-30T16:30:39","guid":{"rendered":"https:\/\/bavarian-bondage.de\/?post_type=product&#038;p=8788"},"modified":"2025-10-19T15:47:08","modified_gmt":"2025-10-19T13:47:08","slug":"jute-s-edition-5mm-klassisk-set-1x8","status":"publish","type":"product","link":"https:\/\/bavarian-bondage.de\/sv\/produkt\/jute-s-edition-5mm-klassik-set-1x8\/","title":{"rendered":"Jute S-Edition 5mm CLASSIC; Set 1x8m"},"content":{"rendered":"<h3 style=\"text-align: center\">Jute S-Edition 5mm CLASSIC<\/h3>\n<p style=\"text-align: center\">Byt ut ett rep, ut\u00f6ka setet eller kolla bara kvaliteten.<\/p>\n<p style=\"text-align: center\">Ett mycket h\u00e5rt vridet rep med sina egna f\u00f6rdelar. Det r\u00e4tta garnet och den genomarbetade finishen skapar en vacker och sl\u00e4t yta som knappt pillrar och, till skillnad fr\u00e5n m\u00e5nga jute-rep, inte repar. Att knyta med dessa rep \u00e4r lite annorlunda \u00e4n med andra och kr\u00e4ver lite \u00f6vning i b\u00f6rjan. Om repen knyts r\u00e4tt blir de lite l\u00f6sare, men beh\u00e5ller sin starka k\u00e4rna.<\/p>\n<p style=\"text-align: center\">\u00c4ndarna st\u00e4ngs med en enkel \u00f6verhandsknut,<\/p>\n<p>&nbsp;<\/p>\n<p><strong>Detaljer:<\/strong><br \/>\nJute S-Edition 5mm CLASSIC<br \/>\n3-axel vridet (<em>Dubbel<\/em>\u2013<em>lager)<\/em><br \/>\nL\u00e4tt karamellton<br \/>\n\u00d6verhandsknut<br \/>\nL\u00e4ngd: 1x8m<br \/>\n(Repl\u00e4ngden kan variera med upp till 3% fr\u00e5n den angivna l\u00e4ngden.)<\/p>\n<p>&nbsp;<\/p>\n<p><span style=\"color: #ff0000\"><strong>Ett meddelande:<\/strong><\/span><\/p>\n<p>Kontrollera linorna regelbundet f\u00f6r slitage och skador!<br \/>\nOm rep sl\u00e5s eller vrids kan de lossna under anv\u00e4ndning!<br \/>\nTv\u00e4tta inte jute rep. Det \u00e4r b\u00e4st att reng\u00f6ra med en fuktig trasa.<\/p>\n<p>&nbsp;<\/p>\n<p><strong>Leveransens omfattning:<\/strong> 1x8m jute S-Edition 5mm CLASSIC; Folder<\/p>\n<p>&nbsp;<\/p>\n<hr \/>\n<blockquote>\n<p style=\"text-align: center\"><span style=\"color: #333399\">Informationen om produkterna tillhandah\u00e5lls efter b\u00e4sta kunskap och \u00f6vertygelse. Alla m\u00e5tt \u00e4r ungef\u00e4rliga. Anv\u00e4ndningen av produkterna som erbjuds h\u00e4r i butiken sker p\u00e5 egen risk. Varje person reagerar olika p\u00e5 yttre p\u00e5verkan, p\u00e5 njutning eller sm\u00e4rta, etc. D\u00e4rf\u00f6r kan inget ansvar accepteras f\u00f6r felaktig anv\u00e4ndning.  Varje anv\u00e4ndare b\u00e4r det fulla ansvaret f\u00f6r anv\u00e4ndning eller korrekt anv\u00e4ndning av produkterna och dess of\u00f6rutsebara konsekvenser.<\/span><\/p>\n<\/blockquote>","protected":false},"excerpt":{"rendered":"<p>Grundpris: 2,31 \u20ac\/m<\/p>\n<p>Leveranstid: 5-7 dagar*<\/p>","protected":false},"featured_media":8903,"template":"","meta":[],"product_brand":[],"product_cat":[216,294,483],"product_tag":[],"class_list":{"0":"post-8788","1":"product","2":"type-product","3":"status-publish","4":"has-post-thumbnail","6":"product_cat-bondageseile","7":"product_cat-juteseile","8":"product_cat-jute-s-edition-5mm","10":"first","11":"instock","12":"taxable","13":"shipping-taxable","14":"purchasable","15":"product-type-simple"},"_links":{"self":[{"href":"https:\/\/bavarian-bondage.de\/sv\/wp-json\/wp\/v2\/product\/8788","targetHints":{"allow":["GET"]}}],"collection":[{"href":"https:\/\/bavarian-bondage.de\/sv\/wp-json\/wp\/v2\/product"}],"about":[{"href":"https:\/\/bavarian-bondage.de\/sv\/wp-json\/wp\/v2\/types\/product"}],"version-history":[{"count":6,"href":"https:\/\/bavarian-bondage.de\/sv\/wp-json\/wp\/v2\/product\/8788\/revisions"}],"predecessor-version":[{"id":13879,"href":"https:\/\/bavarian-bondage.de\/sv\/wp-json\/wp\/v2\/product\/8788\/revisions\/13879"}],"wp:featuredmedia":[{"embeddable":true,"href":"https:\/\/bavarian-bondage.de\/sv\/wp-json\/wp\/v2\/media\/8903"}],"wp:attachment":[{"href":"https:\/\/bavarian-bondage.de\/sv\/wp-json\/wp\/v2\/media?parent=8788"}],"wp:term":[{"taxonomy":"product_brand","embeddable":true,"href":"https:\/\/bavarian-bondage.de\/sv\/wp-json\/wp\/v2\/product_brand?post=8788"},{"taxonomy":"product_cat","embeddable":true,"href":"https:\/\/bavarian-bondage.de\/sv\/wp-json\/wp\/v2\/product_cat?post=8788"},{"taxonomy":"product_tag","embeddable":true,"href":"https:\/\/bavarian-bondage.de\/sv\/wp-json\/wp\/v2\/product_tag?post=8788"}],"curies":[{"name":"wp","href":"https:\/\/api.w.org\/{rel}","templated":true}]}}