{"id":8861,"date":"2023-01-31T10:40:19","date_gmt":"2023-01-31T09:40:19","guid":{"rendered":"https:\/\/bavarian-bondage.de\/?post_type=product&#038;p=8861"},"modified":"2025-08-13T15:29:53","modified_gmt":"2025-08-13T13:29:53","slug":"linhampa-rep-5mm-svart-moerkroed-8m-exklusiv","status":"publish","type":"product","link":"https:\/\/bavarian-bondage.de\/sv\/produkt\/leinenhanfseil-5mm-schwarz-dunkelrot-8m-exklusiv\/","title":{"rendered":"Linhampa rep 5mm svart-m\u00f6rkr\u00f6d 8m EXKLUSIVT"},"content":{"rendered":"<h3 style=\"text-align: center\">Linnehamprep 5mm svart-m\u00f6rkr\u00f6d EXKLUSIVT<\/h3>\n<p style=\"text-align: center\">Ett lite annorlunda rep i tv\u00e5 f\u00e4rger. Hamprepet \u00e4r halvf\u00e4rgat i svart och m\u00f6rkr\u00f6tt. Med dubbel kabeldragning ligger b\u00e5da f\u00e4rgerna ovanp\u00e5 varandra, vilket skapar en mycket snygg helhetsbild. Det r\u00e5a repet som anv\u00e4nds \u00e4r n\u00e5got tjockare \u00e4n mina andra 5 mm rep.<\/p>\n<p style=\"text-align: center\">Linhamparepet 5mm EXCLUSIVE \u00e4r v\u00e4ldigt mjukt och smidigt! Den har behandlats flera g\u00e5nger f\u00f6r att h\u00e5lla b\u00e4sta kvalitet. Repet imponerar med sin runda, j\u00e4mna och kvistfria struktur l\u00e4ngs hela sin l\u00e4ngd. Vidare knyts \u00e4ndarna med sm\u00e5 knutar. Eftersom repen f\u00e4rgades som en helhet \u00e4r de inte helt f\u00e4rgade.<\/p>\n<p>&nbsp;<\/p>\n<p><strong>Detaljer:<\/strong><\/p>\n<p>Linnehamprep 5mm m\u00f6rkr\u00f6d-svart EXKLUSIVT<br \/>\n3-axelsvarv<br \/>\nF\u00e4rg: M\u00f6rkr\u00f6d-svart<br \/>\nTrisk knut<br \/>\nL\u00e4ngd: 1x8m<br \/>\n(Repl\u00e4ngden kan avvika fr\u00e5n den l\u00e4ngd som anges med upp till 3%)<\/p>\n<p>&nbsp;<\/p>\n<p><span style=\"color: #ff0000\"><strong>Ett meddelande:<\/strong><\/span><\/p>\n<p>Kontrollera linorna regelbundet f\u00f6r slitage och skador! Om rep sl\u00e5s eller vrids kan de lossna under anv\u00e4ndning!<br \/>\nRepen har f\u00e4rgats som en helhet och har inte samma f\u00e4rg \u00e4nda ner till mitten.<\/p>\n<p>&nbsp;<\/p>\n<p><strong>Leveransens omfattning:<\/strong> 1x8m linnehamprep 5mm m\u00f6rkr\u00f6d-svart EXKLUSIVT<\/p>\n<p>&nbsp;<\/p>\n<hr \/>\n<blockquote>\n<p style=\"text-align: center\"><span style=\"color: #333399\">Informationen om produkterna tillhandah\u00e5lls efter b\u00e4sta kunskap och \u00f6vertygelse. Alla m\u00e5tt \u00e4r ungef\u00e4rliga. Anv\u00e4ndningen av produkterna som erbjuds h\u00e4r i butiken sker p\u00e5 egen risk. Varje person reagerar olika p\u00e5 yttre p\u00e5verkan, p\u00e5 njutning eller sm\u00e4rta, etc. D\u00e4rf\u00f6r kan inget ansvar accepteras f\u00f6r felaktig anv\u00e4ndning.  Varje anv\u00e4ndare b\u00e4r det fulla ansvaret f\u00f6r anv\u00e4ndning eller korrekt anv\u00e4ndning av produkterna och dess of\u00f6rutsebara konsekvenser.<\/span><\/p>\n<\/blockquote>","protected":false},"excerpt":{"rendered":"<p>Grundpris: 3,25 \u20ac\/m<\/p>\n<p>Leveranstid: 5-7 dagar*<\/p>","protected":false},"featured_media":8881,"template":"","meta":[],"product_brand":[],"product_cat":[216,217,367],"product_tag":[528],"class_list":{"0":"post-8861","1":"product","2":"type-product","3":"status-publish","4":"has-post-thumbnail","6":"product_cat-bondageseile","7":"product_cat-leinenhanfseil","8":"product_cat-leinenhanf-seil-zweifarbig","9":"product_tag-leinenhanfseil","11":"first","12":"outofstock","13":"taxable","14":"shipping-taxable","15":"purchasable","16":"product-type-simple"},"_links":{"self":[{"href":"https:\/\/bavarian-bondage.de\/sv\/wp-json\/wp\/v2\/product\/8861","targetHints":{"allow":["GET"]}}],"collection":[{"href":"https:\/\/bavarian-bondage.de\/sv\/wp-json\/wp\/v2\/product"}],"about":[{"href":"https:\/\/bavarian-bondage.de\/sv\/wp-json\/wp\/v2\/types\/product"}],"version-history":[{"count":3,"href":"https:\/\/bavarian-bondage.de\/sv\/wp-json\/wp\/v2\/product\/8861\/revisions"}],"predecessor-version":[{"id":13766,"href":"https:\/\/bavarian-bondage.de\/sv\/wp-json\/wp\/v2\/product\/8861\/revisions\/13766"}],"wp:featuredmedia":[{"embeddable":true,"href":"https:\/\/bavarian-bondage.de\/sv\/wp-json\/wp\/v2\/media\/8881"}],"wp:attachment":[{"href":"https:\/\/bavarian-bondage.de\/sv\/wp-json\/wp\/v2\/media?parent=8861"}],"wp:term":[{"taxonomy":"product_brand","embeddable":true,"href":"https:\/\/bavarian-bondage.de\/sv\/wp-json\/wp\/v2\/product_brand?post=8861"},{"taxonomy":"product_cat","embeddable":true,"href":"https:\/\/bavarian-bondage.de\/sv\/wp-json\/wp\/v2\/product_cat?post=8861"},{"taxonomy":"product_tag","embeddable":true,"href":"https:\/\/bavarian-bondage.de\/sv\/wp-json\/wp\/v2\/product_tag?post=8861"}],"curies":[{"name":"wp","href":"https:\/\/api.w.org\/{rel}","templated":true}]}}