{"id":8906,"date":"2023-01-31T13:54:05","date_gmt":"2023-01-31T12:54:05","guid":{"rendered":"https:\/\/bavarian-bondage.de\/?post_type=product&#038;p=8906"},"modified":"2026-03-20T08:55:29","modified_gmt":"2026-03-20T07:55:29","slug":"ishidaki-version-1","status":"publish","type":"product","link":"https:\/\/bavarian-bondage.de\/sv\/produkt\/ishidaki-version-1\/","title":{"rendered":"Ishidaki version 1"},"content":{"rendered":"<h3 style=\"text-align: center\">Ishidaki version 1<\/h3>\n<p style=\"text-align: center\">V\u00e5r moderna tolkning av en Ishidaki (kneeboard). Skivan \u00e4r gjord av bok och valn\u00f6t och kan anv\u00e4ndas p\u00e5 b\u00e5da sidor. Som du kan se p\u00e5 bilderna har ena sidan 13 tv\u00e4rg\u00e5ende stag, medan den andra sidan har 593 sm\u00e5 pyramider. Skivan \u00e4r utformad s\u00e5 att den nuddar golvet i de fyra h\u00f6rnen och i mitten till v\u00e4nster och h\u00f6ger. Spetsarna p\u00e5 b\u00e5da sidorna \u00e4r ca 3 mm l\u00e4gre f\u00f6r att inte skada golvet. Det \u00e4r dock l\u00e4mpligt att anv\u00e4nda en bas.<\/p>\n<p style=\"text-align: center\">Ishidakiskivan \u00e4r tillverkad helt i ett stycke, och endast basmaterialet har limmats ihop i f\u00f6rv\u00e4g och sedan behandlats med tr\u00e4olja. Oavsett om du st\u00e5r, sitter eller kn\u00e4b\u00f6jer kan br\u00e4dan definitivt berika din Shibari-session.<\/p>\n<p>&nbsp;<\/p>\n<p><strong>Detaljer:<\/strong><\/p>\n<p>Material: bok, valn\u00f6t<br \/>\nF\u00e4rg: n\u00f6t \u2013 bok<br \/>\nL\u00e4ngd: 46 cm<br \/>\nBredd: 40 cm<br \/>\nH\u00f6jd: 4 cm<br \/>\nVikt: ca 3 kg<\/p>\n<p>&nbsp;<\/p>\n<p>&nbsp;<\/p>\n<p><strong>Leveransens omfattning:<\/strong> 1x Ishidaki version 1 bok och valn\u00f6t<\/p>\n<p>&nbsp;<\/p>\n<hr \/>\n<blockquote>\n<p style=\"text-align: center\"><span style=\"color: #333399\">Informationen om produkterna tillhandah\u00e5lls efter b\u00e4sta kunskap och \u00f6vertygelse. Alla m\u00e5tt \u00e4r ungef\u00e4rliga. Anv\u00e4ndningen av produkterna som erbjuds h\u00e4r i butiken sker p\u00e5 egen risk. Varje person reagerar olika p\u00e5 yttre p\u00e5verkan, p\u00e5 njutning eller sm\u00e4rta, etc. D\u00e4rf\u00f6r kan inget ansvar accepteras f\u00f6r felaktig anv\u00e4ndning.  Varje anv\u00e4ndare b\u00e4r det fulla ansvaret f\u00f6r anv\u00e4ndning eller korrekt anv\u00e4ndning av produkterna och dess of\u00f6rutsebara konsekvenser.<\/span><\/p>\n<\/blockquote>","protected":false},"excerpt":{"rendered":"<p>Ishidaki version 1<\/p>","protected":false},"featured_media":8981,"template":"","meta":[],"product_brand":[],"product_cat":[223],"product_tag":[],"class_list":{"0":"post-8906","1":"product","2":"type-product","3":"status-publish","4":"has-post-thumbnail","6":"product_cat-zubehoer","8":"first","9":"instock","10":"taxable","11":"shipping-taxable","12":"purchasable","13":"product-type-simple"},"_links":{"self":[{"href":"https:\/\/bavarian-bondage.de\/sv\/wp-json\/wp\/v2\/product\/8906","targetHints":{"allow":["GET"]}}],"collection":[{"href":"https:\/\/bavarian-bondage.de\/sv\/wp-json\/wp\/v2\/product"}],"about":[{"href":"https:\/\/bavarian-bondage.de\/sv\/wp-json\/wp\/v2\/types\/product"}],"version-history":[{"count":4,"href":"https:\/\/bavarian-bondage.de\/sv\/wp-json\/wp\/v2\/product\/8906\/revisions"}],"predecessor-version":[{"id":13946,"href":"https:\/\/bavarian-bondage.de\/sv\/wp-json\/wp\/v2\/product\/8906\/revisions\/13946"}],"wp:featuredmedia":[{"embeddable":true,"href":"https:\/\/bavarian-bondage.de\/sv\/wp-json\/wp\/v2\/media\/8981"}],"wp:attachment":[{"href":"https:\/\/bavarian-bondage.de\/sv\/wp-json\/wp\/v2\/media?parent=8906"}],"wp:term":[{"taxonomy":"product_brand","embeddable":true,"href":"https:\/\/bavarian-bondage.de\/sv\/wp-json\/wp\/v2\/product_brand?post=8906"},{"taxonomy":"product_cat","embeddable":true,"href":"https:\/\/bavarian-bondage.de\/sv\/wp-json\/wp\/v2\/product_cat?post=8906"},{"taxonomy":"product_tag","embeddable":true,"href":"https:\/\/bavarian-bondage.de\/sv\/wp-json\/wp\/v2\/product_tag?post=8906"}],"curies":[{"name":"wp","href":"https:\/\/api.w.org\/{rel}","templated":true}]}}