{"id":8914,"date":"2023-01-31T09:20:49","date_gmt":"2023-01-31T08:20:49","guid":{"rendered":"https:\/\/bavarian-bondage.de\/?post_type=product&#038;p=8914"},"modified":"2024-11-30T14:07:23","modified_gmt":"2024-11-30T13:07:23","slug":"vaeggklocka-version-3","status":"publish","type":"product","link":"https:\/\/bavarian-bondage.de\/sv\/produkt\/wanduhr-version-3\/","title":{"rendered":"V\u00e4ggklocka version 3"},"content":{"rendered":"<h3 style=\"text-align: center\">V\u00e4ggklocka version 3<\/h3>\n<p style=\"text-align: center\">Definitivt ett blickf\u00e5ng, v\u00e5ra v\u00e4ggklockor!<\/p>\n<p style=\"text-align: center\">Klockan \u00e4r gjord av 20 mm bj\u00f6rkmultiplex och poppeltr\u00e4 anv\u00e4nds som lock p\u00e5 baksidan. 3 mm och 4 mm hamparep anv\u00e4nds f\u00f6r de romerska siffrorna och de andra linjerna. Fr\u00e4sningen i mitten m\u00e5lades svart och r\u00f6d.<\/p>\n<p>&nbsp;<\/p>\n<h3 style=\"text-align: center\"><strong>Ett meddelande:<\/strong><\/h3>\n<p style=\"text-align: center\"><strong>Det finns inga r\u00f6relser, inga h\u00e4nder och inget batteri ing\u00e5r. Utsk\u00e4rningen p\u00e5 baksidan m\u00e4ter 60x60mm och har ett djup p\u00e5 20mm. H\u00e5let f\u00f6r klockaxeln \u00e4r 8 mm. L\u00e4ngden p\u00e5 klockaxeln b\u00f6r vara minst 11-13 mm.<\/strong><\/p>\n<p><strong>Detaljer:<\/strong><\/p>\n<p>Material: bj\u00f6rkmultiplex<br \/>\nDiameter: 37 cm<br \/>\nBredd: 40 cm<br \/>\nH\u00f6jd: 21mm<br \/>\nVikt: ca 1 kg<\/p>\n<p>&nbsp;<\/p>\n<p>&nbsp;<\/p>\n<p><strong>Leveransens omfattning:<\/strong> 1x v\u00e4ggklocka version 3<\/p>\n<p>&nbsp;<\/p>\n<hr \/>\n<blockquote>\n<p style=\"text-align: center\"><span style=\"color: #333399\">Informationen om produkterna tillhandah\u00e5lls efter b\u00e4sta kunskap och \u00f6vertygelse. Alla m\u00e5tt \u00e4r ungef\u00e4rliga. Anv\u00e4ndningen av produkterna som erbjuds h\u00e4r i butiken sker p\u00e5 egen risk. Varje person reagerar olika p\u00e5 yttre p\u00e5verkan, p\u00e5 njutning eller sm\u00e4rta, etc. D\u00e4rf\u00f6r kan inget ansvar accepteras f\u00f6r felaktig anv\u00e4ndning.  Varje anv\u00e4ndare b\u00e4r det fulla ansvaret f\u00f6r anv\u00e4ndning eller korrekt anv\u00e4ndning av produkterna och dess of\u00f6rutsebara konsekvenser.<\/span><\/p>\n<\/blockquote>","protected":false},"excerpt":{"rendered":"<p>Leveranstid: 5-7 dagar*<\/p>","protected":false},"featured_media":8989,"template":"","meta":[],"product_brand":[],"product_cat":[223],"product_tag":[],"class_list":{"0":"post-8914","1":"product","2":"type-product","3":"status-publish","4":"has-post-thumbnail","6":"product_cat-zubehoer","8":"first","9":"instock","10":"taxable","11":"shipping-taxable","12":"purchasable","13":"product-type-simple"},"_links":{"self":[{"href":"https:\/\/bavarian-bondage.de\/sv\/wp-json\/wp\/v2\/product\/8914","targetHints":{"allow":["GET"]}}],"collection":[{"href":"https:\/\/bavarian-bondage.de\/sv\/wp-json\/wp\/v2\/product"}],"about":[{"href":"https:\/\/bavarian-bondage.de\/sv\/wp-json\/wp\/v2\/types\/product"}],"version-history":[{"count":6,"href":"https:\/\/bavarian-bondage.de\/sv\/wp-json\/wp\/v2\/product\/8914\/revisions"}],"predecessor-version":[{"id":13948,"href":"https:\/\/bavarian-bondage.de\/sv\/wp-json\/wp\/v2\/product\/8914\/revisions\/13948"}],"wp:featuredmedia":[{"embeddable":true,"href":"https:\/\/bavarian-bondage.de\/sv\/wp-json\/wp\/v2\/media\/8989"}],"wp:attachment":[{"href":"https:\/\/bavarian-bondage.de\/sv\/wp-json\/wp\/v2\/media?parent=8914"}],"wp:term":[{"taxonomy":"product_brand","embeddable":true,"href":"https:\/\/bavarian-bondage.de\/sv\/wp-json\/wp\/v2\/product_brand?post=8914"},{"taxonomy":"product_cat","embeddable":true,"href":"https:\/\/bavarian-bondage.de\/sv\/wp-json\/wp\/v2\/product_cat?post=8914"},{"taxonomy":"product_tag","embeddable":true,"href":"https:\/\/bavarian-bondage.de\/sv\/wp-json\/wp\/v2\/product_tag?post=8914"}],"curies":[{"name":"wp","href":"https:\/\/api.w.org\/{rel}","templated":true}]}}