{"id":8968,"date":"2023-01-31T16:11:44","date_gmt":"2023-01-31T15:11:44","guid":{"rendered":"https:\/\/bavarian-bondage.de\/?post_type=product&#038;p=8968"},"modified":"2025-12-04T21:34:19","modified_gmt":"2025-12-04T20:34:19","slug":"aedeltrae-design-paddel-amazakoue","status":"publish","type":"product","link":"https:\/\/bavarian-bondage.de\/sv\/produkt\/edelholz-design-paddel-amazakoue\/","title":{"rendered":"\u00c4deltr\u00e4 designpaddel Amazakoue"},"content":{"rendered":"<h3 style=\"text-align: center\">Paddel i \u00e4del tr\u00e4design<\/h3>\n<p style=\"text-align: center\">V\u00e5ra nya paddelset imponerar med kombinationen av fina tr\u00e4slag, ett bekv\u00e4mt handtag av hamparep och de \u00f6mt\u00e5liga gravyrerna som fr\u00e4sts p\u00e5 ena sidan. Det extra tunna, b\u00f6jda och \u00e4nd\u00e5 stabila utf\u00f6randet av de tv\u00e5 smala paddlarna s\u00e4kerst\u00e4ller ocks\u00e5 en annorlunda k\u00e4nsla j\u00e4mf\u00f6rt med den tjockare! De graverade m\u00f6nstren fungerar inte bara som en vacker dekoration, utan n\u00e4r de anv\u00e4nds p\u00e5 r\u00e4tt s\u00e4tt skapar de \u00e4ven underbara intryck p\u00e5 huden. Ytorna behandlades med tr\u00e4olja. Paddlarna levereras v\u00e4l f\u00f6rpackade i en matchande polyesterp\u00e5se.<\/p>\n<p style=\"text-align: center\">Paddlarna erbjuds i tre former och fyra olika f\u00e4rger!<\/p>\n<blockquote><p>&nbsp;<\/p><\/blockquote>\n<p><strong>Detaljer:<\/strong><\/p>\n<p>Material: Amazakoue; Naturlig hampa rep<br \/>\nMaterialv\u00e4ska: 100% polyester<br \/>\nProduktion: Egen produktion<br \/>\nOlika versioner tillg\u00e4ngliga<\/p>\n<p>&nbsp;<\/p>\n<p><strong>Leveransens omfattning:<\/strong> 1 \u00e4deltr\u00e4 designpaddel Amazakoue<\/p>\n<p>&nbsp;<\/p>\n<hr \/>\n<blockquote>\n<p style=\"text-align: center\"><span style=\"color: #333399\">Informationen om produkterna tillhandah\u00e5lls efter b\u00e4sta kunskap och \u00f6vertygelse. Alla m\u00e5tt \u00e4r ungef\u00e4rliga. Anv\u00e4ndningen av produkterna som erbjuds h\u00e4r i butiken sker p\u00e5 egen risk. Varje person reagerar olika p\u00e5 yttre p\u00e5verkan, p\u00e5 njutning eller sm\u00e4rta, etc. D\u00e4rf\u00f6r kan inget ansvar accepteras f\u00f6r felaktig anv\u00e4ndning.  Varje anv\u00e4ndare b\u00e4r det fulla ansvaret f\u00f6r anv\u00e4ndning eller korrekt anv\u00e4ndning av produkterna och dess of\u00f6rutsebara konsekvenser.<\/span><\/p>\n<\/blockquote>","protected":false},"excerpt":{"rendered":"<p>Leveranstid: 5-7 dagar*<\/p>","protected":false},"featured_media":14126,"template":"","meta":[],"product_brand":[],"product_cat":[252],"product_tag":[],"class_list":{"0":"post-8968","1":"product","2":"type-product","3":"status-publish","4":"has-post-thumbnail","6":"product_cat-peitschen-gerten","8":"first","9":"instock","10":"taxable","11":"shipping-taxable","12":"purchasable","13":"product-type-variable"},"_links":{"self":[{"href":"https:\/\/bavarian-bondage.de\/sv\/wp-json\/wp\/v2\/product\/8968","targetHints":{"allow":["GET"]}}],"collection":[{"href":"https:\/\/bavarian-bondage.de\/sv\/wp-json\/wp\/v2\/product"}],"about":[{"href":"https:\/\/bavarian-bondage.de\/sv\/wp-json\/wp\/v2\/types\/product"}],"version-history":[{"count":7,"href":"https:\/\/bavarian-bondage.de\/sv\/wp-json\/wp\/v2\/product\/8968\/revisions"}],"predecessor-version":[{"id":13991,"href":"https:\/\/bavarian-bondage.de\/sv\/wp-json\/wp\/v2\/product\/8968\/revisions\/13991"}],"wp:featuredmedia":[{"embeddable":true,"href":"https:\/\/bavarian-bondage.de\/sv\/wp-json\/wp\/v2\/media\/14126"}],"wp:attachment":[{"href":"https:\/\/bavarian-bondage.de\/sv\/wp-json\/wp\/v2\/media?parent=8968"}],"wp:term":[{"taxonomy":"product_brand","embeddable":true,"href":"https:\/\/bavarian-bondage.de\/sv\/wp-json\/wp\/v2\/product_brand?post=8968"},{"taxonomy":"product_cat","embeddable":true,"href":"https:\/\/bavarian-bondage.de\/sv\/wp-json\/wp\/v2\/product_cat?post=8968"},{"taxonomy":"product_tag","embeddable":true,"href":"https:\/\/bavarian-bondage.de\/sv\/wp-json\/wp\/v2\/product_tag?post=8968"}],"curies":[{"name":"wp","href":"https:\/\/api.w.org\/{rel}","templated":true}]}}