{"id":9052,"date":"2023-02-01T12:22:39","date_gmt":"2023-02-01T11:22:39","guid":{"rendered":"https:\/\/bavarian-bondage.de\/?post_type=product&#038;p=9052"},"modified":"2026-01-20T23:28:46","modified_gmt":"2026-01-20T22:28:46","slug":"jute-s-edition-svart-6mm-exklusivt-set-7x8m-och-2x4m","status":"publish","type":"product","link":"https:\/\/bavarian-bondage.de\/sv\/produkt\/jute-s-edition-schwarz-6mm-exklusiv-set-7x8m-und-2x4m\/","title":{"rendered":"Jute S-Edition Black 6mm EXKLUSIVT; Set 7x8m och 2x4m"},"content":{"rendered":"<h3 style=\"text-align: center\">Jute S-Edition 6mm Svart EXKLUSIVT<\/h3>\n<p style=\"text-align: center\">Det kompletta setet f\u00f6r nyb\u00f6rjare och proffs. De sju l\u00e5nga repen \u00e4r vanligtvis tillr\u00e4ckliga f\u00f6r alla bondage. Setet kompletteras med de tv\u00e5 fyra meter l\u00e5nga repen, som kan anv\u00e4ndas p\u00e5 en m\u00e4ngd olika s\u00e4tt!<\/p>\n<p style=\"text-align: center\">Till skillnad fr\u00e5n naturliga rep blir repen mjukare genom f\u00e4rgning, men den fasta k\u00e4rnan f\u00f6rblir intakt \u00e4ven med den f\u00e4rgade S-Editionen. De f\u00e4rdiga att knyta jute-repen k\u00e4nns v\u00e4ldigt behagliga p\u00e5 huden, \u00e4r n\u00e4stan inte repig och f\u00e4ller inte mycket.<\/p>\n<p style=\"text-align: center\">\u00c4ndarna knyts med sm\u00e5 trisque-knutar, vilket g\u00f6r knytningen mycket enklare.<\/p>\n<p>&nbsp;<\/p>\n<p>&nbsp;<\/p>\n<p><strong>Detaljer:<\/strong><br \/>\nJute S-Edition Black 6mm EXKLUSIVT<br \/>\n3-axel vridet (<em>Dubbel<\/em>\u2013<em>lager)<\/em><br \/>\nF\u00e4rgad svart<br \/>\nSm\u00e5 \u00e4ndknutar<br \/>\nL\u00e4ngd: 7x8m och 2x4m<br \/>\n(Repl\u00e4ngden kan variera med upp till 3% fr\u00e5n den angivna l\u00e4ngden.)<\/p>\n<p>&nbsp;<\/p>\n<p><span style=\"color: #ff0000\"><strong>Ett meddelande:<\/strong><\/span><\/p>\n<p>Kontrollera linorna regelbundet f\u00f6r slitage och skador!<br \/>\nOm rep sl\u00e5s eller vrids kan de lossna under anv\u00e4ndning!<br \/>\nTv\u00e4tta inte jute rep. Det \u00e4r b\u00e4st att reng\u00f6ra med en fuktig trasa.<\/p>\n<p>&nbsp;<\/p>\n<p><strong>Leveransens omfattning:<\/strong> 7x8m och 2x4m Jute S-Edition Black 6mm EXKLUSIVT<\/p>\n<p>&nbsp;<\/p>\n<hr \/>\n<blockquote>\n<p style=\"text-align: center\"><span style=\"color: #333399\">Informationen om produkterna tillhandah\u00e5lls efter b\u00e4sta kunskap och \u00f6vertygelse. Alla m\u00e5tt \u00e4r ungef\u00e4rliga. Anv\u00e4ndningen av produkterna som erbjuds h\u00e4r i butiken sker p\u00e5 egen risk. Varje person reagerar olika p\u00e5 yttre p\u00e5verkan, p\u00e5 njutning eller sm\u00e4rta, etc. D\u00e4rf\u00f6r kan inget ansvar accepteras f\u00f6r felaktig anv\u00e4ndning.  Varje anv\u00e4ndare b\u00e4r det fulla ansvaret f\u00f6r anv\u00e4ndning eller korrekt anv\u00e4ndning av produkterna och dess of\u00f6rutsebara konsekvenser.<\/span><\/p>\n<\/blockquote>","protected":false},"excerpt":{"rendered":"<p>Grundpris: 2,68 \u20ac\/m<\/p>\n<p>Leveranstid: 5-7 dagar*<\/p>","protected":false},"featured_media":9095,"template":"","meta":[],"product_brand":[],"product_cat":[216,294,494],"product_tag":[],"class_list":{"0":"post-9052","1":"product","2":"type-product","3":"status-publish","4":"has-post-thumbnail","6":"product_cat-bondageseile","7":"product_cat-juteseile","8":"product_cat-jute-s-edition-farbig","10":"first","11":"instock","12":"taxable","13":"shipping-taxable","14":"purchasable","15":"product-type-simple"},"_links":{"self":[{"href":"https:\/\/bavarian-bondage.de\/sv\/wp-json\/wp\/v2\/product\/9052","targetHints":{"allow":["GET"]}}],"collection":[{"href":"https:\/\/bavarian-bondage.de\/sv\/wp-json\/wp\/v2\/product"}],"about":[{"href":"https:\/\/bavarian-bondage.de\/sv\/wp-json\/wp\/v2\/types\/product"}],"version-history":[{"count":4,"href":"https:\/\/bavarian-bondage.de\/sv\/wp-json\/wp\/v2\/product\/9052\/revisions"}],"predecessor-version":[{"id":14010,"href":"https:\/\/bavarian-bondage.de\/sv\/wp-json\/wp\/v2\/product\/9052\/revisions\/14010"}],"wp:featuredmedia":[{"embeddable":true,"href":"https:\/\/bavarian-bondage.de\/sv\/wp-json\/wp\/v2\/media\/9095"}],"wp:attachment":[{"href":"https:\/\/bavarian-bondage.de\/sv\/wp-json\/wp\/v2\/media?parent=9052"}],"wp:term":[{"taxonomy":"product_brand","embeddable":true,"href":"https:\/\/bavarian-bondage.de\/sv\/wp-json\/wp\/v2\/product_brand?post=9052"},{"taxonomy":"product_cat","embeddable":true,"href":"https:\/\/bavarian-bondage.de\/sv\/wp-json\/wp\/v2\/product_cat?post=9052"},{"taxonomy":"product_tag","embeddable":true,"href":"https:\/\/bavarian-bondage.de\/sv\/wp-json\/wp\/v2\/product_tag?post=9052"}],"curies":[{"name":"wp","href":"https:\/\/api.w.org\/{rel}","templated":true}]}}