{"id":9425,"date":"2023-02-02T11:38:56","date_gmt":"2023-02-02T10:38:56","guid":{"rendered":"https:\/\/bavarian-bondage.de\/?post_type=product&#038;p=9425"},"modified":"2025-09-09T13:47:36","modified_gmt":"2025-09-09T11:47:36","slug":"linhampa-rep-naturell-3mm-klassisk-enkelrep-8m","status":"publish","type":"product","link":"https:\/\/bavarian-bondage.de\/sv\/produkt\/leinenhanfseil-natur-3mm-klassik-einzelseil-8m\/","title":{"rendered":"Linhampa rep naturlig 3mm klassisk; Enkelrep 8m"},"content":{"rendered":"<h3 style=\"text-align: center\">Linhampa rep 3mm CLASSIC<\/h3>\n<p style=\"text-align: center\">3mm Classic linnehamperep \u00e4r behagligt mjukt, mycket smidigt och imponerar med sin j\u00e4mna struktur. Den \u00e4r kvistfri, luktfri och f\u00e4ller v\u00e4ldigt lite. Det treskalade hamprepet tv\u00e4ttades, br\u00f6ts, flammades och sedan oljades in. F\u00e4rgen p\u00e5 repet \u00e4r en naturlig ljusgr\u00e5 ton. \u00c4ndarna avslutades med en enkel \u00f6verhandsknut!<\/p>\n<p style=\"text-align: center\">3 mm rep \u00e4r inte avsedda f\u00f6r normal bondage. De anv\u00e4nds f\u00f6r konstn\u00e4rliga dekorationer samt f\u00f6r att binda h\u00e5ret eller ansiktet.<\/p>\n<p>&nbsp;<\/p>\n<p><strong>Detaljer:<\/strong><\/p>\n<p>Linhampa rep 3mm CLASSIC<br \/>\n3-axelsvarv<br \/>\nF\u00e4rg: ljusgr\u00e5<br \/>\n\u00d6verhandsknut<br \/>\nL\u00e4ngd: 1x8m<br \/>\n(Repl\u00e4ngden kan avvika fr\u00e5n den l\u00e4ngd som anges med upp till 3%)<\/p>\n<p>&nbsp;<\/p>\n<p><span style=\"color: #ff0000\"><strong>Ett meddelande:<\/strong><\/span><\/p>\n<p>Kontrollera linorna regelbundet f\u00f6r slitage och skador!<br \/>\nOm rep sl\u00e5s eller vrids kan de lossna under anv\u00e4ndning!<\/p>\n<p>&nbsp;<\/p>\n<p><strong>Leveransens omfattning:<\/strong> 1x8m linnehamprep 3mm CLASSIC<\/p>\n<blockquote>\n<hr \/>\n<p style=\"text-align: center\"><span style=\"color: #333399\">Informationen om produkterna tillhandah\u00e5lls efter b\u00e4sta kunskap och \u00f6vertygelse. Alla m\u00e5tt \u00e4r ungef\u00e4rliga. Anv\u00e4ndningen av produkterna som erbjuds h\u00e4r i butiken sker p\u00e5 egen risk. Varje person reagerar olika p\u00e5 yttre p\u00e5verkan, p\u00e5 njutning eller sm\u00e4rta, etc. D\u00e4rf\u00f6r kan inget ansvar accepteras f\u00f6r felaktig anv\u00e4ndning.  Varje anv\u00e4ndare b\u00e4r det fulla ansvaret f\u00f6r anv\u00e4ndning eller korrekt anv\u00e4ndning av produkterna och dess of\u00f6rutsebara konsekvenser.<\/span><\/p>\n<\/blockquote>","protected":false},"excerpt":{"rendered":"<p>Grundpris: 1,44 \u20ac\/m<\/p>\n<p>Leveranstid: 5-7 dagar*<\/p>","protected":false},"featured_media":9747,"template":"","meta":[],"product_brand":[],"product_cat":[216,217,218,496],"product_tag":[],"class_list":{"0":"post-9425","1":"product","2":"type-product","3":"status-publish","4":"has-post-thumbnail","6":"product_cat-bondageseile","7":"product_cat-leinenhanfseil","8":"product_cat-leinenhanfseil-natur","9":"product_cat-leinenhanfseil-3mm","11":"first","12":"instock","13":"taxable","14":"shipping-taxable","15":"purchasable","16":"product-type-simple"},"_links":{"self":[{"href":"https:\/\/bavarian-bondage.de\/sv\/wp-json\/wp\/v2\/product\/9425","targetHints":{"allow":["GET"]}}],"collection":[{"href":"https:\/\/bavarian-bondage.de\/sv\/wp-json\/wp\/v2\/product"}],"about":[{"href":"https:\/\/bavarian-bondage.de\/sv\/wp-json\/wp\/v2\/types\/product"}],"version-history":[{"count":7,"href":"https:\/\/bavarian-bondage.de\/sv\/wp-json\/wp\/v2\/product\/9425\/revisions"}],"predecessor-version":[{"id":13592,"href":"https:\/\/bavarian-bondage.de\/sv\/wp-json\/wp\/v2\/product\/9425\/revisions\/13592"}],"wp:featuredmedia":[{"embeddable":true,"href":"https:\/\/bavarian-bondage.de\/sv\/wp-json\/wp\/v2\/media\/9747"}],"wp:attachment":[{"href":"https:\/\/bavarian-bondage.de\/sv\/wp-json\/wp\/v2\/media?parent=9425"}],"wp:term":[{"taxonomy":"product_brand","embeddable":true,"href":"https:\/\/bavarian-bondage.de\/sv\/wp-json\/wp\/v2\/product_brand?post=9425"},{"taxonomy":"product_cat","embeddable":true,"href":"https:\/\/bavarian-bondage.de\/sv\/wp-json\/wp\/v2\/product_cat?post=9425"},{"taxonomy":"product_tag","embeddable":true,"href":"https:\/\/bavarian-bondage.de\/sv\/wp-json\/wp\/v2\/product_tag?post=9425"}],"curies":[{"name":"wp","href":"https:\/\/api.w.org\/{rel}","templated":true}]}}