{"id":9569,"date":"2023-02-15T12:46:17","date_gmt":"2023-02-15T11:46:17","guid":{"rendered":"https:\/\/bavarian-bondage.de\/?post_type=product&#038;p=9569"},"modified":"2026-03-19T07:02:01","modified_gmt":"2026-03-19T06:02:01","slug":"kupong","status":"publish","type":"product","link":"https:\/\/bavarian-bondage.de\/sv\/produkt\/gutschein\/","title":{"rendered":"Kupong"},"content":{"rendered":"<h3 style=\"text-align: center\">Kupong<\/h3>\n<h3 style=\"text-align: center\"><span style=\"color: #0000ff\">V\u00e4nligen best\u00e4ll kuponger separat fr\u00e5n andra produkter<\/span><\/h3>\n<p style=\"text-align: center\">Den perfekta presenten f\u00f6r m\u00e5nga tillf\u00e4llen! Ge bort i present och g\u00f6r dig glad!<\/p>\n<p style=\"text-align: center\">P\u00e5 grund av stor efterfr\u00e5gan erbjuder vi nu \u00e4ven presentkort. Dessa kan l\u00f6sas in h\u00e4r i v\u00e5r butik. Vi skickar din ifyllda presentkort kostnadsfritt till dig med posten. Om du beh\u00f6ver den snarast kan vi \u00e4ven skicka den till dig via e-post s\u00e5 att du kan skriva ut den sj\u00e4lv.<\/p>\n<p style=\"text-align: center\">Verifikationskoden finns l\u00e4ngst ner till v\u00e4nster och skickas separat via e-post vid post. Det finns fortfarande plats f\u00f6r dina personliga ord p\u00e5 baksidan!<\/p>\n<p>&nbsp;<\/p>\n<p><strong>Detaljer:<\/strong><\/p>\n<p>M\u00e5tt: 10,7 cm x 21,2 cm<\/p>\n<p>Giltighet: 2 \u00e5r efter k\u00f6p<\/p>\n<p>&nbsp;<\/p>\n<p><span style=\"color: #ff0000\"><strong>Ett meddelande:<\/strong><\/span><\/p>\n<ul>\n<li>Flera kuponger kan l\u00f6sas in samtidigt.<\/li>\n<li>Kupongen kan endast l\u00f6sas in i sin helhet.<\/li>\n<li>Delvis inl\u00f6sen och uttag \u00e4r inte m\u00f6jliga.<\/li>\n<\/ul>\n<p>&nbsp;<\/p>\n<p><strong>Leveransens omfattning:<\/strong> En kupong (valbart v\u00e4rde), skickas via brev eller e-post<\/p>\n<p>&nbsp;<\/p>\n<hr \/>\n<blockquote>\n<p style=\"text-align: center\"><span style=\"color: #333399\">Informationen om produkterna tillhandah\u00e5lls efter b\u00e4sta kunskap och \u00f6vertygelse. Alla m\u00e5tt \u00e4r ungef\u00e4rliga. Anv\u00e4ndningen av produkterna som erbjuds h\u00e4r i butiken sker p\u00e5 egen risk. Varje person reagerar olika p\u00e5 yttre p\u00e5verkan, p\u00e5 njutning eller sm\u00e4rta, etc. D\u00e4rf\u00f6r kan inget ansvar accepteras f\u00f6r felaktig anv\u00e4ndning.  Varje anv\u00e4ndare b\u00e4r det fulla ansvaret f\u00f6r anv\u00e4ndning eller korrekt anv\u00e4ndning av produkterna och dess of\u00f6rutsebara konsekvenser.<\/span><\/p>\n<\/blockquote>","protected":false},"excerpt":{"rendered":"<p>Leveranstid: 5-7 dagar*<\/p>","protected":false},"featured_media":9668,"template":"","meta":[],"product_brand":[],"product_cat":[223,222],"product_tag":[],"class_list":{"0":"post-9569","1":"product","2":"type-product","3":"status-publish","4":"has-post-thumbnail","6":"product_cat-zubehoer","7":"product_cat-alle-produkte","9":"first","10":"instock","11":"purchasable","12":"product-type-variable"},"_links":{"self":[{"href":"https:\/\/bavarian-bondage.de\/sv\/wp-json\/wp\/v2\/product\/9569","targetHints":{"allow":["GET"]}}],"collection":[{"href":"https:\/\/bavarian-bondage.de\/sv\/wp-json\/wp\/v2\/product"}],"about":[{"href":"https:\/\/bavarian-bondage.de\/sv\/wp-json\/wp\/v2\/types\/product"}],"version-history":[{"count":5,"href":"https:\/\/bavarian-bondage.de\/sv\/wp-json\/wp\/v2\/product\/9569\/revisions"}],"predecessor-version":[{"id":16990,"href":"https:\/\/bavarian-bondage.de\/sv\/wp-json\/wp\/v2\/product\/9569\/revisions\/16990"}],"wp:featuredmedia":[{"embeddable":true,"href":"https:\/\/bavarian-bondage.de\/sv\/wp-json\/wp\/v2\/media\/9668"}],"wp:attachment":[{"href":"https:\/\/bavarian-bondage.de\/sv\/wp-json\/wp\/v2\/media?parent=9569"}],"wp:term":[{"taxonomy":"product_brand","embeddable":true,"href":"https:\/\/bavarian-bondage.de\/sv\/wp-json\/wp\/v2\/product_brand?post=9569"},{"taxonomy":"product_cat","embeddable":true,"href":"https:\/\/bavarian-bondage.de\/sv\/wp-json\/wp\/v2\/product_cat?post=9569"},{"taxonomy":"product_tag","embeddable":true,"href":"https:\/\/bavarian-bondage.de\/sv\/wp-json\/wp\/v2\/product_tag?post=9569"}],"curies":[{"name":"wp","href":"https:\/\/api.w.org\/{rel}","templated":true}]}}