{"id":9979,"date":"2023-04-16T12:22:48","date_gmt":"2023-04-16T10:22:48","guid":{"rendered":"https:\/\/bavarian-bondage.de\/?post_type=product&#038;p=9979"},"modified":"2026-03-23T17:02:29","modified_gmt":"2026-03-23T16:02:29","slug":"snygg-roed-55mm","status":"publish","type":"product","link":"https:\/\/bavarian-bondage.de\/sv\/produkt\/posh-rot-55mm\/","title":{"rendered":"Posh Red 5,5 mm"},"content":{"rendered":"<h3 style=\"text-align: center\">Posh Red 5,5 mm<\/h3>\n<p style=\"text-align: center\">De f\u00e4rgglada polyesterrepen \u00e4r modellerade p\u00e5 slagen hampa och jute. Eftersom de kan tv\u00e4ttas och torkas utan st\u00f6rre anstr\u00e4ngning och inte drar ihop sig n\u00e4r de kommer i kontakt med vatten, \u00e4r repen idealiska f\u00f6r utomhusbruk.<\/p>\n<p style=\"text-align: center\">Polyesterlinorna har en brottbelastning som \u00e4r ungef\u00e4r dubbelt s\u00e5 h\u00f6g som hamparep med samma diameter och \u00e4r \u00e4ven ett bra alternativ till naturfibrer f\u00f6r m\u00e5nga allergiker. N\u00e4stan inget ludd, mjukt p\u00e5 huden och den mycket liknande k\u00e4nslan som naturfiberrep g\u00f6r Posh-linorna till ett intressant alternativ f\u00f6r m\u00e5nga applikationer.<\/p>\n<p style=\"text-align: center\">Till skillnad fr\u00e5n de flesta plastrep f\u00f6rblir knutar stabila och kan relativt enkelt \u00f6ppnas igen. Repen str\u00e4cker sig knappt och genererar inte mycket v\u00e4rme n\u00e4r de dras snabbt \u00f6ver huden.<\/p>\n<p style=\"text-align: center\"><strong>Viktig<\/strong>: Plast kan inte flamma och oljor eller vaxer rekommenderas inte!<\/p>\n<p style=\"text-align: center\"><span style=\"color: #ff0000\"><strong>Anv\u00e4nd alltid en karbinhake f\u00f6r upph\u00e4ngning och undvik friktion mellan rep och rep.<\/strong><\/span><\/p>\n<p><strong>Detaljer:<\/strong><\/p>\n<p>Snyggt rep 5,5 mm EXKLUSIVT<br \/>\n3-axelsvarv<br \/>\nF\u00e4rg: R\u00f6d<br \/>\nTrisk knut<br \/>\nMaterial: polyester<br \/>\nAntal: Valbar version<br \/>\n(Repl\u00e4ngden kan avvika fr\u00e5n den l\u00e4ngd som anges med upp till 3%)<\/p>\n<p>&nbsp;<\/p>\n<p><span style=\"color: #ff0000\"><strong>Ett meddelande:<\/strong><\/span><\/p>\n<p>Kontrollera linorna regelbundet f\u00f6r slitage och skador!<br \/>\nOm rep sl\u00e5s eller vrids kan de lossna under anv\u00e4ndning!<\/p>\n<p>&nbsp;<\/p>\n<p><strong>Leveransens omfattning:<\/strong> Fint rep 5,5 mm r\u00f6tt; Valbar version<\/p>\n<hr \/>\n<blockquote>\n<p style=\"text-align: center\"><span style=\"color: #333399\">Informationen om produkterna tillhandah\u00e5lls efter b\u00e4sta kunskap och \u00f6vertygelse. Alla m\u00e5tt \u00e4r ungef\u00e4rliga. Anv\u00e4ndningen av produkterna som erbjuds h\u00e4r i butiken sker p\u00e5 egen risk. Varje person reagerar olika p\u00e5 yttre p\u00e5verkan, p\u00e5 njutning eller sm\u00e4rta, etc. D\u00e4rf\u00f6r kan inget ansvar accepteras f\u00f6r felaktig anv\u00e4ndning.  Varje anv\u00e4ndare b\u00e4r det fulla ansvaret f\u00f6r anv\u00e4ndning eller korrekt anv\u00e4ndning av produkterna och dess of\u00f6rutsebara konsekvenser.<\/span><\/p>\n<\/blockquote>","protected":false},"excerpt":{"rendered":"<p>Leveranstid: 5-7 dagar*<\/p>","protected":false},"featured_media":10072,"template":"","meta":[],"product_brand":[],"product_cat":[515,216,222],"product_tag":[],"class_list":{"0":"post-9979","1":"product","2":"type-product","3":"status-publish","4":"has-post-thumbnail","6":"product_cat-posh","7":"product_cat-bondageseile","8":"product_cat-alle-produkte","10":"first","11":"instock","12":"taxable","13":"shipping-taxable","14":"purchasable","15":"product-type-variable"},"_links":{"self":[{"href":"https:\/\/bavarian-bondage.de\/sv\/wp-json\/wp\/v2\/product\/9979","targetHints":{"allow":["GET"]}}],"collection":[{"href":"https:\/\/bavarian-bondage.de\/sv\/wp-json\/wp\/v2\/product"}],"about":[{"href":"https:\/\/bavarian-bondage.de\/sv\/wp-json\/wp\/v2\/types\/product"}],"version-history":[{"count":4,"href":"https:\/\/bavarian-bondage.de\/sv\/wp-json\/wp\/v2\/product\/9979\/revisions"}],"predecessor-version":[{"id":16962,"href":"https:\/\/bavarian-bondage.de\/sv\/wp-json\/wp\/v2\/product\/9979\/revisions\/16962"}],"wp:featuredmedia":[{"embeddable":true,"href":"https:\/\/bavarian-bondage.de\/sv\/wp-json\/wp\/v2\/media\/10072"}],"wp:attachment":[{"href":"https:\/\/bavarian-bondage.de\/sv\/wp-json\/wp\/v2\/media?parent=9979"}],"wp:term":[{"taxonomy":"product_brand","embeddable":true,"href":"https:\/\/bavarian-bondage.de\/sv\/wp-json\/wp\/v2\/product_brand?post=9979"},{"taxonomy":"product_cat","embeddable":true,"href":"https:\/\/bavarian-bondage.de\/sv\/wp-json\/wp\/v2\/product_cat?post=9979"},{"taxonomy":"product_tag","embeddable":true,"href":"https:\/\/bavarian-bondage.de\/sv\/wp-json\/wp\/v2\/product_tag?post=9979"}],"curies":[{"name":"wp","href":"https:\/\/api.w.org\/{rel}","templated":true}]}}