{"id":9987,"date":"2023-04-16T12:24:38","date_gmt":"2023-04-16T10:24:38","guid":{"rendered":"https:\/\/bavarian-bondage.de\/?post_type=product&#038;p=9987"},"modified":"2026-03-09T09:17:38","modified_gmt":"2026-03-09T08:17:38","slug":"posh-rosa-55mm","status":"publish","type":"product","link":"https:\/\/bavarian-bondage.de\/sv\/produkt\/posh-pink-55mm\/","title":{"rendered":"Posh Pink 5,5 mm"},"content":{"rendered":"<h3 style=\"text-align: center\">Posh Pink 5,5 mm<\/h3>\n<p style=\"text-align: center\">De f\u00e4rgglada polyesterrepen \u00e4r modellerade efter tvinnade hampa- och juterep. Eftersom de \u00e4r l\u00e4tta att tv\u00e4tta och torka och inte krymper vid kontakt med vatten, \u00e4r repen idealiska f\u00f6r utomhusbruk.<\/p>\n<p style=\"text-align: center\">Polyesterrep har ungef\u00e4r dubbelt s\u00e5 h\u00f6g brottstyrka som hamparep med samma diameter och \u00e4r ocks\u00e5 ett bra alternativ till naturfibrer f\u00f6r m\u00e5nga allergiker. Praktiskt taget luddfritt, mjukt mot huden och en mycket lik k\u00e4nsla som naturfiberrep g\u00f6r Posh-rep till ett attraktivt alternativ f\u00f6r m\u00e5nga till\u00e4mpningar.<\/p>\n<p style=\"text-align: center\">Till skillnad fr\u00e5n de flesta plastrep f\u00f6rblir knutar stabila och kan relativt enkelt \u00f6ppnas igen. Repen str\u00e4cker sig knappt och genererar inte mycket v\u00e4rme n\u00e4r de dras snabbt \u00f6ver huden.<\/p>\n<p style=\"text-align: center\"><strong>Viktig<\/strong>: Plast kan inte flamma och oljor eller vaxer rekommenderas inte!<\/p>\n<p style=\"text-align: center\"><span style=\"color: #ff0000\"><strong>Anv\u00e4nd alltid en karbinhake f\u00f6r upph\u00e4ngning och undvik friktion mellan rep och rep.<\/strong><\/span><\/p>\n<p><strong>Detaljer:<\/strong><\/p>\n<p>Snyggt rep 5,5 mm EXKLUSIVT<br \/>\n3-axelsvarv<br \/>\nF\u00e4rg: Rosa<br \/>\nTrisk knut<br \/>\nMaterial: polyester<br \/>\nAntal: Valbar version<br \/>\n(Repl\u00e4ngden kan avvika med upp till 3% fr\u00e5n den angivna l\u00e4ngden.)<\/p>\n<p>&nbsp;<\/p>\n<p><span style=\"color: #ff0000\"><strong>Ett meddelande:<\/strong><\/span><\/p>\n<p>Kontrollera linorna regelbundet f\u00f6r slitage och skador!<br \/>\nOm rep sl\u00e5s eller vrids kan de lossna under anv\u00e4ndning!<\/p>\n<p>&nbsp;<\/p>\n<p><strong>Leveransens omfattning:<\/strong> Posh rep 5,5 mm rosa; Valbar version<\/p>\n<hr \/>\n<blockquote>\n<p style=\"text-align: center\"><span style=\"color: #333399\">Informationen om produkterna tillhandah\u00e5lls efter b\u00e4sta kunskap och \u00f6vertygelse. Alla m\u00e5tt \u00e4r ungef\u00e4rliga. Anv\u00e4ndningen av produkterna som erbjuds h\u00e4r i butiken sker p\u00e5 egen risk. Varje person reagerar olika p\u00e5 yttre p\u00e5verkan, p\u00e5 njutning eller sm\u00e4rta, etc. D\u00e4rf\u00f6r kan inget ansvar accepteras f\u00f6r felaktig anv\u00e4ndning.  Varje anv\u00e4ndare b\u00e4r det fulla ansvaret f\u00f6r anv\u00e4ndning eller korrekt anv\u00e4ndning av produkterna och dess of\u00f6rutsebara konsekvenser.<\/span><\/p>\n<\/blockquote>","protected":false},"excerpt":{"rendered":"<p>Leveranstid: 5-7 dagar*<\/p>","protected":false},"featured_media":10120,"template":"","meta":[],"product_brand":[],"product_cat":[216,222,515],"product_tag":[],"class_list":{"0":"post-9987","1":"product","2":"type-product","3":"status-publish","4":"has-post-thumbnail","6":"product_cat-bondageseile","7":"product_cat-alle-produkte","8":"product_cat-posh","10":"first","11":"instock","12":"taxable","13":"shipping-taxable","14":"purchasable","15":"product-type-variable"},"_links":{"self":[{"href":"https:\/\/bavarian-bondage.de\/sv\/wp-json\/wp\/v2\/product\/9987","targetHints":{"allow":["GET"]}}],"collection":[{"href":"https:\/\/bavarian-bondage.de\/sv\/wp-json\/wp\/v2\/product"}],"about":[{"href":"https:\/\/bavarian-bondage.de\/sv\/wp-json\/wp\/v2\/types\/product"}],"version-history":[{"count":5,"href":"https:\/\/bavarian-bondage.de\/sv\/wp-json\/wp\/v2\/product\/9987\/revisions"}],"predecessor-version":[{"id":16744,"href":"https:\/\/bavarian-bondage.de\/sv\/wp-json\/wp\/v2\/product\/9987\/revisions\/16744"}],"wp:featuredmedia":[{"embeddable":true,"href":"https:\/\/bavarian-bondage.de\/sv\/wp-json\/wp\/v2\/media\/10120"}],"wp:attachment":[{"href":"https:\/\/bavarian-bondage.de\/sv\/wp-json\/wp\/v2\/media?parent=9987"}],"wp:term":[{"taxonomy":"product_brand","embeddable":true,"href":"https:\/\/bavarian-bondage.de\/sv\/wp-json\/wp\/v2\/product_brand?post=9987"},{"taxonomy":"product_cat","embeddable":true,"href":"https:\/\/bavarian-bondage.de\/sv\/wp-json\/wp\/v2\/product_cat?post=9987"},{"taxonomy":"product_tag","embeddable":true,"href":"https:\/\/bavarian-bondage.de\/sv\/wp-json\/wp\/v2\/product_tag?post=9987"}],"curies":[{"name":"wp","href":"https:\/\/api.w.org\/{rel}","templated":true}]}}